{"id":44473,"date":"2025-04-10T12:11:37","date_gmt":"2025-04-10T10:11:37","guid":{"rendered":"https:\/\/myspainfood.com\/producto\/mosolygos-mackok-rajzolasa-1-kg-damel\/"},"modified":"2025-04-10T12:11:37","modified_gmt":"2025-04-10T10:11:37","slug":"mosolygos-mackok-rajzolasa-1-kg-damel","status":"publish","type":"product","link":"https:\/\/myspainfood.com\/hu\/producto\/mosolygos-mackok-rajzolasa-1-kg-damel\/","title":{"rendered":"Mosolyg\u00f3s mack\u00f3k rajzol\u00e1sa 1 kg DAMEL"},"content":{"rendered":"","protected":false},"excerpt":{"rendered":"<p>Damel egy sz\u00f3rakoztat\u00f3 vil\u00e1g, amely j\u00f3 \u00e9rz\u00e9ssel t\u00f6lti el az embert. Minden alkalommal, amikor kinyitsz egy zacsk\u00f3 Damel-t, az el\u00e9gedetts\u00e9g \u00e9s az \u00e9lvezet mosolya \u00fcl ki az arcodra.<\/p>\n<p>A Dameln\u00e9l kiv\u00e1l\u00f3 min\u0151s\u00e9g\u0171, \u00edzekben, sz\u00ednekben \u00e9s text\u00far\u00e1kban gazdag term\u00e9kek sz\u00e9les v\u00e1laszt\u00e9k\u00e1t tal\u00e1lja. B\u00e1rmikor \u00e9s b\u00e1rmilyen alkalomra \u00d6nnek tervezve: a kis tasakokt\u00f3l kezdve a nagy form\u00e1tumokon \u00e1t a vegyes \u00edzekig vagy az \u00d6n \u00e1ltal legjobban szeretett \u00edzekig! <\/p>\n","protected":false},"featured_media":13843,"template":"","meta":{"_et_pb_use_builder":"","_et_pb_old_content":"","_et_gb_content_width":""},"product_brand":[1435],"product_cat":[7748,1955],"product_tag":[],"class_list":{"0":"post-44473","1":"product","2":"type-product","3":"status-publish","4":"has-post-thumbnail","6":"product_brand-damel","7":"product_cat-karacsonyi-kulonkiadas","8":"product_cat-megorzi-a","10":"first","11":"outofstock","12":"taxable","13":"shipping-taxable","14":"purchasable","15":"product-type-simple"},"_links":{"self":[{"href":"https:\/\/myspainfood.com\/hu\/wp-json\/wp\/v2\/product\/44473","targetHints":{"allow":["GET"]}}],"collection":[{"href":"https:\/\/myspainfood.com\/hu\/wp-json\/wp\/v2\/product"}],"about":[{"href":"https:\/\/myspainfood.com\/hu\/wp-json\/wp\/v2\/types\/product"}],"wp:featuredmedia":[{"embeddable":true,"href":"https:\/\/myspainfood.com\/hu\/wp-json\/wp\/v2\/media\/13843"}],"wp:attachment":[{"href":"https:\/\/myspainfood.com\/hu\/wp-json\/wp\/v2\/media?parent=44473"}],"wp:term":[{"taxonomy":"product_brand","embeddable":true,"href":"https:\/\/myspainfood.com\/hu\/wp-json\/wp\/v2\/product_brand?post=44473"},{"taxonomy":"product_cat","embeddable":true,"href":"https:\/\/myspainfood.com\/hu\/wp-json\/wp\/v2\/product_cat?post=44473"},{"taxonomy":"product_tag","embeddable":true,"href":"https:\/\/myspainfood.com\/hu\/wp-json\/wp\/v2\/product_tag?post=44473"}],"curies":[{"name":"wp","href":"https:\/\/api.w.org\/{rel}","templated":true}]}}