{"id":44538,"date":"2025-04-10T12:11:39","date_gmt":"2025-04-10T10:11:39","guid":{"rendered":"https:\/\/myspainfood.com\/producto\/uj-zelandi-kagylo-sult-pacolt-martasban-7-10-db-portonovo\/"},"modified":"2025-04-10T12:11:39","modified_gmt":"2025-04-10T10:11:39","slug":"uj-zelandi-kagylo-sult-pacolt-martasban-7-10-db-portonovo","status":"publish","type":"product","link":"https:\/\/myspainfood.com\/hu\/producto\/uj-zelandi-kagylo-sult-pacolt-martasban-7-10-db-portonovo\/","title":{"rendered":"\u00daj-z\u00e9landi kagyl\u00f3 s\u00fclt p\u00e1colt m\u00e1rt\u00e1sban 7-10 db Portonovo"},"content":{"rendered":"<p>Napraforg\u00f3olajban f\u0151zve \u00e9s s\u00fctve. A byssusokat k\u00e9zzel t\u00e1vol\u00edtj\u00e1k el \u00e9s egyenk\u00e9nt csomagolj\u00e1k. Teljesen term\u00e9szetes alapanyagokb\u00f3l k\u00e9sz\u00fclt egyedi p\u00e1ccal k\u00eds\u00e9rve. Ingredients: \u00daj-z\u00e9landi kagyl\u00f3, escabeche (napraforg\u00f3olaj, v\u00f6r\u00f6sborecet, v\u00edz, term\u00e9szetes arom\u00e1k, f\u0171szerek \u00e9s s\u00f3).   <\/p>\n","protected":false},"excerpt":{"rendered":"<p>Napraforg\u00f3olajban f\u0151zve \u00e9s s\u00fctve. A byssusokat k\u00e9zzel t\u00e1vol\u00edtj\u00e1k el \u00e9s egyenk\u00e9nt csomagolj\u00e1k. Teljesen term\u00e9szetes alapanyagokb\u00f3l k\u00e9sz\u00fclt egyedi p\u00e1ccal k\u00eds\u00e9rve. Ingredients: \u00daj-z\u00e9landi kagyl\u00f3, escabeche (napraforg\u00f3olaj, v\u00f6r\u00f6sborecet, v\u00edz, term\u00e9szetes arom\u00e1k, f\u0171szerek \u00e9s s\u00f3).<\/p>\n","protected":false},"featured_media":14014,"template":"","meta":{"_et_pb_use_builder":"","_et_pb_old_content":"","_et_gb_content_width":""},"product_brand":[1428],"product_cat":[3890,1955],"product_tag":[],"class_list":{"0":"post-44538","1":"product","2":"type-product","3":"status-publish","4":"has-post-thumbnail","6":"product_brand-portonovo","7":"product_cat-kagylo-hu","8":"product_cat-megorzi-a","10":"first","11":"instock","12":"taxable","13":"shipping-taxable","14":"purchasable","15":"product-type-variable"},"_links":{"self":[{"href":"https:\/\/myspainfood.com\/hu\/wp-json\/wp\/v2\/product\/44538","targetHints":{"allow":["GET"]}}],"collection":[{"href":"https:\/\/myspainfood.com\/hu\/wp-json\/wp\/v2\/product"}],"about":[{"href":"https:\/\/myspainfood.com\/hu\/wp-json\/wp\/v2\/types\/product"}],"wp:featuredmedia":[{"embeddable":true,"href":"https:\/\/myspainfood.com\/hu\/wp-json\/wp\/v2\/media\/14014"}],"wp:attachment":[{"href":"https:\/\/myspainfood.com\/hu\/wp-json\/wp\/v2\/media?parent=44538"}],"wp:term":[{"taxonomy":"product_brand","embeddable":true,"href":"https:\/\/myspainfood.com\/hu\/wp-json\/wp\/v2\/product_brand?post=44538"},{"taxonomy":"product_cat","embeddable":true,"href":"https:\/\/myspainfood.com\/hu\/wp-json\/wp\/v2\/product_cat?post=44538"},{"taxonomy":"product_tag","embeddable":true,"href":"https:\/\/myspainfood.com\/hu\/wp-json\/wp\/v2\/product_tag?post=44538"}],"curies":[{"name":"wp","href":"https:\/\/api.w.org\/{rel}","templated":true}]}}