{"id":44564,"date":"2025-04-10T12:11:39","date_gmt":"2025-04-10T10:11:39","guid":{"rendered":"https:\/\/myspainfood.com\/producto\/sanmer-fekete-gyongyozo-olajbogyo-314-ml\/"},"modified":"2025-04-10T12:11:39","modified_gmt":"2025-04-10T10:11:39","slug":"sanmer-fekete-gyongyozo-olajbogyo-314-ml","status":"publish","type":"product","link":"https:\/\/myspainfood.com\/hu\/producto\/sanmer-fekete-gyongyozo-olajbogyo-314-ml\/","title":{"rendered":"Sanmer fekete gy\u00f6ngy\u00f6z\u0151 olajbogy\u00f3 314 ml"},"content":{"rendered":"<p>Intenz\u00edv fekete sz\u00edn, er\u0151s f\u00e9ny, l\u00e9d\u00fas h\u00fas \u00e9s kellemes text\u00fara. Nagyszer\u0171 k\u00eds\u00e9r\u0151je friss sal\u00e1t\u00e1knak \u00e9s pizz\u00e1knak, \u00edzletes b\u00e1rmilyen enyhe \u00e9telhez. <\/p>\n","protected":false},"excerpt":{"rendered":"<p>Intenz\u00edv fekete sz\u00edn, er\u0151s f\u00e9ny, l\u00e9d\u00fas h\u00fas \u00e9s kellemes text\u00fara. Nagyszer\u0171 k\u00eds\u00e9r\u0151je friss sal\u00e1t\u00e1knak \u00e9s pizz\u00e1knak, \u00edzletes b\u00e1rmilyen enyhe \u00e9telhez.<\/p>\n","protected":false},"featured_media":13951,"template":"","meta":{"_et_pb_use_builder":"","_et_pb_old_content":"","_et_gb_content_width":""},"product_brand":[1069,1303],"product_cat":[1569,1568],"product_tag":[7070,2048],"class_list":{"0":"post-44564","1":"product","2":"type-product","3":"status-publish","4":"has-post-thumbnail","6":"product_brand-sangar","7":"product_brand-sanmer","8":"product_cat-olajbogyo","9":"product_cat-savanyusagok","10":"product_tag-fekete","11":"product_tag-kamilla","13":"first","14":"outofstock","15":"taxable","16":"shipping-taxable","17":"product-type-variable"},"_links":{"self":[{"href":"https:\/\/myspainfood.com\/hu\/wp-json\/wp\/v2\/product\/44564","targetHints":{"allow":["GET"]}}],"collection":[{"href":"https:\/\/myspainfood.com\/hu\/wp-json\/wp\/v2\/product"}],"about":[{"href":"https:\/\/myspainfood.com\/hu\/wp-json\/wp\/v2\/types\/product"}],"wp:featuredmedia":[{"embeddable":true,"href":"https:\/\/myspainfood.com\/hu\/wp-json\/wp\/v2\/media\/13951"}],"wp:attachment":[{"href":"https:\/\/myspainfood.com\/hu\/wp-json\/wp\/v2\/media?parent=44564"}],"wp:term":[{"taxonomy":"product_brand","embeddable":true,"href":"https:\/\/myspainfood.com\/hu\/wp-json\/wp\/v2\/product_brand?post=44564"},{"taxonomy":"product_cat","embeddable":true,"href":"https:\/\/myspainfood.com\/hu\/wp-json\/wp\/v2\/product_cat?post=44564"},{"taxonomy":"product_tag","embeddable":true,"href":"https:\/\/myspainfood.com\/hu\/wp-json\/wp\/v2\/product_tag?post=44564"}],"curies":[{"name":"wp","href":"https:\/\/api.w.org\/{rel}","templated":true}]}}