{"id":44603,"date":"2025-04-10T12:11:40","date_gmt":"2025-04-10T10:11:40","guid":{"rendered":"https:\/\/myspainfood.com\/producto\/nieva-cojonudos-feher-sparga-extra-13-16-nagyon-vastag\/"},"modified":"2025-04-10T12:11:40","modified_gmt":"2025-04-10T10:11:40","slug":"nieva-cojonudos-feher-sparga-extra-13-16-nagyon-vastag","status":"publish","type":"product","link":"https:\/\/myspainfood.com\/hu\/producto\/nieva-cojonudos-feher-sparga-extra-13-16-nagyon-vastag\/","title":{"rendered":"Nieva &#8221;Cojonudos&#8221; feh\u00e9r sp\u00e1rga Extra 13\/16 Nagyon vastag"},"content":{"rendered":"<p>Mer\u00fclj\u00f6n el a Nieva nagyon vastag feh\u00e9r sp\u00e1rg\u00e1j\u00e1nak finoms\u00e1g\u00e1ban, \u00e9s fedezze fel az egyed\u00fcl\u00e1ll\u00f3 kulin\u00e1ris \u00e9lm\u00e9nyt! Minden sp\u00e1rg\u00e1t gondosan v\u00e1logatnak \u00e9s a legterm\u00e9kenyebb f\u00f6ldeken termesztenek, garant\u00e1lva a legmagasabb min\u0151s\u00e9get \u00e9s frissess\u00e9get minden egyes falatban. <\/p>\n<p>A Nieva m\u00e1rk\u00e1j\u00fa feh\u00e9r sp\u00e1rg\u00e1k b\u0151s\u00e9ges m\u00e9ret\u00fckkel \u00e9s szil\u00e1rd, l\u00e9d\u00fas \u00e1llagukkal t\u0171nnek ki. A kiv\u00e9telesen nagy \u00e1tm\u00e9r\u0151j\u0171 sp\u00e1rga t\u00f6k\u00e9letes v\u00e1laszt\u00e1s azok sz\u00e1m\u00e1ra, akik minden adagban intenz\u00edv \u00edzt \u00e9s finom \u00e1llagot keresnek. <\/p>\n<p>A leggondosabban m\u0171velt f\u00f6ldekr\u0151l sz\u00e1rmaz\u00f3 \u00e9s optim\u00e1lis \u00e9retts\u00e9gi \u00e1llapotban betakar\u00edtott feh\u00e9r sp\u00e1rg\u00e1nk a term\u00e9szet kincse, amely elk\u00e1pr\u00e1ztatja az \u00edzlel\u0151bimb\u00f3kat \u00e9s \u00faj gasztron\u00f3miai magass\u00e1gokba emeli az \u00e9teleket.<\/p>\n<p>\u00c9lvezze enyhe, enyh\u00e9n keserny\u00e9s \u00edz\u00fcket \u00e9s zsenge, de m\u00e9gis kem\u00e9ny szerkezet\u00fcket. Ak\u00e1r a f\u0151\u00e9telek k\u00f6retek\u00e9nt, ak\u00e1r friss sal\u00e1t\u00e1khoz adva, ak\u00e1r \u00ednyenc receptekbe be\u00e9p\u00edtve, a Nieva nagyon vastag feh\u00e9r sp\u00e1rg\u00e1ja t\u00f6k\u00e9letes v\u00e1laszt\u00e1s a finom konyha kedvel\u0151i sz\u00e1m\u00e1ra. <\/p>\n<p>Lepje meg vend\u00e9geit feh\u00e9r sp\u00e1rg\u00e1nk gasztron\u00f3miai kiv\u00e1l\u00f3s\u00e1g\u00e1val, \u00e9s tegyen minden \u00e9tkez\u00e9st felejthetetlen \u00e9lm\u00e9nny\u00e9. Szerezze be most, \u00e9s fedezze fel, mi\u00e9rt a Nieva a kiv\u00e9teles min\u0151s\u00e9g \u00e9s az \u00edzek szinonim\u00e1ja minden falatn\u00e1l! <\/p>\n","protected":false},"excerpt":{"rendered":"<p>Mer\u00fclj\u00f6n el a Nieva nagyon vastag feh\u00e9r sp\u00e1rg\u00e1j\u00e1nak finoms\u00e1g\u00e1ban, \u00e9s fedezze fel az egyed\u00fcl\u00e1ll\u00f3 kulin\u00e1ris \u00e9lm\u00e9nyt! Minden sp\u00e1rg\u00e1t gondosan v\u00e1logatnak \u00e9s a legterm\u00e9kenyebb f\u00f6ldeken termesztenek, garant\u00e1lva a legmagasabb min\u0151s\u00e9get \u00e9s frissess\u00e9get minden egyes falatban. <\/p>\n","protected":false},"featured_media":14113,"template":"","meta":{"_et_pb_use_builder":"","_et_pb_old_content":"","_et_gb_content_width":""},"product_brand":[1458],"product_cat":[1955,6352],"product_tag":[],"class_list":{"0":"post-44603","1":"product","2":"type-product","3":"status-publish","4":"has-post-thumbnail","6":"product_brand-nieva-cojonudos","7":"product_cat-megorzi-a","8":"product_cat-sparga","10":"first","11":"outofstock","12":"taxable","13":"shipping-taxable","14":"product-type-variable"},"_links":{"self":[{"href":"https:\/\/myspainfood.com\/hu\/wp-json\/wp\/v2\/product\/44603","targetHints":{"allow":["GET"]}}],"collection":[{"href":"https:\/\/myspainfood.com\/hu\/wp-json\/wp\/v2\/product"}],"about":[{"href":"https:\/\/myspainfood.com\/hu\/wp-json\/wp\/v2\/types\/product"}],"wp:featuredmedia":[{"embeddable":true,"href":"https:\/\/myspainfood.com\/hu\/wp-json\/wp\/v2\/media\/14113"}],"wp:attachment":[{"href":"https:\/\/myspainfood.com\/hu\/wp-json\/wp\/v2\/media?parent=44603"}],"wp:term":[{"taxonomy":"product_brand","embeddable":true,"href":"https:\/\/myspainfood.com\/hu\/wp-json\/wp\/v2\/product_brand?post=44603"},{"taxonomy":"product_cat","embeddable":true,"href":"https:\/\/myspainfood.com\/hu\/wp-json\/wp\/v2\/product_cat?post=44603"},{"taxonomy":"product_tag","embeddable":true,"href":"https:\/\/myspainfood.com\/hu\/wp-json\/wp\/v2\/product_tag?post=44603"}],"curies":[{"name":"wp","href":"https:\/\/api.w.org\/{rel}","templated":true}]}}