{"id":44634,"date":"2025-04-10T12:11:40","date_gmt":"2025-04-10T10:11:40","guid":{"rendered":"https:\/\/myspainfood.com\/producto\/salmorejo-cordobes-extra-szuz-olivaolaj-arteoliva-1-liter\/"},"modified":"2026-01-29T12:02:22","modified_gmt":"2026-01-29T11:02:22","slug":"salmorejo-cordobes-extra-szuz-olivaolaj-arteoliva-1-liter","status":"publish","type":"product","link":"https:\/\/myspainfood.com\/hu\/producto\/salmorejo-cordobes-extra-szuz-olivaolaj-arteoliva-1-liter\/","title":{"rendered":"Salmorejo Cordob\u00e9s extra sz\u0171z ol\u00edvaolaj ArteOliva 1 liter"},"content":{"rendered":"<p>Tipikus c\u00f3rdobai hidegkr\u00e9m, amely f\u0151k\u00e9nt friss, v\u00e1logatott paradicsommal, extra sz\u0171z ol\u00edvaolajjal, keny\u00e9rrel \u00e9s fokhagym\u00e1val k\u00e9sz\u00fcl.<\/p>\n","protected":false},"excerpt":{"rendered":"<p>Tipikus c\u00f3rdobai hidegkr\u00e9m, amely f\u0151k\u00e9nt friss, v\u00e1logatott paradicsommal, extra sz\u0171z ol\u00edvaolajjal, keny\u00e9rrel \u00e9s fokhagym\u00e1val k\u00e9sz\u00fcl.<\/p>\n","protected":false},"featured_media":14059,"template":"","meta":{"_et_pb_use_builder":"","_et_pb_old_content":"","_et_gb_content_width":""},"product_brand":[1457],"product_cat":[2249,1837,4875,1955],"product_tag":[],"class_list":{"0":"post-44634","1":"product","2":"type-product","3":"status-publish","4":"has-post-thumbnail","6":"product_brand-arteoliva","7":"product_cat-extra-szuz-oliva","8":"product_cat-hideg","9":"product_cat-italok","10":"product_cat-megorzi-a","11":"product_shipping_class-hidegszallitas","13":"first","14":"outofstock","15":"taxable","16":"shipping-taxable","17":"product-type-variable"},"_links":{"self":[{"href":"https:\/\/myspainfood.com\/hu\/wp-json\/wp\/v2\/product\/44634","targetHints":{"allow":["GET"]}}],"collection":[{"href":"https:\/\/myspainfood.com\/hu\/wp-json\/wp\/v2\/product"}],"about":[{"href":"https:\/\/myspainfood.com\/hu\/wp-json\/wp\/v2\/types\/product"}],"wp:featuredmedia":[{"embeddable":true,"href":"https:\/\/myspainfood.com\/hu\/wp-json\/wp\/v2\/media\/14059"}],"wp:attachment":[{"href":"https:\/\/myspainfood.com\/hu\/wp-json\/wp\/v2\/media?parent=44634"}],"wp:term":[{"taxonomy":"product_brand","embeddable":true,"href":"https:\/\/myspainfood.com\/hu\/wp-json\/wp\/v2\/product_brand?post=44634"},{"taxonomy":"product_cat","embeddable":true,"href":"https:\/\/myspainfood.com\/hu\/wp-json\/wp\/v2\/product_cat?post=44634"},{"taxonomy":"product_tag","embeddable":true,"href":"https:\/\/myspainfood.com\/hu\/wp-json\/wp\/v2\/product_tag?post=44634"}],"curies":[{"name":"wp","href":"https:\/\/api.w.org\/{rel}","templated":true}]}}