{"id":44655,"date":"2025-04-10T12:11:42","date_gmt":"2025-04-10T10:11:42","guid":{"rendered":"https:\/\/myspainfood.com\/producto\/nabeel-nafisah-edessegek-edes-damaszkuszi-baklava-sziria-150-g\/"},"modified":"2025-04-10T12:11:42","modified_gmt":"2025-04-10T10:11:42","slug":"nabeel-nafisah-edessegek-edes-damaszkuszi-baklava-sziria-150-g","status":"publish","type":"product","link":"https:\/\/myspainfood.com\/hu\/producto\/nabeel-nafisah-edessegek-edes-damaszkuszi-baklava-sziria-150-g\/","title":{"rendered":"Nabeel Nafisah \u00c9dess\u00e9gek \u00c9des Damaszkuszi Baklava Sz\u00edria 150 g"},"content":{"rendered":"","protected":false},"excerpt":{"rendered":"<p>Baklava, egy r\u00e9teges fyllo t\u00e9szta, apr\u00f3ra v\u00e1gott di\u00f3val t\u00f6ltve, gh\u00edvel \u00e9s cukorsziruppal bevonva. Ropog\u00f3s \u00e9dess\u00e9g, az arab \u00e9s mediterr\u00e1n lakoss\u00e1g k\u00f6r\u00e9ben a legn\u00e9pszer\u0171bb. K\u00fcl\u00f6nb\u00f6z\u0151 baklava-fajt\u00e1k kombin\u00e1ci\u00f3ja, k\u00fcl\u00f6nleges keleti mint\u00e1zatban elrendezve \u00e9s elrendezve.  <\/p>\n","protected":false},"featured_media":13897,"template":"","meta":{"_et_pb_use_builder":"","_et_pb_old_content":"","_et_gb_content_width":""},"product_brand":[1453],"product_cat":[7748,1955],"product_tag":[],"class_list":{"0":"post-44655","1":"product","2":"type-product","3":"status-publish","4":"has-post-thumbnail","6":"product_brand-nabeel-nafisah","7":"product_cat-karacsonyi-kulonkiadas","8":"product_cat-megorzi-a","10":"first","11":"outofstock","12":"taxable","13":"shipping-taxable","14":"purchasable","15":"product-type-simple"},"_links":{"self":[{"href":"https:\/\/myspainfood.com\/hu\/wp-json\/wp\/v2\/product\/44655","targetHints":{"allow":["GET"]}}],"collection":[{"href":"https:\/\/myspainfood.com\/hu\/wp-json\/wp\/v2\/product"}],"about":[{"href":"https:\/\/myspainfood.com\/hu\/wp-json\/wp\/v2\/types\/product"}],"wp:featuredmedia":[{"embeddable":true,"href":"https:\/\/myspainfood.com\/hu\/wp-json\/wp\/v2\/media\/13897"}],"wp:attachment":[{"href":"https:\/\/myspainfood.com\/hu\/wp-json\/wp\/v2\/media?parent=44655"}],"wp:term":[{"taxonomy":"product_brand","embeddable":true,"href":"https:\/\/myspainfood.com\/hu\/wp-json\/wp\/v2\/product_brand?post=44655"},{"taxonomy":"product_cat","embeddable":true,"href":"https:\/\/myspainfood.com\/hu\/wp-json\/wp\/v2\/product_cat?post=44655"},{"taxonomy":"product_tag","embeddable":true,"href":"https:\/\/myspainfood.com\/hu\/wp-json\/wp\/v2\/product_tag?post=44655"}],"curies":[{"name":"wp","href":"https:\/\/api.w.org\/{rel}","templated":true}]}}