{"id":44875,"date":"2025-04-10T12:05:33","date_gmt":"2025-04-10T10:05:33","guid":{"rendered":"https:\/\/myspainfood.com\/producto\/olive-machacamoya\/"},"modified":"2025-04-10T12:05:33","modified_gmt":"2025-04-10T10:05:33","slug":"olive-machacamoya","status":"publish","type":"product","link":"https:\/\/myspainfood.com\/hu\/producto\/olive-machacamoya\/","title":{"rendered":"Olive Machacamoya"},"content":{"rendered":"<p>A Machacamoya olajbogy\u00f3 jellegzetes keserny\u00e9s \u00edz\u00e9vel t\u0171nik ki. A legv\u00e1logatottabb \u00edzl\u00e9s\u0171ek sz\u00e1m\u00e1ra ez egy ov\u00e1lis olajbogy\u00f3, fokhagym\u00e1val \u00e9s paprik\u00e1val, arom\u00e1s f\u0171szern\u00f6v\u00e9nyekkel \u00e9s ecettel f\u0171szerezve. A b\u00e1rokban nagyon n\u00e9pszer\u0171 olajbogy\u00f3. T\u00f6k\u00e9letesen kombin\u00e1lhat\u00f3 egy spanyol borral vagy egy poh\u00e1r s\u00f6rrel.   <\/p>\n","protected":false},"excerpt":{"rendered":"<p>A Machacamoya olajbogy\u00f3 jellegzetes keserny\u00e9s \u00edz\u00e9vel t\u0171nik ki. A legv\u00e1logatottabb \u00edzl\u00e9s\u0171ek sz\u00e1m\u00e1ra ez egy ov\u00e1lis olajbogy\u00f3, fokhagym\u00e1val \u00e9s paprik\u00e1val, arom\u00e1s f\u0171szern\u00f6v\u00e9nyekkel \u00e9s ecettel f\u0171szerezve. A b\u00e1rokban nagyon n\u00e9pszer\u0171 olajbogy\u00f3. T\u00f6k\u00e9letesen kombin\u00e1lhat\u00f3 egy spanyol borral vagy egy poh\u00e1r s\u00f6rrel.<\/p>\n","protected":false},"featured_media":7668,"template":"","meta":{"_et_pb_use_builder":"","_et_pb_old_content":"","_et_gb_content_width":""},"product_brand":[1057],"product_cat":[1569,1568],"product_tag":[9319],"class_list":{"0":"post-44875","1":"product","2":"type-product","3":"status-publish","4":"has-post-thumbnail","6":"product_brand-la-encajera","7":"product_cat-olajbogyo","8":"product_cat-savanyusagok","9":"product_tag-machacamoya-hu","11":"first","12":"outofstock","13":"taxable","14":"shipping-taxable","15":"product-type-variable"},"_links":{"self":[{"href":"https:\/\/myspainfood.com\/hu\/wp-json\/wp\/v2\/product\/44875","targetHints":{"allow":["GET"]}}],"collection":[{"href":"https:\/\/myspainfood.com\/hu\/wp-json\/wp\/v2\/product"}],"about":[{"href":"https:\/\/myspainfood.com\/hu\/wp-json\/wp\/v2\/types\/product"}],"wp:featuredmedia":[{"embeddable":true,"href":"https:\/\/myspainfood.com\/hu\/wp-json\/wp\/v2\/media\/7668"}],"wp:attachment":[{"href":"https:\/\/myspainfood.com\/hu\/wp-json\/wp\/v2\/media?parent=44875"}],"wp:term":[{"taxonomy":"product_brand","embeddable":true,"href":"https:\/\/myspainfood.com\/hu\/wp-json\/wp\/v2\/product_brand?post=44875"},{"taxonomy":"product_cat","embeddable":true,"href":"https:\/\/myspainfood.com\/hu\/wp-json\/wp\/v2\/product_cat?post=44875"},{"taxonomy":"product_tag","embeddable":true,"href":"https:\/\/myspainfood.com\/hu\/wp-json\/wp\/v2\/product_tag?post=44875"}],"curies":[{"name":"wp","href":"https:\/\/api.w.org\/{rel}","templated":true}]}}