{"id":44914,"date":"2025-04-10T12:12:05","date_gmt":"2025-04-10T10:12:05","guid":{"rendered":"https:\/\/myspainfood.com\/producto\/santos-sodupe-rioja-alairas-vorosbor-graciano-rioja\/"},"modified":"2026-01-29T12:27:12","modified_gmt":"2026-01-29T11:27:12","slug":"santos-sodupe-rioja-alairas-vorosbor-graciano-rioja","status":"publish","type":"product","link":"https:\/\/myspainfood.com\/hu\/producto\/santos-sodupe-rioja-alairas-vorosbor-graciano-rioja\/","title":{"rendered":"Santos Sodupe Rioja al\u00e1\u00edr\u00e1s v\u00f6r\u00f6sbor GRACIANO Rioja"},"content":{"rendered":"<p>100% Graciano<\/p>\n<p>16 h\u00f3nap t\u00f6lgyfahord\u00f3ban<\/p>\n<p>Francia<\/p>\n<p>R\u00e9gi sz\u0151l\u0151<\/p>\n<p>Sz\u00fcretel\u00e9s a t\u0151k\u00e9n szelekt\u00e1lva<\/p>\n<p>Arany\u00e9rmes Top Bor 2021<\/p>\n<p>Civas Arany arany\u00e9rem 2023<\/p>\n<p>M\u0171szaki specifik\u00e1ci\u00f3k<\/p>\n<p>Al\u00e1\u00edr\u00e1s v\u00f6r\u00f6sbor<\/p>\n<p>100% graciano<\/p>\n<p>Bodegas Santos Sodupe<\/p>\n<p>San Asensio, La Rioja<\/p>\n<p>D.O.C. Rioja<\/p>\n<p>75cl \/ 12,5%vol.<\/p>\n<p>Szulfitokat tartalmaz<\/p>\n<p>k\u00f3stol\u00f3<\/p>\n<p>Cseresznyepiros okkers\u00e1rga \u00e1rnyalatokkal<\/p>\n<p>F\u0171szeres \u00e9s f\u00e1s jegyek \u00e9rett piros gy\u00fcm\u00f6lcs\u00f6kkel.<\/p>\n<p>H\u00fasos \u00e9s hossz\u00fa, nemes tanninnal, testess\u00e9ggel \u00e9s strukt\u00far\u00e1val.<\/p>\n","protected":false},"excerpt":{"rendered":"<p>100% Graciano 16 h\u00f3nap t\u00f6lgyfahord\u00f3ban Francia R\u00e9gi sz\u0151l\u0151 Sz\u00fcretel\u00e9s a t\u0151k\u00e9n szelekt\u00e1lva Arany\u00e9rmes Top Bor 2021 Civas Arany arany\u00e9rem 2023 M\u0171szaki specifik\u00e1ci\u00f3k Al\u00e1\u00edr\u00e1s v\u00f6r\u00f6sbor 100% graciano Bodegas Santos Sodupe San Asensio, La Rioja D.O.C. Rioja 75cl \/ 12,5%vol. Szulfitokat tartalmaz k\u00f3stol\u00f3 Cseresznyepiros okkers\u00e1rga \u00e1rnyalatokkal F\u0171szeres \u00e9s f\u00e1s jegyek \u00e9rett piros gy\u00fcm\u00f6lcs\u00f6kkel. H\u00fasos \u00e9s hossz\u00fa, nemes [&hellip;]<\/p>\n","protected":false},"featured_media":14239,"template":"","meta":{"_et_pb_use_builder":"","_et_pb_old_content":"","_et_gb_content_width":""},"product_brand":[1459],"product_cat":[4876,4875],"product_tag":[],"class_list":{"0":"post-44914","1":"product","2":"type-product","3":"status-publish","4":"has-post-thumbnail","6":"product_brand-santos-sodupe","7":"product_cat-bor","8":"product_cat-italok","10":"first","11":"outofstock","12":"taxable","13":"shipping-taxable","14":"product-type-variable"},"_links":{"self":[{"href":"https:\/\/myspainfood.com\/hu\/wp-json\/wp\/v2\/product\/44914","targetHints":{"allow":["GET"]}}],"collection":[{"href":"https:\/\/myspainfood.com\/hu\/wp-json\/wp\/v2\/product"}],"about":[{"href":"https:\/\/myspainfood.com\/hu\/wp-json\/wp\/v2\/types\/product"}],"wp:featuredmedia":[{"embeddable":true,"href":"https:\/\/myspainfood.com\/hu\/wp-json\/wp\/v2\/media\/14239"}],"wp:attachment":[{"href":"https:\/\/myspainfood.com\/hu\/wp-json\/wp\/v2\/media?parent=44914"}],"wp:term":[{"taxonomy":"product_brand","embeddable":true,"href":"https:\/\/myspainfood.com\/hu\/wp-json\/wp\/v2\/product_brand?post=44914"},{"taxonomy":"product_cat","embeddable":true,"href":"https:\/\/myspainfood.com\/hu\/wp-json\/wp\/v2\/product_cat?post=44914"},{"taxonomy":"product_tag","embeddable":true,"href":"https:\/\/myspainfood.com\/hu\/wp-json\/wp\/v2\/product_tag?post=44914"}],"curies":[{"name":"wp","href":"https:\/\/api.w.org\/{rel}","templated":true}]}}