{"id":44920,"date":"2025-04-10T12:12:05","date_gmt":"2025-04-10T10:12:05","guid":{"rendered":"https:\/\/myspainfood.com\/producto\/santos-sodupe-reserva-rioja\/"},"modified":"2026-01-29T12:32:49","modified_gmt":"2026-01-29T11:32:49","slug":"santos-sodupe-reserva-rioja","status":"publish","type":"product","link":"https:\/\/myspainfood.com\/hu\/producto\/santos-sodupe-reserva-rioja\/","title":{"rendered":"Santos Sodupe Reserva Rioja"},"content":{"rendered":"<div class=\"elementor-element elementor-element-dcfae67 aux-appear-watch-animation aux-slide-from-top elementor-widget elementor-widget-aux_modern_heading aux-animated aux-animated-once\" data-id=\"dcfae67\" data-element_type=\"widget\" data-widget_type=\"aux_modern_heading.default\">\n<div class=\"elementor-widget-container\">\n<section class=\"aux-widget-modern-heading\">\n<div class=\"aux-widget-inner\">\n<div class=\"aux-modern-heading-description\">\n<p>R\u00e9gi szelekci\u00f3s sz\u0151l\u0151<\/p>\n<\/div>\n<\/div>\n<\/section>\n<\/div>\n<\/div>\n<div class=\"elementor-element elementor-element-728689c aux-appear-watch-animation aux-fade-in-up elementor-widget elementor-widget-aux_modern_heading aux-animated aux-animated-once\" data-id=\"728689c\" data-element_type=\"widget\" data-widget_type=\"aux_modern_heading.default\">\n<div class=\"elementor-widget-container\">\n<section class=\"aux-widget-modern-heading\">\n<div class=\"aux-widget-inner\">\n<div class=\"aux-modern-heading-description\">\n<p>24 h\u00f3nap \u00faj t\u00f6lgyfahord\u00f3ban<\/p>\n<p>francia \u00e9s amerikai t\u00f6lgyf\u00e1b\u00f3l<\/p>\n<p>Cepas Viejas<\/p>\n<p>A sz\u0151l\u0151\u00fcltetv\u00e9nyr\u0151l sz\u00e1rmaz\u00f3 v\u00e1logatott sz\u0151l\u0151.<\/p>\n<\/div>\n<\/div>\n<\/section>\n<\/div>\n<\/div>\n","protected":false},"excerpt":{"rendered":"<p>R\u00e9gi szelekci\u00f3s sz\u0151l\u0151 24 h\u00f3nap \u00faj t\u00f6lgyfahord\u00f3ban francia \u00e9s amerikai t\u00f6lgyf\u00e1b\u00f3l Cepas Viejas A sz\u0151l\u0151\u00fcltetv\u00e9nyr\u0151l sz\u00e1rmaz\u00f3 v\u00e1logatott sz\u0151l\u0151.<\/p>\n","protected":false},"featured_media":14194,"template":"","meta":{"_et_pb_use_builder":"","_et_pb_old_content":"","_et_gb_content_width":""},"product_brand":[1459],"product_cat":[4876,4875],"product_tag":[],"class_list":{"0":"post-44920","1":"product","2":"type-product","3":"status-publish","4":"has-post-thumbnail","6":"product_brand-santos-sodupe","7":"product_cat-bor","8":"product_cat-italok","10":"first","11":"outofstock","12":"taxable","13":"shipping-taxable","14":"product-type-variable"},"_links":{"self":[{"href":"https:\/\/myspainfood.com\/hu\/wp-json\/wp\/v2\/product\/44920","targetHints":{"allow":["GET"]}}],"collection":[{"href":"https:\/\/myspainfood.com\/hu\/wp-json\/wp\/v2\/product"}],"about":[{"href":"https:\/\/myspainfood.com\/hu\/wp-json\/wp\/v2\/types\/product"}],"wp:featuredmedia":[{"embeddable":true,"href":"https:\/\/myspainfood.com\/hu\/wp-json\/wp\/v2\/media\/14194"}],"wp:attachment":[{"href":"https:\/\/myspainfood.com\/hu\/wp-json\/wp\/v2\/media?parent=44920"}],"wp:term":[{"taxonomy":"product_brand","embeddable":true,"href":"https:\/\/myspainfood.com\/hu\/wp-json\/wp\/v2\/product_brand?post=44920"},{"taxonomy":"product_cat","embeddable":true,"href":"https:\/\/myspainfood.com\/hu\/wp-json\/wp\/v2\/product_cat?post=44920"},{"taxonomy":"product_tag","embeddable":true,"href":"https:\/\/myspainfood.com\/hu\/wp-json\/wp\/v2\/product_tag?post=44920"}],"curies":[{"name":"wp","href":"https:\/\/api.w.org\/{rel}","templated":true}]}}