{"id":44944,"date":"2025-04-10T12:12:29","date_gmt":"2025-04-10T10:12:29","guid":{"rendered":"https:\/\/myspainfood.com\/producto\/santos-sodupe-rioja-fiatal-voros-descuido\/"},"modified":"2026-01-29T12:48:54","modified_gmt":"2026-01-29T11:48:54","slug":"santos-sodupe-rioja-fiatal-voros-descuido","status":"publish","type":"product","link":"https:\/\/myspainfood.com\/hu\/producto\/santos-sodupe-rioja-fiatal-voros-descuido\/","title":{"rendered":"Santos Sodupe Rioja Fiatal v\u00f6r\u00f6s DESCUIDO"},"content":{"rendered":"<p>Hagyom\u00e1nyos sz\u00e9nsavas macer\u00e1ci\u00f3<\/p>\n<p>Hideg macer\u00e1ci\u00f3<\/p>\n<p>Alacsony nyom\u00e1s\u00fa pr\u00e9sel\u00e9s, szabadon foly\u00f3 l\u00e9<\/p>\n<p>Tiszt\u00edt\u00e1s dekant\u00e1l\u00e1ssal (iszapmentes\u00edt\u00e9s)<\/p>\n<p>H\u0151m\u00e9rs\u00e9klet-szab\u00e1lyozott erjeszt\u00e9s<\/p>\n<p>Sz\u00fcretel\u00e9s a t\u0151k\u00e9n szelekt\u00e1lva<\/p>\n<p>M\u0171szaki specifik\u00e1ci\u00f3k<\/p>\n<p>Fiatal v\u00f6r\u00f6s<\/p>\n<p>85% tempranillo, 10% viura, 5% graciano<\/p>\n<p>Bodegas Santos Sodupe<\/p>\n<p>San Asensio, La Rioja<\/p>\n<p>D.O.C. Rioja<\/p>\n<p>75cl \/ 12,5%vol.<\/p>\n<p>Szulfitokat tartalmaz<\/p>\n","protected":false},"excerpt":{"rendered":"<p>Hagyom\u00e1nyos sz\u00e9nsavas macer\u00e1ci\u00f3 Hideg macer\u00e1ci\u00f3 Alacsony nyom\u00e1s\u00fa pr\u00e9sel\u00e9s, szabadon foly\u00f3 l\u00e9 Tiszt\u00edt\u00e1s dekant\u00e1l\u00e1ssal (iszapmentes\u00edt\u00e9s) H\u0151m\u00e9rs\u00e9klet-szab\u00e1lyozott erjeszt\u00e9s Sz\u00fcretel\u00e9s a t\u0151k\u00e9n szelekt\u00e1lva M\u0171szaki specifik\u00e1ci\u00f3k Fiatal v\u00f6r\u00f6s 85% tempranillo, 10% viura, 5% graciano Bodegas Santos Sodupe San Asensio, La Rioja D.O.C. Rioja 75cl \/ 12,5%vol. Szulfitokat tartalmaz<\/p>\n","protected":false},"featured_media":14311,"template":"","meta":{"_et_pb_use_builder":"","_et_pb_old_content":"","_et_gb_content_width":""},"product_brand":[1459],"product_cat":[6266,4875],"product_tag":[],"class_list":{"0":"post-44944","1":"product","2":"type-product","3":"status-publish","4":"has-post-thumbnail","6":"product_brand-santos-sodupe","7":"product_cat-bor-hu-2","8":"product_cat-italok","10":"first","11":"outofstock","12":"taxable","13":"shipping-taxable","14":"product-type-variable"},"_links":{"self":[{"href":"https:\/\/myspainfood.com\/hu\/wp-json\/wp\/v2\/product\/44944","targetHints":{"allow":["GET"]}}],"collection":[{"href":"https:\/\/myspainfood.com\/hu\/wp-json\/wp\/v2\/product"}],"about":[{"href":"https:\/\/myspainfood.com\/hu\/wp-json\/wp\/v2\/types\/product"}],"wp:featuredmedia":[{"embeddable":true,"href":"https:\/\/myspainfood.com\/hu\/wp-json\/wp\/v2\/media\/14311"}],"wp:attachment":[{"href":"https:\/\/myspainfood.com\/hu\/wp-json\/wp\/v2\/media?parent=44944"}],"wp:term":[{"taxonomy":"product_brand","embeddable":true,"href":"https:\/\/myspainfood.com\/hu\/wp-json\/wp\/v2\/product_brand?post=44944"},{"taxonomy":"product_cat","embeddable":true,"href":"https:\/\/myspainfood.com\/hu\/wp-json\/wp\/v2\/product_cat?post=44944"},{"taxonomy":"product_tag","embeddable":true,"href":"https:\/\/myspainfood.com\/hu\/wp-json\/wp\/v2\/product_tag?post=44944"}],"curies":[{"name":"wp","href":"https:\/\/api.w.org\/{rel}","templated":true}]}}