{"id":44949,"date":"2025-04-10T12:12:05","date_gmt":"2025-04-10T10:12:05","guid":{"rendered":"https:\/\/myspainfood.com\/producto\/senorio-de-nava-ribera-del-duero-2022-75-cl\/"},"modified":"2026-01-29T12:34:18","modified_gmt":"2026-01-29T11:34:18","slug":"senorio-de-nava-ribera-del-duero-2022-75-cl","status":"publish","type":"product","link":"https:\/\/myspainfood.com\/hu\/producto\/senorio-de-nava-ribera-del-duero-2022-75-cl\/","title":{"rendered":"Se\u00f1or\u00edo De Nava Ribera Del Duero 2022 75 cl"},"content":{"rendered":"<p>Fedezze fel a Ribera del Duero autentikus \u00edz\u00e9t a Se\u00f1or\u00edo De Nava-val! Ez a Denominaci\u00f3n de Origen Ribera del Duero jelz\u00e9ssel ell\u00e1tott, tekint\u00e9lyes bor megragadja e h\u00edres spanyol borvid\u00e9k l\u00e9nyeg\u00e9t. <\/p>\n<p>A Se\u00f1or\u00edo De Nava Ribera Del Duero a r\u00e9gi\u00f3 emblematikus fajt\u00e1j\u00e1nak, a Tempranillo sz\u0151l\u0151fajt\u00e1nak gondos v\u00e1logat\u00e1s\u00e1nak eredm\u00e9nye, amelyet a Duero foly\u00f3 v\u00f6lgy\u00e9nek napf\u00e9nyben f\u00fcrd\u0151 kiv\u00e1lts\u00e1gos sz\u0151l\u0151\u00fcltetv\u00e9nyein termesztettek. Az ellen\u0151rz\u00f6tt erjeszt\u00e9s \u00e9s a t\u00f6lgyfahord\u00f3ban t\u00f6rt\u00e9n\u0151 gondos \u00e9rlel\u00e9s r\u00e9v\u00e9n ez a bor \u00f6sszetett karakter\u00e9vel \u00e9s kiv\u00e9teles egyens\u00faly\u00e1val t\u0171nik ki. <\/p>\n<p>\u00cdz\u00e9ben az \u00e9rett gy\u00fcm\u00f6lcs\u00f6k intenz\u00edv jegyei, finom t\u00f6lgyfahomlokzatok \u00e9s j\u00f3l meghat\u00e1rozott szerkezet, amely hossz\u00fa, kiel\u00e9g\u00edt\u0151 lecseng\u00e9sben cs\u00facsosodik ki. A Se\u00f1or\u00edo De Nava Ribera Del Duero t\u00f6k\u00e9letes k\u00eds\u00e9r\u0151je a k\u00fcl\u00f6nleges alkalmaknak, az eleg\u00e1ns vacsor\u00e1kt\u00f3l a bar\u00e1ti \u00f6sszej\u00f6vetelekig. <\/p>\n<p>Engedje, hogy a Se\u00f1or\u00edo De Nava minden egyes korty\u00e1val elcs\u00e1b\u00edtsa a Ribera del Duero eleganci\u00e1ja \u00e9s hagyom\u00e1nyai. \u00c9lvezze Spanyolorsz\u00e1g egyik legkiv\u00e1l\u00f3bb borvid\u00e9k\u00e9nek bor\u00e1szati kiv\u00e1l\u00f3s\u00e1g\u00e1t, \u00e9s tegyen eml\u00e9kezetess\u00e9 minden alkalmat ezzel a kiv\u00e1l\u00f3 borral!  <\/p>\n","protected":false},"excerpt":{"rendered":"<p>A Se\u00f1or\u00edo De Nava Ribera Del Duero a r\u00e9gi\u00f3 emblematikus fajt\u00e1j\u00e1nak, a Tempranillo sz\u0151l\u0151fajt\u00e1nak gondos v\u00e1logat\u00e1s\u00e1nak eredm\u00e9nye, amelyet a Duero foly\u00f3 v\u00f6lgy\u00e9nek napf\u00e9nyben f\u00fcrd\u0151 kiv\u00e1lts\u00e1gos sz\u0151l\u0151\u00fcltetv\u00e9nyein termesztettek. Az ellen\u0151rz\u00f6tt erjeszt\u00e9s \u00e9s a t\u00f6lgyfahord\u00f3ban t\u00f6rt\u00e9n\u0151 gondos \u00e9rlel\u00e9s r\u00e9v\u00e9n ez a bor \u00f6sszetett karakter\u00e9vel \u00e9s kiv\u00e9teles egyens\u00faly\u00e1val t\u0171nik ki. <\/p>\n","protected":false},"featured_media":14176,"template":"","meta":{"_et_pb_use_builder":"","_et_pb_old_content":"","_et_gb_content_width":""},"product_brand":[1224],"product_cat":[4876,4875],"product_tag":[],"class_list":{"0":"post-44949","1":"product","2":"type-product","3":"status-publish","4":"has-post-thumbnail","6":"product_brand-senorio-de-nava","7":"product_cat-bor","8":"product_cat-italok","10":"first","11":"outofstock","12":"taxable","13":"shipping-taxable","14":"product-type-variable"},"_links":{"self":[{"href":"https:\/\/myspainfood.com\/hu\/wp-json\/wp\/v2\/product\/44949","targetHints":{"allow":["GET"]}}],"collection":[{"href":"https:\/\/myspainfood.com\/hu\/wp-json\/wp\/v2\/product"}],"about":[{"href":"https:\/\/myspainfood.com\/hu\/wp-json\/wp\/v2\/types\/product"}],"wp:featuredmedia":[{"embeddable":true,"href":"https:\/\/myspainfood.com\/hu\/wp-json\/wp\/v2\/media\/14176"}],"wp:attachment":[{"href":"https:\/\/myspainfood.com\/hu\/wp-json\/wp\/v2\/media?parent=44949"}],"wp:term":[{"taxonomy":"product_brand","embeddable":true,"href":"https:\/\/myspainfood.com\/hu\/wp-json\/wp\/v2\/product_brand?post=44949"},{"taxonomy":"product_cat","embeddable":true,"href":"https:\/\/myspainfood.com\/hu\/wp-json\/wp\/v2\/product_cat?post=44949"},{"taxonomy":"product_tag","embeddable":true,"href":"https:\/\/myspainfood.com\/hu\/wp-json\/wp\/v2\/product_tag?post=44949"}],"curies":[{"name":"wp","href":"https:\/\/api.w.org\/{rel}","templated":true}]}}