{"id":45267,"date":"2025-04-10T12:10:00","date_gmt":"2025-04-10T10:10:00","guid":{"rendered":"https:\/\/myspainfood.com\/producto\/chicon-grandmas-party-900-gr-os-kiszereles-6-darab\/"},"modified":"2025-07-10T09:19:12","modified_gmt":"2025-07-10T07:19:12","slug":"chicon-grandmas-party-900-gr-os-kiszereles-6-darab","status":"publish","type":"product","link":"https:\/\/myspainfood.com\/hu\/producto\/chicon-grandmas-party-900-gr-os-kiszereles-6-darab\/","title":{"rendered":"Chicon Grandma&#8217;s Party 900 gr-os kiszerel\u00e9s 6 darab"},"content":{"rendered":"<p>A nagymama has\u00edtott olajbogy\u00f3j\u00e1nak el\u0151nyei<\/p>\n<p>A nagymama pattogatott olajbogy\u00f3j\u00e1nak sz\u00e1mos el\u0151nye van, \u00e9s a hatalmas \u00edze mellett tulajdons\u00e1gai az eg\u00e9szs\u00e9gre is nagyon j\u00f3t\u00e9konyan hatnak.<\/p>\n<p>Cs\u00f6kkentik a koleszterinszintet. Az olajsavnak k\u00f6sz\u00f6nhet\u0151en a nagymama has\u00edtott olajbogy\u00f3ja seg\u00edt kord\u00e1ban tartani a koleszterinszintet. <\/p>\n<p>Seg\u00edtik az em\u00e9szt\u00e9st. Magas rosttartalmuknak k\u00f6sz\u00f6nhet\u0151en ezek az olajbogy\u00f3k seg\u00edtik a m\u00e9reganyagok elt\u00e1vol\u00edt\u00e1s\u00e1t \u00e9s jav\u00edtj\u00e1k az \u00e1ltal\u00e1nos em\u00e9szt\u00e9st. <\/p>\n<p>A b\u0151r el\u0151nyei. Az A- \u00e9s az E-vitamin j\u00f3t tesz a b\u0151rnek, \u00e9s \u00f6reged\u00e9sg\u00e1tl\u00f3 hat\u00e1s\u00fa. <\/p>\n<p>Energi\u00e1t szolg\u00e1ltatnak. Magas a vastartalmuk, ami seg\u00edti a karnitin szint\u00e9zis\u00e9t \u00e9s az energiatermel\u00e9st. <\/p>\n<p>V\u00e1s\u00e1rolja meg az olajbogy\u00f3t a nagymama bulij\u00e1b\u00f3l<\/p>\n<p>A Grandma&#8217;s Olivabogy\u00f3 \u00e9des, m\u00e9gis intenz\u00edv \u00edz\u00e9vel, valamint term\u00e9szetes f\u0171szerek felhaszn\u00e1l\u00e1s\u00e1val k\u00e9sz\u00fclt jellegzetes f\u0171szerez\u00e9s\u00e9vel t\u0171nik ki.<\/p>\n<p>Az olajfa gy\u00fcm\u00f6lcseit 5 \u00e9vig tart\u00f3 tart\u00f3s\u00edt\u00e1s ut\u00e1n addig p\u00e1colj\u00e1k, am\u00edg el nem \u00e9rik a <a href=\"https:\/\/latiendadesami.com\/categoria-producto\/encurtidos\/\" target=\"_blank\" rel=\"noopener noreferrer nofollow\">&#8222;Encurtidos Aceitunas de la Abuela&#8221; (Nagymama olajbogy\u00f3 savany\u00fas\u00e1gai<\/a> ) kellemes \u00e1llag\u00e1t.<\/p>\n<p>Ezek az eg\u00e9sz, kem\u00e9ny h\u00fas\u00fa, enyh\u00e9n z\u00fazott \u00e9s a nagymama receptje szerint <a href=\"https:\/\/es.wikipedia.org\/wiki\/Aceitunas_ali%C3%B1adas\" target=\"_blank\" rel=\"noopener noreferrer nofollow\">f\u0171szerezett<\/a> olajbogy\u00f3k hossz\u00fa csal\u00e1di hagyom\u00e1ny eredm\u00e9nye, eredetileg a malagai Antequer\u00e1b\u00f3l sz\u00e1rmaznak.<\/p>\n","protected":false},"excerpt":{"rendered":"<p>A nagymama has\u00edtott olajbogy\u00f3j\u00e1nak el\u0151nyei A nagymama pattogatott olajbogy\u00f3j\u00e1nak sz\u00e1mos el\u0151nye van, \u00e9s a hatalmas \u00edze mellett tulajdons\u00e1gai az eg\u00e9szs\u00e9gre is nagyon j\u00f3t\u00e9konyan hatnak. Cs\u00f6kkentik a koleszterinszintet. Az olajsavnak k\u00f6sz\u00f6nhet\u0151en a nagymama has\u00edtott olajbogy\u00f3ja seg\u00edt kord\u00e1ban tartani a koleszterinszintet. Seg\u00edtik az em\u00e9szt\u00e9st. Magas rosttartalmuknak k\u00f6sz\u00f6nhet\u0151en ezek az olajbogy\u00f3k seg\u00edtik a m\u00e9reganyagok elt\u00e1vol\u00edt\u00e1s\u00e1t \u00e9s jav\u00edtj\u00e1k az [&hellip;]<\/p>\n","protected":false},"featured_media":7858,"template":"","meta":{"_et_pb_use_builder":"","_et_pb_old_content":"","_et_gb_content_width":""},"product_brand":[1036],"product_cat":[2927,3107],"product_tag":[1744,1745],"class_list":{"0":"post-45267","1":"product","2":"type-product","3":"status-publish","4":"has-post-thumbnail","6":"product_brand-chicon","7":"product_cat-nagykereskedelem","8":"product_cat-savanyusagok-hu","9":"product_tag-nagymama","10":"product_tag-tetel","12":"first","13":"instock","14":"featured","15":"taxable","16":"shipping-taxable","17":"purchasable","18":"product-type-variable"},"_links":{"self":[{"href":"https:\/\/myspainfood.com\/hu\/wp-json\/wp\/v2\/product\/45267","targetHints":{"allow":["GET"]}}],"collection":[{"href":"https:\/\/myspainfood.com\/hu\/wp-json\/wp\/v2\/product"}],"about":[{"href":"https:\/\/myspainfood.com\/hu\/wp-json\/wp\/v2\/types\/product"}],"wp:featuredmedia":[{"embeddable":true,"href":"https:\/\/myspainfood.com\/hu\/wp-json\/wp\/v2\/media\/7858"}],"wp:attachment":[{"href":"https:\/\/myspainfood.com\/hu\/wp-json\/wp\/v2\/media?parent=45267"}],"wp:term":[{"taxonomy":"product_brand","embeddable":true,"href":"https:\/\/myspainfood.com\/hu\/wp-json\/wp\/v2\/product_brand?post=45267"},{"taxonomy":"product_cat","embeddable":true,"href":"https:\/\/myspainfood.com\/hu\/wp-json\/wp\/v2\/product_cat?post=45267"},{"taxonomy":"product_tag","embeddable":true,"href":"https:\/\/myspainfood.com\/hu\/wp-json\/wp\/v2\/product_tag?post=45267"}],"curies":[{"name":"wp","href":"https:\/\/api.w.org\/{rel}","templated":true}]}}