{"id":45299,"date":"2025-04-10T12:10:02","date_gmt":"2025-04-10T10:10:02","guid":{"rendered":"https:\/\/myspainfood.com\/producto\/chicon-olajbogyo-nyaloka-900-grammos-csomag-6-db\/"},"modified":"2025-04-10T12:10:02","modified_gmt":"2025-04-10T10:10:02","slug":"chicon-olajbogyo-nyaloka-900-grammos-csomag-6-db","status":"publish","type":"product","link":"https:\/\/myspainfood.com\/hu\/producto\/chicon-olajbogyo-nyaloka-900-grammos-csomag-6-db\/","title":{"rendered":"Chic\u00f3n olajbogy\u00f3 nyal\u00f3ka 900 grammos csomag 6 db"},"content":{"rendered":"<h3>A <a href=\"https:\/\/aceitunaschiconlebron.com\/\" target=\"_blank\" rel=\"noopener noreferrer nofollow\">Chicon<\/a> Chupadedos Olives Ali\u00f1o el\u0151nyei<\/h3>\n<p>Tudta, hogy a Chicon Ali\u00f1o Olivabogy\u00f3 t\u00f6bbsz\u00f6r\u00f6s j\u00f3t\u00e9kony hat\u00e1s\u00fa? Nagy erej\u00fck van a sz\u00edvbetegs\u00e9gek \u00e9s \u00e1ltal\u00e1ban a kering\u00e9si betegs\u00e9gek megel\u0151z\u00e9s\u00e9ben. <\/p>\n<p>Ez a magas tel\u00edtetlen zs\u00edrtartalm\u00e1nak k\u00f6sz\u00f6nhet\u0151. Ezenk\u00edv\u00fcl sok vasat \u00e9s rostot tartalmaz, \u00e9s rendk\u00edv\u00fcl laktat\u00f3, \u00edgy t\u00f6k\u00e9letes nassolnival\u00f3. <\/p>\n<p>Ezeket az eg\u00e9sz olajbogy\u00f3kat aj\u00e1nlatos h\u0171v\u00f6s, sz\u00e1raz, napf\u00e9nyt\u0151l v\u00e9dett helyen t\u00e1rolni.<\/p>\n<p>Ha ol\u00edvabogy\u00f3t vagy b\u00e1rmilyen m\u00e1s t\u00edpus\u00fa <a href=\"https:\/\/latiendadesami.com\/categoria-producto\/encurtidos\/\" rel=\"noopener noreferrer nofollow\" target=\"_blank\">savany\u00fas\u00e1got<\/a> szeretne v\u00e1s\u00e1rolni, ne habozzon, n\u00e9zze meg online katal\u00f3gusunkat, hogy megn\u00e9zze <a href=\"https:\/\/latiendadesami.com\/categoria-producto\/encurtidos\/aceitunas\/\" target=\"_blank\" rel=\"noopener noreferrer nofollow\">ol\u00edvabogy\u00f3ink<\/a> sz\u00e9les v\u00e1laszt\u00e9k\u00e1t.<\/p>\n","protected":false},"excerpt":{"rendered":"<p>A Chicon Chupadedos Olives Ali\u00f1o el\u0151nyei Tudta, hogy a Chicon Ali\u00f1o Olivabogy\u00f3 t\u00f6bbsz\u00f6r\u00f6s j\u00f3t\u00e9kony hat\u00e1s\u00fa? Nagy erej\u00fck van a sz\u00edvbetegs\u00e9gek \u00e9s \u00e1ltal\u00e1ban a kering\u00e9si betegs\u00e9gek megel\u0151z\u00e9s\u00e9ben. Ez a magas tel\u00edtetlen zs\u00edrtartalm\u00e1nak k\u00f6sz\u00f6nhet\u0151. Ezenk\u00edv\u00fcl sok vasat \u00e9s rostot tartalmaz, \u00e9s rendk\u00edv\u00fcl laktat\u00f3, \u00edgy t\u00f6k\u00e9letes nassolnival\u00f3. Ezeket az eg\u00e9sz olajbogy\u00f3kat aj\u00e1nlatos h\u0171v\u00f6s, sz\u00e1raz, napf\u00e9nyt\u0151l v\u00e9dett helyen t\u00e1rolni. [&hellip;]<\/p>\n","protected":false},"featured_media":12349,"template":"","meta":{"_et_pb_use_builder":"","_et_pb_old_content":"","_et_gb_content_width":""},"product_brand":[1036],"product_cat":[2927,3107],"product_tag":[4088],"class_list":{"0":"post-45299","1":"product","2":"type-product","3":"status-publish","4":"has-post-thumbnail","6":"product_brand-chicon","7":"product_cat-nagykereskedelem","8":"product_cat-savanyusagok-hu","9":"product_tag-suckers-hu","11":"first","12":"instock","13":"taxable","14":"shipping-taxable","15":"purchasable","16":"product-type-variable"},"_links":{"self":[{"href":"https:\/\/myspainfood.com\/hu\/wp-json\/wp\/v2\/product\/45299","targetHints":{"allow":["GET"]}}],"collection":[{"href":"https:\/\/myspainfood.com\/hu\/wp-json\/wp\/v2\/product"}],"about":[{"href":"https:\/\/myspainfood.com\/hu\/wp-json\/wp\/v2\/types\/product"}],"wp:featuredmedia":[{"embeddable":true,"href":"https:\/\/myspainfood.com\/hu\/wp-json\/wp\/v2\/media\/12349"}],"wp:attachment":[{"href":"https:\/\/myspainfood.com\/hu\/wp-json\/wp\/v2\/media?parent=45299"}],"wp:term":[{"taxonomy":"product_brand","embeddable":true,"href":"https:\/\/myspainfood.com\/hu\/wp-json\/wp\/v2\/product_brand?post=45299"},{"taxonomy":"product_cat","embeddable":true,"href":"https:\/\/myspainfood.com\/hu\/wp-json\/wp\/v2\/product_cat?post=45299"},{"taxonomy":"product_tag","embeddable":true,"href":"https:\/\/myspainfood.com\/hu\/wp-json\/wp\/v2\/product_tag?post=45299"}],"curies":[{"name":"wp","href":"https:\/\/api.w.org\/{rel}","templated":true}]}}