{"id":45562,"date":"2025-04-10T12:10:50","date_gmt":"2025-04-10T10:10:50","guid":{"rendered":"https:\/\/myspainfood.com\/producto\/fustolt-szardella-es-parolt-articsoka-35-egyseg\/"},"modified":"2025-06-24T13:16:50","modified_gmt":"2025-06-24T11:16:50","slug":"fustolt-szardella-es-parolt-articsoka-35-egyseg","status":"publish","type":"product","link":"https:\/\/myspainfood.com\/hu\/producto\/fustolt-szardella-es-parolt-articsoka-35-egyseg\/","title":{"rendered":"F\u00fcst\u00f6lt szardella \u00e9s p\u00e1rolt artics\u00f3ka 35 egys\u00e9g"},"content":{"rendered":"<p>Olaj (85% napraforg\u00f3, 15% ol\u00edva), p\u00e1rolt artics\u00f3ka, f\u00fcst\u00f6lt szardella, szardell\u00e1val t\u00f6lt\u00f6tt olajbogy\u00f3 \u00e9s pirospaprika.<\/p>\n","protected":false},"excerpt":{"rendered":"<p>Olaj (85% napraforg\u00f3, 15% ol\u00edva), p\u00e1rolt artics\u00f3ka, f\u00fcst\u00f6lt szardella, szardell\u00e1val t\u00f6lt\u00f6tt olajbogy\u00f3 \u00e9s pirospaprika.<\/p>\n","protected":false},"featured_media":13186,"template":"","meta":{"_et_pb_use_builder":"","_et_pb_old_content":"","_et_gb_content_width":""},"product_brand":[1277],"product_cat":[1837,1569,1841,1568,3005,1839],"product_tag":[],"class_list":{"0":"post-45562","1":"product","2":"type-product","3":"status-publish","4":"has-post-thumbnail","6":"product_brand-bokeo","7":"product_cat-hideg","8":"product_cat-olajbogyo","9":"product_cat-pintxos-hu","10":"product_cat-savanyusagok","11":"product_cat-szardella-hu-2","12":"product_cat-szardella","13":"product_shipping_class-hidegszallitas","15":"first","16":"outofstock","17":"taxable","18":"shipping-taxable","19":"purchasable","20":"product-type-simple"},"_links":{"self":[{"href":"https:\/\/myspainfood.com\/hu\/wp-json\/wp\/v2\/product\/45562","targetHints":{"allow":["GET"]}}],"collection":[{"href":"https:\/\/myspainfood.com\/hu\/wp-json\/wp\/v2\/product"}],"about":[{"href":"https:\/\/myspainfood.com\/hu\/wp-json\/wp\/v2\/types\/product"}],"wp:featuredmedia":[{"embeddable":true,"href":"https:\/\/myspainfood.com\/hu\/wp-json\/wp\/v2\/media\/13186"}],"wp:attachment":[{"href":"https:\/\/myspainfood.com\/hu\/wp-json\/wp\/v2\/media?parent=45562"}],"wp:term":[{"taxonomy":"product_brand","embeddable":true,"href":"https:\/\/myspainfood.com\/hu\/wp-json\/wp\/v2\/product_brand?post=45562"},{"taxonomy":"product_cat","embeddable":true,"href":"https:\/\/myspainfood.com\/hu\/wp-json\/wp\/v2\/product_cat?post=45562"},{"taxonomy":"product_tag","embeddable":true,"href":"https:\/\/myspainfood.com\/hu\/wp-json\/wp\/v2\/product_tag?post=45562"}],"curies":[{"name":"wp","href":"https:\/\/api.w.org\/{rel}","templated":true}]}}