{"id":45649,"date":"2025-04-10T12:11:14","date_gmt":"2025-04-10T10:11:14","guid":{"rendered":"https:\/\/myspainfood.com\/producto\/pico-mandulas-nugat-200-gramm-jijona\/"},"modified":"2025-04-10T12:11:14","modified_gmt":"2025-04-10T10:11:14","slug":"pico-mandulas-nugat-200-gramm-jijona","status":"publish","type":"product","link":"https:\/\/myspainfood.com\/hu\/producto\/pico-mandulas-nugat-200-gramm-jijona\/","title":{"rendered":"Pic\u00f3 mandul\u00e1s nug\u00e1t 200 gramm Jijona"},"content":{"rendered":"<p>A m\u00e9z \u00e9s a mandula az a k\u00e9t alapvet\u0151 elem, amelyb\u0151l a Jijon\u00e1ban k\u00e9sz\u00fclt nug\u00e1t k\u00e9sz\u00fcl, a Szab\u00e1lyoz\u00f3 Tan\u00e1cs \u00e1ltal oda\u00edt\u00e9lt oltalom alatt \u00e1ll\u00f3 f\u00f6ldrajzi jelz\u00e9ssel. Eredet\u00e9nek felfedez\u00e9s\u00e9hez vissza kell n\u00e9zni a f\u00f6ldre \u00e9s lefel\u00e9. Az els\u0151 turroner\u00f3k val\u00f3j\u00e1ban f\u00f6ldm\u0171vesek voltak, akik mandulaf\u00e1kat termesztettek \u00e9s m\u00e9zet gy\u0171jt\u00f6ttek, de t\u00e9len, amikor havazott, t\u00fal kellett \u00e9lni\u00fck. Ez\u00e9rt tal\u00e1lt\u00e1k ki, hogy az \u00e1ltaluk megtermelt nyersanyagokat \u00e9lelmiszerr\u00e9 alak\u00edtj\u00e1k \u00e1t, amelyet az akkori v\u00e1s\u00e1rokon eladhatnak.   <\/p>\n<p>Alicante tartom\u00e1ny \u00e9ghajlati \u00e9s geol\u00f3giai viszonyai k\u00fcl\u00f6n\u00f6sen alkalmasak a mandulaf\u00e1k termeszt\u00e9s\u00e9re, amelyek csak mediterr\u00e1n \u00e9ghajlaton fejl\u0151dnek. E fa m\u00e1sik saj\u00e1toss\u00e1ga, hogy szaporod\u00e1s\u00e1hoz beporz\u00e1sra van sz\u00fcks\u00e9g, ez\u00e9rt a m\u00e9hek sz\u00e1m\u00e1ra meg kell k\u00f6nny\u00edteni a feladatuk ell\u00e1t\u00e1s\u00e1t \u00e9s a m\u00e9ztermel\u00e9s\u00e9t. Ahhoz azonban, hogy a nug\u00e1t ne csak cukor, mandula \u00e9s m\u00e9z egyszer\u0171 kever\u00e9ke legyen, szigor\u00fa \u00e9s \u0151si gy\u00e1rt\u00e1si \u00e9s min\u0151s\u00e9gi elj\u00e1r\u00e1sokat kell k\u00f6vetni.  <\/p>\n<p>\u00d6sszetev\u0151k P\u00f6rk\u00f6lt mandula 64%, cukor, m\u00e9z, toj\u00e1sfeh\u00e9rje \u00e9s e-471 emulge\u00e1l\u00f3szer.<\/p>\n<p><strong>LEJ\u00c1RATI D\u00c1TUM 02\/2024<\/strong><\/p>\n","protected":false},"excerpt":{"rendered":"<p>A m\u00e9z \u00e9s a mandula az a k\u00e9t alapvet\u0151 elem, amelyb\u0151l a Jijon\u00e1ban k\u00e9sz\u00fclt nug\u00e1t k\u00e9sz\u00fcl, a Szab\u00e1lyoz\u00f3 Tan\u00e1cs \u00e1ltal oda\u00edt\u00e9lt oltalom alatt \u00e1ll\u00f3 f\u00f6ldrajzi jelz\u00e9ssel. Eredet\u00e9nek felfedez\u00e9s\u00e9hez vissza kell n\u00e9zni a f\u00f6ldre \u00e9s lefel\u00e9. Az els\u0151 turroner\u00f3k val\u00f3j\u00e1ban f\u00f6ldm\u0171vesek voltak, akik mandulaf\u00e1kat termesztettek \u00e9s m\u00e9zet gy\u0171jt\u00f6ttek, de t\u00e9len, amikor havazott, t\u00fal kellett \u00e9lni\u00fck. Ez\u00e9rt [&hellip;]<\/p>\n","protected":false},"featured_media":13663,"template":"","meta":{"_et_pb_use_builder":"","_et_pb_old_content":"","_et_gb_content_width":""},"product_brand":[1414],"product_cat":[7748,1955],"product_tag":[],"class_list":{"0":"post-45649","1":"product","2":"type-product","3":"status-publish","4":"has-post-thumbnail","6":"product_brand-pico","7":"product_cat-karacsonyi-kulonkiadas","8":"product_cat-megorzi-a","10":"first","11":"outofstock","12":"taxable","13":"shipping-taxable","14":"product-type-variable"},"_links":{"self":[{"href":"https:\/\/myspainfood.com\/hu\/wp-json\/wp\/v2\/product\/45649","targetHints":{"allow":["GET"]}}],"collection":[{"href":"https:\/\/myspainfood.com\/hu\/wp-json\/wp\/v2\/product"}],"about":[{"href":"https:\/\/myspainfood.com\/hu\/wp-json\/wp\/v2\/types\/product"}],"wp:featuredmedia":[{"embeddable":true,"href":"https:\/\/myspainfood.com\/hu\/wp-json\/wp\/v2\/media\/13663"}],"wp:attachment":[{"href":"https:\/\/myspainfood.com\/hu\/wp-json\/wp\/v2\/media?parent=45649"}],"wp:term":[{"taxonomy":"product_brand","embeddable":true,"href":"https:\/\/myspainfood.com\/hu\/wp-json\/wp\/v2\/product_brand?post=45649"},{"taxonomy":"product_cat","embeddable":true,"href":"https:\/\/myspainfood.com\/hu\/wp-json\/wp\/v2\/product_cat?post=45649"},{"taxonomy":"product_tag","embeddable":true,"href":"https:\/\/myspainfood.com\/hu\/wp-json\/wp\/v2\/product_tag?post=45649"}],"curies":[{"name":"wp","href":"https:\/\/api.w.org\/{rel}","templated":true}]}}