{"id":45849,"date":"2025-04-10T12:11:27","date_gmt":"2025-04-10T10:11:27","guid":{"rendered":"https:\/\/myspainfood.com\/producto\/tojas-gildas-szardellaval-bokeo-4-db\/"},"modified":"2025-06-24T13:03:58","modified_gmt":"2025-06-24T11:03:58","slug":"tojas-gildas-szardellaval-bokeo-4-db","status":"publish","type":"product","link":"https:\/\/myspainfood.com\/hu\/producto\/tojas-gildas-szardellaval-bokeo-4-db\/","title":{"rendered":"Toj\u00e1s Gildas szardell\u00e1val Bokeo 4 db"},"content":{"rendered":"<p>Szardell\u00e1s gilda, f\u00fcrjtoj\u00e1s, szardell\u00e1val t\u00f6lt\u00f6tt olajbogy\u00f3, piparra \u00e9s pirospaprika.<\/p>\n","protected":false},"excerpt":{"rendered":"<p>Szardell\u00e1s gilda, f\u00fcrjtoj\u00e1s, szardell\u00e1val t\u00f6lt\u00f6tt olajbogy\u00f3, piparra \u00e9s pirospaprika.<\/p>\n","protected":false},"featured_media":10675,"template":"","meta":{"_et_pb_use_builder":"","_et_pb_old_content":"","_et_gb_content_width":""},"product_brand":[1277],"product_cat":[1837,1955,1569,2339,1841,1568,1888],"product_tag":[],"class_list":{"0":"post-45849","1":"product","2":"type-product","3":"status-publish","4":"has-post-thumbnail","6":"product_brand-bokeo","7":"product_cat-hideg","8":"product_cat-megorzi-a","9":"product_cat-olajbogyo","10":"product_cat-paprika-hu","11":"product_cat-pintxos-hu","12":"product_cat-savanyusagok","13":"product_cat-szardella-hu","14":"product_shipping_class-hidegszallitas","16":"first","17":"outofstock","18":"taxable","19":"shipping-taxable","20":"product-type-variable"},"_links":{"self":[{"href":"https:\/\/myspainfood.com\/hu\/wp-json\/wp\/v2\/product\/45849","targetHints":{"allow":["GET"]}}],"collection":[{"href":"https:\/\/myspainfood.com\/hu\/wp-json\/wp\/v2\/product"}],"about":[{"href":"https:\/\/myspainfood.com\/hu\/wp-json\/wp\/v2\/types\/product"}],"wp:featuredmedia":[{"embeddable":true,"href":"https:\/\/myspainfood.com\/hu\/wp-json\/wp\/v2\/media\/10675"}],"wp:attachment":[{"href":"https:\/\/myspainfood.com\/hu\/wp-json\/wp\/v2\/media?parent=45849"}],"wp:term":[{"taxonomy":"product_brand","embeddable":true,"href":"https:\/\/myspainfood.com\/hu\/wp-json\/wp\/v2\/product_brand?post=45849"},{"taxonomy":"product_cat","embeddable":true,"href":"https:\/\/myspainfood.com\/hu\/wp-json\/wp\/v2\/product_cat?post=45849"},{"taxonomy":"product_tag","embeddable":true,"href":"https:\/\/myspainfood.com\/hu\/wp-json\/wp\/v2\/product_tag?post=45849"}],"curies":[{"name":"wp","href":"https:\/\/api.w.org\/{rel}","templated":true}]}}