{"id":45927,"date":"2025-04-10T12:11:27","date_gmt":"2025-04-10T10:11:27","guid":{"rendered":"https:\/\/myspainfood.com\/producto\/400-gramm-la-ponderosa-valogatott-zacsko\/"},"modified":"2025-04-10T12:11:27","modified_gmt":"2025-04-10T10:11:27","slug":"400-gramm-la-ponderosa-valogatott-zacsko","status":"publish","type":"product","link":"https:\/\/myspainfood.com\/hu\/producto\/400-gramm-la-ponderosa-valogatott-zacsko\/","title":{"rendered":"400 gramm La Ponderosa v\u00e1logatott zacsk\u00f3"},"content":{"rendered":"<p>Le\u00edr\u00e1s<\/p>\n<p>Ebben a v\u00e1laszt\u00e9kban a 400 grammos minis zs\u00e1kokban a leghagyom\u00e1nyosabb kar\u00e1csonyi term\u00e9keket tal\u00e1lja. Egyetlen term\u00e9kben tal\u00e1l egy v\u00e1logat\u00e1st: <\/p>\n<p>- Bor \u00e9s mandul\u00e1s f\u00e1nk. A kiv\u00e1l\u00f3 boros f\u00e1nk mini v\u00e1ltozata. Kerek alak\u00fa, k\u00f6zep\u00e9n lyukkal, \u00e9des borral, mandul\u00e1val, szez\u00e1mmaggal \u00e9s porcukorral k\u00e9sz\u00fclt.  <\/p>\n<p>- Polvoroncitos de almendra. Mi lenne a kar\u00e1csony a hagyom\u00e1nyos polvoronones n\u00e9lk\u00fcl? B\u00e1r kisebbek, mint az eredetiek, a mi polvoroncitosaink meg\u0151rzik a jellegzetes mandula\u00edzt.  <\/p>\n<p>- Fah\u00e9jas keksz. A kar\u00e1csony kir\u00e1lya a polvor\u00f3nnal egy\u00fctt. A mantecado mini v\u00e1ltozata ugyanazokb\u00f3l az \u00f6sszetev\u0151kb\u0151l k\u00e9sz\u00fcl: vaj, liszt, \u0151r\u00f6lt mandula, szez\u00e1mmag \u00e9s fah\u00e9j.  <\/p>\n<p>\u00d6sszetev\u0151k<\/p>\n<p>Mini fah\u00e9jas vaj: B\u00fazaliszt, cukor, ib\u00e9riai zs\u00edr (antioxid\u00e1ns: E-320), fah\u00e9j (1%) \u00e9s szez\u00e1mmag. Nyomokban di\u00f3f\u00e9l\u00e9ket, f\u00f6ldimogyor\u00f3t \u00e9s szulfitokat tartalmazhat. <\/p>\n<p>Mini mandul\u00e1s polvor\u00f3n: B\u00fazaliszt, cukor, ib\u00e9riai zs\u00edr (antioxid\u00e1ns: E-320), mandula (8%), fah\u00e9j, szegf\u0171szeg \u00e9s citrom aroma. Nyomokban f\u00f6ldimogyor\u00f3t, szez\u00e1mot \u00e9s szulfitokat tartalmazhat. <\/p>\n<p>Boros-mandul\u00e1s mini f\u00e1nk: B\u00fazaliszt, ib\u00e9riai zs\u00edr (antioxid\u00e1ns: E-320), cukor, bor (szulfitokat tartalmaz) (12%), mandula (5%), \u00e1nizs, fah\u00e9j, szez\u00e1mmag, \u00e1nizsaroma \u00e9s citromaroma. Nyomokban f\u00f6ldimogyor\u00f3t tartalmazhat. <\/p>\n<p>Allerg\u00e9nek<\/p>\n<p>Glut\u00e9nt, di\u00f3f\u00e9l\u00e9ket, szez\u00e1mot \u00e9s szulfitokat tartalmaz. Nyomokban f\u00f6ldimogyor\u00f3t tartalmazhat. <\/p>\n","protected":false},"excerpt":{"rendered":"<p>Le\u00edr\u00e1s Ebben a v\u00e1laszt\u00e9kban a 400 grammos minis zs\u00e1kokban a leghagyom\u00e1nyosabb kar\u00e1csonyi term\u00e9keket tal\u00e1lja. Egyetlen term\u00e9kben tal\u00e1l egy v\u00e1logat\u00e1st: - Bor \u00e9s mandul\u00e1s f\u00e1nk. A kiv\u00e1l\u00f3 boros f\u00e1nk mini v\u00e1ltozata. Kerek alak\u00fa, k\u00f6zep\u00e9n lyukkal, \u00e9des borral, mandul\u00e1val, szez\u00e1mmaggal \u00e9s porcukorral k\u00e9sz\u00fclt. - Polvoroncitos de almendra. Mi lenne a kar\u00e1csony a hagyom\u00e1nyos polvoronones n\u00e9lk\u00fcl? B\u00e1r kisebbek, [&hellip;]<\/p>\n","protected":false},"featured_media":13789,"template":"","meta":{"_et_pb_use_builder":"","_et_pb_old_content":"","_et_gb_content_width":""},"product_brand":[1417],"product_cat":[7748,1955],"product_tag":[],"class_list":{"0":"post-45927","1":"product","2":"type-product","3":"status-publish","4":"has-post-thumbnail","6":"product_brand-la-ponderosa","7":"product_cat-karacsonyi-kulonkiadas","8":"product_cat-megorzi-a","10":"first","11":"outofstock","12":"taxable","13":"shipping-taxable","14":"product-type-variable"},"_links":{"self":[{"href":"https:\/\/myspainfood.com\/hu\/wp-json\/wp\/v2\/product\/45927","targetHints":{"allow":["GET"]}}],"collection":[{"href":"https:\/\/myspainfood.com\/hu\/wp-json\/wp\/v2\/product"}],"about":[{"href":"https:\/\/myspainfood.com\/hu\/wp-json\/wp\/v2\/types\/product"}],"wp:featuredmedia":[{"embeddable":true,"href":"https:\/\/myspainfood.com\/hu\/wp-json\/wp\/v2\/media\/13789"}],"wp:attachment":[{"href":"https:\/\/myspainfood.com\/hu\/wp-json\/wp\/v2\/media?parent=45927"}],"wp:term":[{"taxonomy":"product_brand","embeddable":true,"href":"https:\/\/myspainfood.com\/hu\/wp-json\/wp\/v2\/product_brand?post=45927"},{"taxonomy":"product_cat","embeddable":true,"href":"https:\/\/myspainfood.com\/hu\/wp-json\/wp\/v2\/product_cat?post=45927"},{"taxonomy":"product_tag","embeddable":true,"href":"https:\/\/myspainfood.com\/hu\/wp-json\/wp\/v2\/product_tag?post=45927"}],"curies":[{"name":"wp","href":"https:\/\/api.w.org\/{rel}","templated":true}]}}