{"id":45941,"date":"2025-04-10T12:11:27","date_gmt":"2025-04-10T10:11:27","guid":{"rendered":"https:\/\/myspainfood.com\/producto\/hazi-keszitesu-mezeskalacs-500-grammos-zacsko-la-ponderosa\/"},"modified":"2025-04-10T12:11:27","modified_gmt":"2025-04-10T10:11:27","slug":"hazi-keszitesu-mezeskalacs-500-grammos-zacsko-la-ponderosa","status":"publish","type":"product","link":"https:\/\/myspainfood.com\/hu\/producto\/hazi-keszitesu-mezeskalacs-500-grammos-zacsko-la-ponderosa\/","title":{"rendered":"H\u00e1zi k\u00e9sz\u00edt\u00e9s\u0171 m\u00e9zeskal\u00e1cs 500 grammos zacsk\u00f3 La Ponderosa"},"content":{"rendered":"<p>Csokol\u00e1d\u00e9, citrom, fah\u00e9j&#8230; Sokf\u00e9le \u00edzes\u00edt\u00e9s\u0171 mantecados van a piacon, de ha van olyan, ami k\u00f6telez\u0151 a kar\u00e1csonyi asztalra, akkor az a h\u00e1zi mantecados. A min\u0151s\u00e9g kever\u00e9ke, hiszen a h\u00e1zi mantecados a legjobb alapanyagokb\u00f3l k\u00e9sz\u00fcl, a k\u00e9zm\u0171vess\u00e9ggel, egy olyan term\u00e9k hagyom\u00e1ny\u00e1val, amelyet m\u00e1r \u00e9vek \u00f3ta forgalmaznak haz\u00e1nkban, az egyik legkelend\u0151bb term\u00e9kk\u00e9 teszi a v\u00e1s\u00e1rl\u00f3ink k\u00f6r\u00e9ben. <\/p>\n<p>\u00d6sszetev\u0151k:<\/p>\n<p>B\u00fazaliszt, cukor, ib\u00e9riai zs\u00edr (antioxid\u00e1ns: E-320), fah\u00e9j \u00e9s szez\u00e1mmag. Nyomokban di\u00f3f\u00e9l\u00e9ket, f\u00f6ldimogyor\u00f3t \u00e9s szulfitokat tartalmazhat. <\/p>\n<p>Allerg\u00e9nek<\/p>\n<p>Glut\u00e9nt \u00e9s szez\u00e1mot tartalmaz. Nyomokban di\u00f3f\u00e9l\u00e9ket, f\u00f6ldimogyor\u00f3t \u00e9s szulfitokat tartalmazhat. <\/p>\n","protected":false},"excerpt":{"rendered":"<p>Csokol\u00e1d\u00e9, citrom, fah\u00e9j&#8230; Sokf\u00e9le \u00edzes\u00edt\u00e9s\u0171 mantecados van a piacon, de ha van olyan, ami k\u00f6telez\u0151 a kar\u00e1csonyi asztalra, akkor az a h\u00e1zi mantecados. A min\u0151s\u00e9g kever\u00e9ke, hiszen a h\u00e1zi mantecados a legjobb alapanyagokb\u00f3l k\u00e9sz\u00fcl, a k\u00e9zm\u0171vess\u00e9ggel, egy olyan term\u00e9k hagyom\u00e1ny\u00e1val, amelyet m\u00e1r \u00e9vek \u00f3ta forgalmaznak haz\u00e1nkban, az egyik legkelend\u0151bb term\u00e9kk\u00e9 teszi a v\u00e1s\u00e1rl\u00f3ink k\u00f6r\u00e9ben. \u00d6sszetev\u0151k: [&hellip;]<\/p>\n","protected":false},"featured_media":13771,"template":"","meta":{"_et_pb_use_builder":"","_et_pb_old_content":"","_et_gb_content_width":""},"product_brand":[1417],"product_cat":[7748,1955],"product_tag":[],"class_list":{"0":"post-45941","1":"product","2":"type-product","3":"status-publish","4":"has-post-thumbnail","6":"product_brand-la-ponderosa","7":"product_cat-karacsonyi-kulonkiadas","8":"product_cat-megorzi-a","10":"first","11":"outofstock","12":"taxable","13":"shipping-taxable","14":"product-type-variable"},"_links":{"self":[{"href":"https:\/\/myspainfood.com\/hu\/wp-json\/wp\/v2\/product\/45941","targetHints":{"allow":["GET"]}}],"collection":[{"href":"https:\/\/myspainfood.com\/hu\/wp-json\/wp\/v2\/product"}],"about":[{"href":"https:\/\/myspainfood.com\/hu\/wp-json\/wp\/v2\/types\/product"}],"wp:featuredmedia":[{"embeddable":true,"href":"https:\/\/myspainfood.com\/hu\/wp-json\/wp\/v2\/media\/13771"}],"wp:attachment":[{"href":"https:\/\/myspainfood.com\/hu\/wp-json\/wp\/v2\/media?parent=45941"}],"wp:term":[{"taxonomy":"product_brand","embeddable":true,"href":"https:\/\/myspainfood.com\/hu\/wp-json\/wp\/v2\/product_brand?post=45941"},{"taxonomy":"product_cat","embeddable":true,"href":"https:\/\/myspainfood.com\/hu\/wp-json\/wp\/v2\/product_cat?post=45941"},{"taxonomy":"product_tag","embeddable":true,"href":"https:\/\/myspainfood.com\/hu\/wp-json\/wp\/v2\/product_tag?post=45941"}],"curies":[{"name":"wp","href":"https:\/\/api.w.org\/{rel}","templated":true}]}}