{"id":46157,"date":"2025-04-10T12:12:05","date_gmt":"2025-04-10T10:12:05","guid":{"rendered":"https:\/\/myspainfood.com\/producto\/la-vieja-fabrica-keseru-narancslekvar-280-g\/"},"modified":"2025-04-10T12:12:05","modified_gmt":"2025-04-10T10:12:05","slug":"la-vieja-fabrica-keseru-narancslekvar-280-g","status":"publish","type":"product","link":"https:\/\/myspainfood.com\/hu\/producto\/la-vieja-fabrica-keseru-narancslekvar-280-g\/","title":{"rendered":"La Vieja F\u00e1brica Keser\u0171 narancslekv\u00e1r 280 g"},"content":{"rendered":"<p>A La Vieja F\u00e1brica keser\u0171 narancslekv\u00e1r egy hagyom\u00e1nyos spanyol term\u00e9k, amely hiteles \u00e9s finom \u00edz\u00e9vel t\u0171nik ki. A legjobb keser\u0171 narancsokb\u00f3l, hagyom\u00e1nyos receptek alapj\u00e1n k\u00e9sz\u00fcl, \u00e9s t\u00f6k\u00e9letes egyens\u00falyt biztos\u00edt az \u00e9dess\u00e9g \u00e9s a keser\u0171s\u00e9g k\u00f6z\u00f6tt. Ez a lekv\u00e1r ide\u00e1lis reggeli, uzsonna vagy desszert k\u00eds\u00e9r\u0151je, \u00e9s a hagyom\u00e1nyos spanyol \u00edzek gazdags\u00e1g\u00e1t hozza el az asztalra.  <\/p>\n<p>&nbsp;<\/p>\n<p><span class=\"info-key \"><strong>Az \u00e9lelmiszer neve<\/strong>:<\/span> Keser\u0171 narancslekv\u00e1r<\/p>\n<p><span class=\"info-key \"><strong>Az \u00fczemeltet\u0151 neve<\/strong>:<\/span> \u00c1ngel Camacho Alimentaci\u00f3n, S.L.<\/p>\n<p><span class=\"info-key \"><strong>Az \u00fczemeltet\u0151 c\u00edme<\/strong>:<\/span> Avda. del Pilar, 6 - 41530 Mor\u00f3n de la Frontera (Sevilla).<\/p>\n<p><span class=\"info-key \"><strong>Az \u00e9lelmiszer sz\u00e1rmaz\u00e1si helye<\/strong>:<\/span> spanyolorsz\u00e1gi term\u00e9k.<\/p>\n<p><span class=\"info-key \"><strong>Nett\u00f3 mennyis\u00e9g<\/strong>:<\/span> 365 g<\/p>\n<p><span class=\"info-key \"><strong>Egy\u00e9b k\u00f6telez\u0151 c\u00edmk\u00e9z\u00e9si inform\u00e1ci\u00f3<\/strong>:<\/span> 100 grammonk\u00e9nt 40 g narancsb\u00f3l k\u00e9sz\u00fclt.<\/p>\n<p><strong>Teljes cukortartalom<\/strong> 65 g\/100 g.<\/p>\n","protected":false},"excerpt":{"rendered":"<p>A La Vieja F\u00e1brica keser\u0171 narancslekv\u00e1r egy hagyom\u00e1nyos spanyol term\u00e9k, amely hiteles \u00e9s finom \u00edz\u00e9vel t\u0171nik ki. A legjobb keser\u0171 narancsokb\u00f3l, hagyom\u00e1nyos receptek alapj\u00e1n k\u00e9sz\u00fcl, \u00e9s t\u00f6k\u00e9letes egyens\u00falyt biztos\u00edt az \u00e9dess\u00e9g \u00e9s a keser\u0171s\u00e9g k\u00f6z\u00f6tt. Ez a lekv\u00e1r ide\u00e1lis reggeli, uzsonna vagy desszert k\u00eds\u00e9r\u0151je, \u00e9s a hagyom\u00e1nyos spanyol \u00edzek gazdags\u00e1g\u00e1t hozza el az asztalra. &nbsp; [&hellip;]<\/p>\n","protected":false},"featured_media":14212,"template":"","meta":{"_et_pb_use_builder":"","_et_pb_old_content":"","_et_gb_content_width":""},"product_brand":[1460],"product_cat":[1955],"product_tag":[],"class_list":{"0":"post-46157","1":"product","2":"type-product","3":"status-publish","4":"has-post-thumbnail","6":"product_brand-la-vieja-fabrica","7":"product_cat-megorzi-a","9":"first","10":"outofstock","11":"taxable","12":"shipping-taxable","13":"product-type-variable"},"_links":{"self":[{"href":"https:\/\/myspainfood.com\/hu\/wp-json\/wp\/v2\/product\/46157","targetHints":{"allow":["GET"]}}],"collection":[{"href":"https:\/\/myspainfood.com\/hu\/wp-json\/wp\/v2\/product"}],"about":[{"href":"https:\/\/myspainfood.com\/hu\/wp-json\/wp\/v2\/types\/product"}],"wp:featuredmedia":[{"embeddable":true,"href":"https:\/\/myspainfood.com\/hu\/wp-json\/wp\/v2\/media\/14212"}],"wp:attachment":[{"href":"https:\/\/myspainfood.com\/hu\/wp-json\/wp\/v2\/media?parent=46157"}],"wp:term":[{"taxonomy":"product_brand","embeddable":true,"href":"https:\/\/myspainfood.com\/hu\/wp-json\/wp\/v2\/product_brand?post=46157"},{"taxonomy":"product_cat","embeddable":true,"href":"https:\/\/myspainfood.com\/hu\/wp-json\/wp\/v2\/product_cat?post=46157"},{"taxonomy":"product_tag","embeddable":true,"href":"https:\/\/myspainfood.com\/hu\/wp-json\/wp\/v2\/product_tag?post=46157"}],"curies":[{"name":"wp","href":"https:\/\/api.w.org\/{rel}","templated":true}]}}