{"id":46171,"date":"2025-04-10T12:12:05","date_gmt":"2025-04-10T10:12:05","guid":{"rendered":"https:\/\/myspainfood.com\/producto\/santos-sodupe-rioja-rose-feledes-pekadora-rioja-rioja\/"},"modified":"2026-01-29T12:39:41","modified_gmt":"2026-01-29T11:39:41","slug":"santos-sodupe-rioja-rose-feledes-pekadora-rioja-rioja","status":"publish","type":"product","link":"https:\/\/myspainfood.com\/hu\/producto\/santos-sodupe-rioja-rose-feledes-pekadora-rioja-rioja\/","title":{"rendered":"Santos Sodupe Rioja Ros\u00e9 f\u00e9l\u00e9des PEKADORA Rioja Rioja"},"content":{"rendered":"<p>\u00c9jszakai betakar\u00edt\u00e1s<\/p>\n<p>Hideg macer\u00e1ci\u00f3<\/p>\n<p>Alacsony nyom\u00e1s\u00fa pr\u00e9sel\u00e9s, szabadon foly\u00f3 l\u00e9<\/p>\n<p>Flot\u00e1ci\u00f3s tiszt\u00edt\u00e1s<\/p>\n<p>H\u0151m\u00e9rs\u00e9klet-szab\u00e1lyozott erjeszt\u00e9s<\/p>\n<p>M\u0171szaki specifik\u00e1ci\u00f3k<\/p>\n<p>  F\u00e9l\u00e9des roz\u00e9<\/p>\n<p>  100% v\u00f6r\u00f6s gr\u00e1n\u00e1talma<\/p>\n<p>  Bodegas Santos Sodupe<\/p>\n<p>  San Asensio, La Rioja<\/p>\n<p>  D.O.C. Rioja<\/p>\n<p>  75cl \/ 12,5%vol.<\/p>\n<p>  Szulfitokat tartalmaz<\/p>\n<p>k\u00f3stol\u00f3<\/p>\n<p>Halv\u00e1ny tiszta r\u00f3zsasz\u00edn, lazacos kiemel\u00e9sekkel<\/p>\n<p>Feh\u00e9r gy\u00fcm\u00f6lcs\u00f6k \u00e9s citrusf\u00e9l\u00e9k komp\u00f3tja<\/p>\n<p>Az \u00e9dess\u00e9g \u00e9s a savass\u00e1g egyens\u00faly\u00e1nak vibr\u00e1l\u00f3 \u00e9rz\u00e9se<\/p>\n","protected":false},"excerpt":{"rendered":"<p>\u00c9jszakai betakar\u00edt\u00e1s Hideg macer\u00e1ci\u00f3 Alacsony nyom\u00e1s\u00fa pr\u00e9sel\u00e9s, szabadon foly\u00f3 l\u00e9 Flot\u00e1ci\u00f3s tiszt\u00edt\u00e1s H\u0151m\u00e9rs\u00e9klet-szab\u00e1lyozott erjeszt\u00e9s M\u0171szaki specifik\u00e1ci\u00f3k F\u00e9l\u00e9des roz\u00e9 100% v\u00f6r\u00f6s gr\u00e1n\u00e1talma Bodegas Santos Sodupe San Asensio, La Rioja D.O.C. Rioja 75cl \/ 12,5%vol. Szulfitokat tartalmaz k\u00f3stol\u00f3 Halv\u00e1ny tiszta r\u00f3zsasz\u00edn, lazacos kiemel\u00e9sekkel Feh\u00e9r gy\u00fcm\u00f6lcs\u00f6k \u00e9s citrusf\u00e9l\u00e9k komp\u00f3tja Az \u00e9dess\u00e9g \u00e9s a savass\u00e1g egyens\u00faly\u00e1nak vibr\u00e1l\u00f3 \u00e9rz\u00e9se<\/p>\n","protected":false},"featured_media":14248,"template":"","meta":{"_et_pb_use_builder":"","_et_pb_old_content":"","_et_gb_content_width":""},"product_brand":[1459],"product_cat":[4876,4875],"product_tag":[],"class_list":{"0":"post-46171","1":"product","2":"type-product","3":"status-publish","4":"has-post-thumbnail","6":"product_brand-santos-sodupe","7":"product_cat-bor","8":"product_cat-italok","10":"first","11":"outofstock","12":"taxable","13":"shipping-taxable","14":"product-type-variable"},"_links":{"self":[{"href":"https:\/\/myspainfood.com\/hu\/wp-json\/wp\/v2\/product\/46171","targetHints":{"allow":["GET"]}}],"collection":[{"href":"https:\/\/myspainfood.com\/hu\/wp-json\/wp\/v2\/product"}],"about":[{"href":"https:\/\/myspainfood.com\/hu\/wp-json\/wp\/v2\/types\/product"}],"wp:featuredmedia":[{"embeddable":true,"href":"https:\/\/myspainfood.com\/hu\/wp-json\/wp\/v2\/media\/14248"}],"wp:attachment":[{"href":"https:\/\/myspainfood.com\/hu\/wp-json\/wp\/v2\/media?parent=46171"}],"wp:term":[{"taxonomy":"product_brand","embeddable":true,"href":"https:\/\/myspainfood.com\/hu\/wp-json\/wp\/v2\/product_brand?post=46171"},{"taxonomy":"product_cat","embeddable":true,"href":"https:\/\/myspainfood.com\/hu\/wp-json\/wp\/v2\/product_cat?post=46171"},{"taxonomy":"product_tag","embeddable":true,"href":"https:\/\/myspainfood.com\/hu\/wp-json\/wp\/v2\/product_tag?post=46171"}],"curies":[{"name":"wp","href":"https:\/\/api.w.org\/{rel}","templated":true}]}}