{"id":46276,"date":"2025-04-10T12:07:15","date_gmt":"2025-04-10T10:07:15","guid":{"rendered":"https:\/\/myspainfood.com\/producto\/borso-nagyon-finom-extra\/"},"modified":"2025-04-10T12:07:15","modified_gmt":"2025-04-10T10:07:15","slug":"borso-nagyon-finom-extra","status":"publish","type":"product","link":"https:\/\/myspainfood.com\/hu\/producto\/borso-nagyon-finom-extra\/","title":{"rendered":"Bors\u00f3 nagyon finom extra"},"content":{"rendered":"<p>A Guisantes muy fino extra <a href=\"https:\/\/twitter.com\/mca_spain\" target=\"_blank\" rel=\"noopener noreferrer nofollow\">spanyolorsz\u00e1gi term\u00e9k<\/a>.<\/p>\n<p>\u00d6sszetev\u0151k: Bors\u00f3, v\u00edz, cukor \u00e9s s\u00f3.<\/p>\n<p>Felbont\u00e1s ut\u00e1n tartsa h\u0171t\u0151ben, \u00e9s lehet\u0151leg 5 napon bel\u00fcl fogyassza el.<\/p>\n<p>A La Viuda de Mateo egyike azon kereskedelmi m\u00e1rk\u00e1knak, amelyekkel az MCA Spain csoport a piacra l\u00e9p.<\/p>\n<p>Az MCA Spanyolorsz\u00e1g eredete Carlos Ripa, a jelenlegi vez\u00e9rigazgat\u00f3 tapasztalataib\u00f3l ered, miut\u00e1n egy \u00e9vtizedig egy csal\u00e1di v\u00e1llalkoz\u00e1sban dolgozott, amely az \u00e9lelmiszer-kiskereskedelmi \u00e1gazathoz kapcsol\u00f3dik.<\/p>\n<p>Az 1980-as \u00e9vek k\u00f6zep\u00e9n azonban Ripa elind\u00edtotta saj\u00e1t szem\u00e9lyes projektj\u00e9t sz\u00fcl\u0151v\u00e1ros\u00e1ban (Mendavia, Navarra): egy konzervipari v\u00e1llalatot, az MCA Spanyolorsz\u00e1got.<\/p>\n<p>Ez a v\u00e1llalat a z\u00f6lds\u00e9gkonzervek \u00e9s a halkonzervek r\u00e9v\u00e9n a spanyol agr\u00e1r-\u00e9lelmiszeripari \u00e1gazat els\u0151 oszt\u00e1ly\u00e1n helyezkedik el.<\/p>\n<p>L\u00e1tv\u00e1nyos fejl\u0151d\u00e9s, amely nem lett volna lehets\u00e9ges egy els\u0151 oszt\u00e1ly\u00fa csapat \u00e9s az \u00fcgyf\u00e9lszolg\u00e1lat ir\u00e1nti elhivatotts\u00e1g n\u00e9lk\u00fcl.<\/p>\n<p>Ha extra finom bors\u00f3t vagy b\u00e1rmilyen m\u00e1s <a href=\"https:\/\/latiendadesami.com\/categoria-producto\/conservas\/\" rel=\"noopener noreferrer nofollow\" target=\"_blank\">konzervet<\/a> szeretne v\u00e1s\u00e1rolni, ne habozzon, n\u00e9zze meg online katal\u00f3gusunkat.<\/p>\n<p>A legjobb min\u0151s\u00e9get a legjobb \u00e1ron k\u00edn\u00e1ljuk.<\/p>\n<p>\u00cdrjon nek\u00fcnk tov\u00e1bbi inform\u00e1ci\u00f3k\u00e9rt, vagy ha b\u00e1rmilyen k\u00e9rd\u00e9se van ezzel vagy b\u00e1rmely m\u00e1s, katal\u00f3gusunkban szerepl\u0151 term\u00e9kkel kapcsolatban.<\/p>\n","protected":false},"excerpt":{"rendered":"<p>Bors\u00f3 nagyon finom Extra<\/p>\n","protected":false},"featured_media":9487,"template":"","meta":{"_et_pb_use_builder":"","_et_pb_old_content":"","_et_gb_content_width":""},"product_brand":[1129],"product_cat":[1955,3723],"product_tag":[],"class_list":{"0":"post-46276","1":"product","2":"type-product","3":"status-publish","4":"has-post-thumbnail","6":"product_brand-mateo","7":"product_cat-megorzi-a","8":"product_cat-zoldsegek","10":"first","11":"instock","12":"taxable","13":"shipping-taxable","14":"purchasable","15":"product-type-variable"},"_links":{"self":[{"href":"https:\/\/myspainfood.com\/hu\/wp-json\/wp\/v2\/product\/46276","targetHints":{"allow":["GET"]}}],"collection":[{"href":"https:\/\/myspainfood.com\/hu\/wp-json\/wp\/v2\/product"}],"about":[{"href":"https:\/\/myspainfood.com\/hu\/wp-json\/wp\/v2\/types\/product"}],"wp:featuredmedia":[{"embeddable":true,"href":"https:\/\/myspainfood.com\/hu\/wp-json\/wp\/v2\/media\/9487"}],"wp:attachment":[{"href":"https:\/\/myspainfood.com\/hu\/wp-json\/wp\/v2\/media?parent=46276"}],"wp:term":[{"taxonomy":"product_brand","embeddable":true,"href":"https:\/\/myspainfood.com\/hu\/wp-json\/wp\/v2\/product_brand?post=46276"},{"taxonomy":"product_cat","embeddable":true,"href":"https:\/\/myspainfood.com\/hu\/wp-json\/wp\/v2\/product_cat?post=46276"},{"taxonomy":"product_tag","embeddable":true,"href":"https:\/\/myspainfood.com\/hu\/wp-json\/wp\/v2\/product_tag?post=46276"}],"curies":[{"name":"wp","href":"https:\/\/api.w.org\/{rel}","templated":true}]}}