{"id":46537,"date":"2025-04-10T12:07:16","date_gmt":"2025-04-10T10:07:16","guid":{"rendered":"https:\/\/myspainfood.com\/producto\/viragmez-1-kg-la-celda-real\/"},"modified":"2025-04-10T12:07:16","modified_gmt":"2025-04-10T10:07:16","slug":"viragmez-1-kg-la-celda-real","status":"publish","type":"product","link":"https:\/\/myspainfood.com\/hu\/producto\/viragmez-1-kg-la-celda-real\/","title":{"rendered":"Vir\u00e1gm\u00e9z 1 kg La Celda Real"},"content":{"rendered":"<p style=\"text-align: left\">A Miel de Flores 1 kg egy olyan term\u00e9k, amelyet automatiz\u00e1lt <a href=\"https:\/\/es.wikipedia.org\/wiki\/Miel\" target=\"_blank\" rel=\"noopener noreferrer nofollow\">gy\u00e1rt\u00f3sorokkal<\/a> \u00e9s integr\u00e1lt min\u0151s\u00e9gbiztos\u00edt\u00e1si rendszerrel felszerelt, kiterjedt l\u00e9tes\u00edtm\u00e9nyeknek k\u00f6sz\u00f6nhet\u0151en \u00e1ll\u00edtanak el\u0151.<\/p>\n<p style=\"text-align: left\">A tapasztalt m\u00e9h\u00e9szek \u00e1ltal t\u00f6rt\u00e9n\u0151 betakar\u00edt\u00e1s ut\u00e1n a term\u00e9ket olyan elj\u00e1r\u00e1ssal csomagolj\u00e1k, amely biztos\u00edtja term\u00e9szetes tulajdons\u00e1gainak maxim\u00e1lis meg\u0151rz\u00e9s\u00e9t.<\/p>\n<p style=\"text-align: left\">Ez a term\u00e9k az \u0151t alkot\u00f3k tapasztalat\u00e1nak, tud\u00e1s\u00e1nak \u00e9s lelkesed\u00e9s\u00e9nek k\u00f6sz\u00f6nhet\u0151en fejl\u0151dik, a legjobb hagyom\u00e1nyok ir\u00e1nti kiegyens\u00falyozott elk\u00f6telezetts\u00e9ggel, a r\u00e9gi id\u0151k j\u00f3 munk\u00e1j\u00e1nak meg\u0151rz\u00e9s\u00e9vel, valamint a <strong>v\u00e9gterm\u00e9k min\u0151s\u00e9g\u00e9t<\/strong> biztos\u00edt\u00f3 gy\u00e1rt\u00e1si folyamatok r\u00e9v\u00e9n <strong>.<\/strong><\/p>\n<p style=\"text-align: left\">A m\u00e9z a m\u00e9hek \u00e1ltal a vir\u00e1gokb\u00f3l kinyert nekt\u00e1rb\u00f3l el\u0151\u00e1ll\u00edtott teljes \u00e9rt\u00e9k\u0171 \u00e9lelmiszer.<\/p>\n<p style=\"text-align: left\">Ez egy aranysz\u00edn\u0171, viszk\u00f3zus, \u00e9des \u00e9s \u00edzletes folyad\u00e9k, amelyet a m\u00e9hek a ny\u00e1ri szezonban a t\u00e1pl\u00e1lkoz\u00e1shoz tartanak meg.<\/p>\n<p style=\"text-align: left\">Sz\u00e1mos el\u0151nye van, mint p\u00e9ld\u00e1ul:<\/p>\n<ul style=\"text-align: left\">\n<li>Ez egy cukorhelyettes\u00edt\u0151. Term\u00e9szetes \u00e9s finom. <\/li>\n<li>Meger\u0151s\u00edti a v\u00e9dekez\u0151k\u00e9pess\u00e9get. Szervesen v\u00e9di \u00d6nt. <\/li>\n<li>Megel\u0151zi a fert\u0151z\u00e9seket. Gondoskodik az eg\u00e9szs\u00e9g\u00e9r\u0151l. <\/li>\n<li>Naponta extra energi\u00e1t ad.<\/li>\n<li>  Seg\u00edti az em\u00e9szt\u00e9st<\/li>\n<\/ul>\n<p style=\"text-align: left\">Ha Miel de Flores 1 kg-os vagy b\u00e1rmilyen m\u00e1s t\u00edpus\u00fa <a href=\"https:\/\/latiendadesami.com\/categoria-producto\/conservas\/\" rel=\"noopener noreferrer nofollow\" target=\"_blank\">konzervet<\/a> szeretne v\u00e1s\u00e1rolni, ne habozzon, n\u00e9zze meg online katal\u00f3gusunkat, hogy megismerje a sz\u00e9les v\u00e1laszt\u00e9kot.<\/p>\n<p style=\"text-align: left\">Tov\u00e1bbi inform\u00e1ci\u00f3\u00e9rt \u00edrjon nek\u00fcnk.<\/p>\n","protected":false},"excerpt":{"rendered":"<p>Vir\u00e1gm\u00e9z 1 kg<\/p>\n","protected":false},"featured_media":9595,"template":"","meta":{"_et_pb_use_builder":"","_et_pb_old_content":"","_et_gb_content_width":""},"product_brand":[1210],"product_cat":[1955,2926],"product_tag":[],"class_list":{"0":"post-46537","1":"product","2":"type-product","3":"status-publish","4":"has-post-thumbnail","6":"product_brand-la-celda-real","7":"product_cat-megorzi-a","8":"product_cat-mez","10":"first","11":"instock","12":"taxable","13":"shipping-taxable","14":"purchasable","15":"product-type-variable"},"_links":{"self":[{"href":"https:\/\/myspainfood.com\/hu\/wp-json\/wp\/v2\/product\/46537","targetHints":{"allow":["GET"]}}],"collection":[{"href":"https:\/\/myspainfood.com\/hu\/wp-json\/wp\/v2\/product"}],"about":[{"href":"https:\/\/myspainfood.com\/hu\/wp-json\/wp\/v2\/types\/product"}],"wp:featuredmedia":[{"embeddable":true,"href":"https:\/\/myspainfood.com\/hu\/wp-json\/wp\/v2\/media\/9595"}],"wp:attachment":[{"href":"https:\/\/myspainfood.com\/hu\/wp-json\/wp\/v2\/media?parent=46537"}],"wp:term":[{"taxonomy":"product_brand","embeddable":true,"href":"https:\/\/myspainfood.com\/hu\/wp-json\/wp\/v2\/product_brand?post=46537"},{"taxonomy":"product_cat","embeddable":true,"href":"https:\/\/myspainfood.com\/hu\/wp-json\/wp\/v2\/product_cat?post=46537"},{"taxonomy":"product_tag","embeddable":true,"href":"https:\/\/myspainfood.com\/hu\/wp-json\/wp\/v2\/product_tag?post=46537"}],"curies":[{"name":"wp","href":"https:\/\/api.w.org\/{rel}","templated":true}]}}