{"id":46565,"date":"2025-04-10T12:07:40","date_gmt":"2025-04-10T10:07:40","guid":{"rendered":"https:\/\/myspainfood.com\/producto\/pacolt-vegyes-sajt-las-gavillas-kb-800-g\/"},"modified":"2025-06-24T14:11:45","modified_gmt":"2025-06-24T12:11:45","slug":"pacolt-vegyes-sajt-las-gavillas-kb-800-g","status":"publish","type":"product","link":"https:\/\/myspainfood.com\/hu\/producto\/pacolt-vegyes-sajt-las-gavillas-kb-800-g\/","title":{"rendered":"P\u00e1colt vegyes sajt Las Gavillas kb. 800 g"},"content":{"rendered":"<p>Nyers teh\u00e9n-, kecske- \u00e9s juhtejb\u0151l k\u00e9sz\u00fclt sajt<\/p>\n<p> K\u00f6r\u00fclbel\u00fcl 800 gr-os szelet.<\/p>\n","protected":false},"excerpt":{"rendered":"<p>Nyers teh\u00e9n-, kecske- \u00e9s juhtejb\u0151l k\u00e9sz\u00fclt sajt K\u00f6r\u00fclbel\u00fcl 800 gr-os szelet.<\/p>\n","protected":false},"featured_media":9973,"template":"","meta":{"_et_pb_use_builder":"","_et_pb_old_content":"","_et_gb_content_width":""},"product_brand":[1247],"product_cat":[1837,2278],"product_tag":[],"class_list":{"0":"post-46565","1":"product","2":"type-product","3":"status-publish","4":"has-post-thumbnail","6":"product_brand-gavillas","7":"product_cat-hideg","8":"product_cat-sajt-es-kolbasz","9":"product_shipping_class-hidegszallitas","11":"first","12":"outofstock","13":"featured","14":"taxable","15":"shipping-taxable","16":"purchasable","17":"product-type-simple"},"_links":{"self":[{"href":"https:\/\/myspainfood.com\/hu\/wp-json\/wp\/v2\/product\/46565","targetHints":{"allow":["GET"]}}],"collection":[{"href":"https:\/\/myspainfood.com\/hu\/wp-json\/wp\/v2\/product"}],"about":[{"href":"https:\/\/myspainfood.com\/hu\/wp-json\/wp\/v2\/types\/product"}],"wp:featuredmedia":[{"embeddable":true,"href":"https:\/\/myspainfood.com\/hu\/wp-json\/wp\/v2\/media\/9973"}],"wp:attachment":[{"href":"https:\/\/myspainfood.com\/hu\/wp-json\/wp\/v2\/media?parent=46565"}],"wp:term":[{"taxonomy":"product_brand","embeddable":true,"href":"https:\/\/myspainfood.com\/hu\/wp-json\/wp\/v2\/product_brand?post=46565"},{"taxonomy":"product_cat","embeddable":true,"href":"https:\/\/myspainfood.com\/hu\/wp-json\/wp\/v2\/product_cat?post=46565"},{"taxonomy":"product_tag","embeddable":true,"href":"https:\/\/myspainfood.com\/hu\/wp-json\/wp\/v2\/product_tag?post=46565"}],"curies":[{"name":"wp","href":"https:\/\/api.w.org\/{rel}","templated":true}]}}