{"id":47904,"date":"2025-04-10T12:06:14","date_gmt":"2025-04-10T10:06:14","guid":{"rendered":"https:\/\/myspainfood.com\/producto\/kantabriai-szardella-120-g\/"},"modified":"2025-06-24T10:56:12","modified_gmt":"2025-06-24T08:56:12","slug":"kantabriai-szardella-120-g","status":"publish","type":"product","link":"https:\/\/myspainfood.com\/hu\/producto\/kantabriai-szardella-120-g\/","title":{"rendered":"Kant\u00e1briai szardella 120 g"},"content":{"rendered":"<p>A kantabriai szardella a piacon a legkedveltebb \u00e9s leg\u00e9rt\u00e9kesebb, finom text\u00far\u00e1j\u00e1val \u00e9s intenz\u00edv \u00edz\u00e9vel t\u0171nik ki. Az Arroyabe Cantabriai szardella kiv\u00e1l\u00f3 min\u0151s\u00e9g\u0171, kiz\u00e1r\u00f3lag a Cantabriai-tengerb\u0151l, az &#8222;Engraulis Encrasicholus&#8221; fajb\u00f3l sz\u00e1rmaz\u00f3, hagyom\u00e1nyos m\u00f3dszerekkel el\u0151\u00e1ll\u00edtott szardella. <\/p>\n<p>K\u00e9tf\u00e9le f\u00e9lig tart\u00f3s\u00edtott szardella l\u00e9tezik: szardellafil\u00e9 olajban \u00e9s s\u00f3zott szardella. A s\u00f3zott szardell\u00e1t a tavaszi parti szezonban s\u00f3val s\u00f3zott konzervdobozokba csomagolj\u00e1k, majd 9 h\u00f3napig \u00e9rlelik. A legjobb megold\u00e1st jelentik azok sz\u00e1m\u00e1ra, akik saj\u00e1t \u00edzl\u00e9s\u00fck szerint szeretn\u00e9k elk\u00e9sz\u00edteni a szardell\u00e1t. 2,5, 5 \u00e9s 10 kg-os konzervdobozokban v\u00e1s\u00e1rolhat\u00f3 s\u00f3zott szardella.  <\/p>\n<p>Az ol\u00edvaolajban s\u00fclt szardellafil\u00e9k tov\u00e1bbi el\u0151nye, hogy \u00e9rlel\u00e9s ut\u00e1n k\u00e9zzel tiszt\u00edtj\u00e1k \u00e9s fil\u00e9zik \u0151ket, a hagyom\u00e1nyos szardellafeldolgoz\u00e1si technik\u00e1k szerint.<\/p>\n","protected":false},"excerpt":{"rendered":"<p>A kantabriai szardella a piacon a legkedveltebb \u00e9s leg\u00e9rt\u00e9kesebb, finom text\u00far\u00e1j\u00e1val \u00e9s intenz\u00edv \u00edz\u00e9vel t\u0171nik ki. Az Arroyabe Cantabriai szardella kiv\u00e1l\u00f3 min\u0151s\u00e9g\u0171, kiz\u00e1r\u00f3lag a Cantabriai-tengerb\u0151l, az &#8222;Engraulis Encrasicholus&#8221; fajb\u00f3l sz\u00e1rmaz\u00f3, hagyom\u00e1nyos m\u00f3dszerekkel el\u0151\u00e1ll\u00edtott szardella. K\u00e9tf\u00e9le f\u00e9lig tart\u00f3s\u00edtott szardella l\u00e9tezik: szardellafil\u00e9 olajban \u00e9s s\u00f3zott szardella. A s\u00f3zott szardell\u00e1t a tavaszi parti szezonban s\u00f3val s\u00f3zott konzervdobozokba csomagolj\u00e1k, [&hellip;]<\/p>\n","protected":false},"featured_media":8470,"template":"","meta":{"_et_pb_use_builder":"","_et_pb_old_content":"","_et_gb_content_width":""},"product_brand":[1127],"product_cat":[1837,1839],"product_tag":[],"class_list":{"0":"post-47904","1":"product","2":"type-product","3":"status-publish","4":"has-post-thumbnail","6":"product_brand-picarpicar","7":"product_cat-hideg","8":"product_cat-szardella","9":"product_shipping_class-hidegszallitas","11":"first","12":"instock","13":"featured","14":"taxable","15":"shipping-taxable","16":"purchasable","17":"product-type-variable"},"_links":{"self":[{"href":"https:\/\/myspainfood.com\/hu\/wp-json\/wp\/v2\/product\/47904","targetHints":{"allow":["GET"]}}],"collection":[{"href":"https:\/\/myspainfood.com\/hu\/wp-json\/wp\/v2\/product"}],"about":[{"href":"https:\/\/myspainfood.com\/hu\/wp-json\/wp\/v2\/types\/product"}],"wp:featuredmedia":[{"embeddable":true,"href":"https:\/\/myspainfood.com\/hu\/wp-json\/wp\/v2\/media\/8470"}],"wp:attachment":[{"href":"https:\/\/myspainfood.com\/hu\/wp-json\/wp\/v2\/media?parent=47904"}],"wp:term":[{"taxonomy":"product_brand","embeddable":true,"href":"https:\/\/myspainfood.com\/hu\/wp-json\/wp\/v2\/product_brand?post=47904"},{"taxonomy":"product_cat","embeddable":true,"href":"https:\/\/myspainfood.com\/hu\/wp-json\/wp\/v2\/product_cat?post=47904"},{"taxonomy":"product_tag","embeddable":true,"href":"https:\/\/myspainfood.com\/hu\/wp-json\/wp\/v2\/product_tag?post=47904"}],"curies":[{"name":"wp","href":"https:\/\/api.w.org\/{rel}","templated":true}]}}