{"id":47986,"date":"2025-04-10T12:06:14","date_gmt":"2025-04-10T10:06:14","guid":{"rendered":"https:\/\/myspainfood.com\/producto\/szardella-chop-chop-2-kg\/"},"modified":"2025-06-24T16:17:30","modified_gmt":"2025-06-24T14:17:30","slug":"szardella-chop-chop-2-kg","status":"publish","type":"product","link":"https:\/\/myspainfood.com\/hu\/producto\/szardella-chop-chop-2-kg\/","title":{"rendered":"Szardella Chop &amp; Chop 2 kg"},"content":{"rendered":"<p>A Boquer\u00f3n Picar&amp;Picar 2 kg GOLD SERIES szardella fokhagym\u00e1val \u00e9s petrezselyemmel GOLD SERIES.<\/p>\n<p>Ez egy gy\u00f6ny\u00f6r\u0171 \u00e9s nagyon nagy hal, 200 grammos t\u00e1lc\u00e1ban.<\/p>\n<p>Ezt a <a href=\"https:\/\/picaripicar.com\/presentacion\/\" target=\"_blank\" rel=\"noopener noreferrer nofollow\">term\u00e9ket<\/a> napraforg\u00f3olajban, ecetben \u00e9s fokhagym\u00e1ban tart\u00f3s\u00edtj\u00e1k.<\/p>\n<p>A t\u00e1lc\u00e1t 0 \u00e9s 4 \u00baC k\u00f6z\u00f6tt kell tartani.<\/p>\n<p>Az elk\u00e9sz\u00edt\u00e9s\u00e9hez a szardella megtiszt\u00edtott, kezdetben barn\u00e1s h\u00fas\u00fa, megtiszt\u00edtott karaj\u00e1t haszn\u00e1ljuk.<\/p>\n<p>Kiemelik a k\u00fcls\u0151 b\u0151r\u00fck ez\u00fcst\u00f6s f\u00e9ny\u00e9t, \u00e9s egy t\u00e1lc\u00e1ban (\u00fcveg, soha nem f\u00e9m, mert azt az ecetben l\u00e9v\u0151 ecetsav megt\u00e1madn\u00e1) s\u00f3val, v\u00edzzel \u00e9s ecettel 3 \u00f3r\u00e1n \u00e1t v\u00edzben, \u00e9s k\u00f6r\u00fclbel\u00fcl 6 \u00f3r\u00e1n \u00e1t ecetben, h\u0171v\u00f6s helyen \u00e1ztatj\u00e1k \u0151ket.<\/p>\n<p>A szardellafil\u00e9, amely kor\u00e1bban barna volt, az ecet hat\u00e1s\u00e1ra kifeh\u00e9redik.<\/p>\n<p>Miut\u00e1n lecs\u00f6p\u00f6gtetj\u00fck a folyad\u00e9kot, d\u00edsz\u00edts\u00fck b\u0151ven apr\u00f3ra v\u00e1gott fokhagym\u00e1val, ol\u00edvaolajjal \u00e9s petrezselyemmel.<\/p>\n<p>Ezt az \u00e9telt \u00e1ltal\u00e1ban hidegen, s\u00f6rrel fogyasztj\u00e1k (a bor fogyaszt\u00e1sa nem aj\u00e1nlott, mivel az ecet bevitele rossz k\u00f6lcs\u00f6nhat\u00e1sba l\u00e9p a borral).<\/p>\n<p>Ez egy nagyon tipikus aperitif Spanyolorsz\u00e1gban, k\u00fcl\u00f6n\u00f6sen a melegebb h\u00f3napokban.<\/p>\n<p>Spanyolorsz\u00e1gban jellemz\u0151, hogy t\u00e1lc\u00e1n l\u00e1tjuk \u0151ket sz\u00e1mos b\u00e1r \u00e9s \u00e9tterem pultj\u00e1n.<\/p>\n<p>Az adagot gyakran d\u00edsz\u00edtik savany\u00fas\u00e1ggal: kapribogy\u00f3val vagy olajbogy\u00f3val, \u00e9s burgonyachipsszel t\u00e1lalj\u00e1k egy nagy t\u00e1ny\u00e9ron.<\/p>\n<p>Spanyolorsz\u00e1gban ezt a term\u00e9ket a nagy szupermarketekben k\u00fcl\u00f6nb\u00f6z\u0151 m\u00e9ret\u0171 m\u0171anyag k\u00e1dakban \u00e1rulj\u00e1k, amelyekhez csak a fokhagym\u00e1t \u00e9s a petrezselymet kell hozz\u00e1adni.<\/p>\n<h2>Boquer\u00f3n Picar&amp;Picar 2 kg GOLD SERIES<\/h2>\n<p>Ha Boquer\u00f3n Picar&amp;Picar 2 kg SERIE ORO vagy b\u00e1rmilyen m\u00e1s t\u00edpus\u00fa <a href=\"https:\/\/latiendadesami.com\/categoria-producto\/frio\/\" rel=\"noopener noreferrer nofollow\" target=\"_blank\">hideg \u00e9lelmiszert<\/a> szeretne v\u00e1s\u00e1rolni, ne habozzon, n\u00e9zze meg online katal\u00f3gusunkat.<\/p>\n<p>A legjobb min\u0151s\u00e9get a legjobb \u00e1ron k\u00edn\u00e1ljuk.<\/p>\n<p>\u00cdrjon nek\u00fcnk tov\u00e1bbi inform\u00e1ci\u00f3k\u00e9rt, vagy ha b\u00e1rmilyen k\u00e9rd\u00e9se van ezzel vagy b\u00e1rmely m\u00e1s term\u00e9kkel kapcsolatban.<\/p>\n","protected":false},"excerpt":{"rendered":"<p>A Boquer\u00f3n Picar&amp;Picar 2 kg GOLD SERIES szardella fokhagym\u00e1val \u00e9s petrezselyemmel GOLD SERIES. Ez egy gy\u00f6ny\u00f6r\u0171 \u00e9s nagyon nagy hal, 200 grammos t\u00e1lc\u00e1ban. Ezt a term\u00e9ket napraforg\u00f3olajban, ecetben \u00e9s fokhagym\u00e1ban tart\u00f3s\u00edtj\u00e1k. A t\u00e1lc\u00e1t 0 \u00e9s 4 \u00baC k\u00f6z\u00f6tt kell tartani. Az elk\u00e9sz\u00edt\u00e9s\u00e9hez a szardella megtiszt\u00edtott, kezdetben barn\u00e1s h\u00fas\u00fa, megtiszt\u00edtott karaj\u00e1t haszn\u00e1ljuk. Kiemelik a k\u00fcls\u0151 b\u0151r\u00fck [&hellip;]<\/p>\n","protected":false},"featured_media":8407,"template":"","meta":{"_et_pb_use_builder":"","_et_pb_old_content":"","_et_gb_content_width":""},"product_brand":[1127],"product_cat":[1837,1888],"product_tag":[],"class_list":{"0":"post-47986","1":"product","2":"type-product","3":"status-publish","4":"has-post-thumbnail","6":"product_brand-picarpicar","7":"product_cat-hideg","8":"product_cat-szardella-hu","9":"product_shipping_class-hidegszallitas","11":"first","12":"instock","13":"taxable","14":"shipping-taxable","15":"purchasable","16":"product-type-variable"},"_links":{"self":[{"href":"https:\/\/myspainfood.com\/hu\/wp-json\/wp\/v2\/product\/47986","targetHints":{"allow":["GET"]}}],"collection":[{"href":"https:\/\/myspainfood.com\/hu\/wp-json\/wp\/v2\/product"}],"about":[{"href":"https:\/\/myspainfood.com\/hu\/wp-json\/wp\/v2\/types\/product"}],"wp:featuredmedia":[{"embeddable":true,"href":"https:\/\/myspainfood.com\/hu\/wp-json\/wp\/v2\/media\/8407"}],"wp:attachment":[{"href":"https:\/\/myspainfood.com\/hu\/wp-json\/wp\/v2\/media?parent=47986"}],"wp:term":[{"taxonomy":"product_brand","embeddable":true,"href":"https:\/\/myspainfood.com\/hu\/wp-json\/wp\/v2\/product_brand?post=47986"},{"taxonomy":"product_cat","embeddable":true,"href":"https:\/\/myspainfood.com\/hu\/wp-json\/wp\/v2\/product_cat?post=47986"},{"taxonomy":"product_tag","embeddable":true,"href":"https:\/\/myspainfood.com\/hu\/wp-json\/wp\/v2\/product_tag?post=47986"}],"curies":[{"name":"wp","href":"https:\/\/api.w.org\/{rel}","templated":true}]}}