{"id":48120,"date":"2025-04-10T12:06:39","date_gmt":"2025-04-10T10:06:39","guid":{"rendered":"https:\/\/myspainfood.com\/producto\/egesz-piquillo-paprika-extra-mateo\/"},"modified":"2025-04-10T12:06:39","modified_gmt":"2025-04-10T10:06:39","slug":"egesz-piquillo-paprika-extra-mateo","status":"publish","type":"product","link":"https:\/\/myspainfood.com\/hu\/producto\/egesz-piquillo-paprika-extra-mateo\/","title":{"rendered":"Eg\u00e9sz piquillo paprika extra Mateo"},"content":{"rendered":"<p>Eg\u00e9sz piquillo paprika extra Mateo az <a href=\"https:\/\/twitter.com\/mca_spain\" target=\"_blank\" rel=\"noopener noreferrer nofollow\">MCA Spanyolorsz\u00e1g term\u00e9ke<\/a>.<\/p>\n<p>\u00d6sszetev\u0151k: Piquillo paprika, fokhagyma, s\u00f3 \u00e9s savany\u00edt\u00f3szer: citromsav.<\/p>\n<p>Felbont\u00e1s ut\u00e1n tartsa h\u0171t\u0151ben, \u00e9s lehet\u0151leg 5 napon bel\u00fcl fogyassza el.<\/p>\n<p>A La Viuda de Mateo egyike azon kereskedelmi m\u00e1rk\u00e1knak, amelyekkel az MCA Spain csoport a piacra l\u00e9p.<\/p>\n<p>Az MCA Spanyolorsz\u00e1g eredete Carlos Ripa, a jelenlegi vez\u00e9rigazgat\u00f3 tapasztalataib\u00f3l ered, miut\u00e1n egy \u00e9vtizedig egy csal\u00e1di v\u00e1llalkoz\u00e1sban dolgozott, amely az \u00e9lelmiszer-kiskereskedelmi \u00e1gazathoz kapcsol\u00f3dik.<\/p>\n<p>Az 1980-as \u00e9vek k\u00f6zep\u00e9n azonban Ripa elind\u00edtotta saj\u00e1t szem\u00e9lyes projektj\u00e9t sz\u00fcl\u0151v\u00e1ros\u00e1ban (Mendavia, Navarra): egy konzervipari v\u00e1llalatot, az MCA Spanyolorsz\u00e1got.<\/p>\n<p>Ez a v\u00e1llalat a z\u00f6lds\u00e9gkonzervek \u00e9s a halkonzervek r\u00e9v\u00e9n a spanyol agr\u00e1r-\u00e9lelmiszeripari \u00e1gazat els\u0151 oszt\u00e1ly\u00e1n helyezkedik el.<\/p>\n<p>L\u00e1tv\u00e1nyos fejl\u0151d\u00e9s, amely nem lett volna lehets\u00e9ges egy els\u0151 oszt\u00e1ly\u00fa csapat \u00e9s az \u00fcgyf\u00e9lszolg\u00e1lat ir\u00e1nti elhivatotts\u00e1g n\u00e9lk\u00fcl.<\/p>\n<p>Ha eg\u00e9sz piquillo paprik\u00e1t szeretne v\u00e1s\u00e1rolni extra Mateo vagy b\u00e1rmilyen m\u00e1s t\u00edpus\u00fa <a href=\"https:\/\/latiendadesami.com\/categoria-producto\/conservas\/\" rel=\"noopener noreferrer nofollow\" target=\"_blank\">konzervet<\/a>, ne habozzon, n\u00e9zze meg online katal\u00f3gusunkat.<\/p>\n<p>A legjobb min\u0151s\u00e9get a legjobb \u00e1ron k\u00edn\u00e1ljuk.<\/p>\n<p>\u00cdrjon nek\u00fcnk tov\u00e1bbi inform\u00e1ci\u00f3k\u00e9rt, vagy ha b\u00e1rmilyen k\u00e9rd\u00e9se van ezzel vagy b\u00e1rmely m\u00e1s, katal\u00f3gusunkban szerepl\u0151 term\u00e9kkel kapcsolatban.<\/p>\n","protected":false},"excerpt":{"rendered":"<p>Eg\u00e9sz piquillo paprika extra Mateo az MCA Spanyolorsz\u00e1g term\u00e9ke. \u00d6sszetev\u0151k: Piquillo paprika, fokhagyma, s\u00f3 \u00e9s savany\u00edt\u00f3szer: citromsav. Felbont\u00e1s ut\u00e1n tartsa h\u0171t\u0151ben, \u00e9s lehet\u0151leg 5 napon bel\u00fcl fogyassza el. A La Viuda de Mateo egyike azon kereskedelmi m\u00e1rk\u00e1knak, amelyekkel az MCA Spain csoport a piacra l\u00e9p. Az MCA Spanyolorsz\u00e1g eredete Carlos Ripa, a jelenlegi vez\u00e9rigazgat\u00f3 tapasztalataib\u00f3l [&hellip;]<\/p>\n","protected":false},"featured_media":8695,"template":"","meta":{"_et_pb_use_builder":"","_et_pb_old_content":"","_et_gb_content_width":""},"product_brand":[1129],"product_cat":[1955,2339],"product_tag":[4819],"class_list":{"0":"post-48120","1":"product","2":"type-product","3":"status-publish","4":"has-post-thumbnail","6":"product_brand-mateo","7":"product_cat-megorzi-a","8":"product_cat-paprika-hu","9":"product_tag-piquillo-hu","11":"first","12":"outofstock","13":"taxable","14":"shipping-taxable","15":"purchasable","16":"product-type-simple"},"_links":{"self":[{"href":"https:\/\/myspainfood.com\/hu\/wp-json\/wp\/v2\/product\/48120","targetHints":{"allow":["GET"]}}],"collection":[{"href":"https:\/\/myspainfood.com\/hu\/wp-json\/wp\/v2\/product"}],"about":[{"href":"https:\/\/myspainfood.com\/hu\/wp-json\/wp\/v2\/types\/product"}],"wp:featuredmedia":[{"embeddable":true,"href":"https:\/\/myspainfood.com\/hu\/wp-json\/wp\/v2\/media\/8695"}],"wp:attachment":[{"href":"https:\/\/myspainfood.com\/hu\/wp-json\/wp\/v2\/media?parent=48120"}],"wp:term":[{"taxonomy":"product_brand","embeddable":true,"href":"https:\/\/myspainfood.com\/hu\/wp-json\/wp\/v2\/product_brand?post=48120"},{"taxonomy":"product_cat","embeddable":true,"href":"https:\/\/myspainfood.com\/hu\/wp-json\/wp\/v2\/product_cat?post=48120"},{"taxonomy":"product_tag","embeddable":true,"href":"https:\/\/myspainfood.com\/hu\/wp-json\/wp\/v2\/product_tag?post=48120"}],"curies":[{"name":"wp","href":"https:\/\/api.w.org\/{rel}","templated":true}]}}