{"id":48253,"date":"2025-04-10T12:06:46","date_gmt":"2025-04-10T10:06:46","guid":{"rendered":"https:\/\/myspainfood.com\/producto\/sparga-d-o-navarra-5-gyumolcs-cambra\/"},"modified":"2025-04-10T12:06:46","modified_gmt":"2025-04-10T10:06:46","slug":"sparga-d-o-navarra-5-gyumolcs-cambra","status":"publish","type":"product","link":"https:\/\/myspainfood.com\/hu\/producto\/sparga-d-o-navarra-5-gyumolcs-cambra\/","title":{"rendered":"Sp\u00e1rga D. O. Navarra 5 gy\u00fcm\u00f6lcs Cambra"},"content":{"rendered":"<p>Sp\u00e1rga <strong>D.O. Navarra<\/strong> \u00fcvegben 5 gy\u00fcm\u00f6lcs\u00f6s csomagban extra.<\/p>\n<p> Hiteles sp\u00e1rga Navarr\u00e1b\u00f3l, nagyon nagy m\u00e9ret\u0171. <strong>Extra min\u0151s\u00e9g\u0171<\/strong>.<\/p>\n","protected":false},"excerpt":{"rendered":"<p>Sp\u00e1rga D.O. Navarra \u00fcvegben 5 gy\u00fcm\u00f6lcs\u00f6s csomagban extra. Hiteles sp\u00e1rga Navarr\u00e1b\u00f3l, nagyon nagy m\u00e9ret\u0171. Extra min\u0151s\u00e9g\u0171.<\/p>\n","protected":false},"featured_media":8884,"template":"","meta":{"_et_pb_use_builder":"","_et_pb_old_content":"","_et_gb_content_width":""},"product_brand":[1129],"product_cat":[1955,6352],"product_tag":[9858],"class_list":{"0":"post-48253","1":"product","2":"type-product","3":"status-publish","4":"has-post-thumbnail","6":"product_brand-mateo","7":"product_cat-megorzi-a","8":"product_cat-sparga","9":"product_tag-navarra-hu","11":"first","12":"outofstock","13":"taxable","14":"shipping-taxable","15":"product-type-variable"},"_links":{"self":[{"href":"https:\/\/myspainfood.com\/hu\/wp-json\/wp\/v2\/product\/48253","targetHints":{"allow":["GET"]}}],"collection":[{"href":"https:\/\/myspainfood.com\/hu\/wp-json\/wp\/v2\/product"}],"about":[{"href":"https:\/\/myspainfood.com\/hu\/wp-json\/wp\/v2\/types\/product"}],"wp:featuredmedia":[{"embeddable":true,"href":"https:\/\/myspainfood.com\/hu\/wp-json\/wp\/v2\/media\/8884"}],"wp:attachment":[{"href":"https:\/\/myspainfood.com\/hu\/wp-json\/wp\/v2\/media?parent=48253"}],"wp:term":[{"taxonomy":"product_brand","embeddable":true,"href":"https:\/\/myspainfood.com\/hu\/wp-json\/wp\/v2\/product_brand?post=48253"},{"taxonomy":"product_cat","embeddable":true,"href":"https:\/\/myspainfood.com\/hu\/wp-json\/wp\/v2\/product_cat?post=48253"},{"taxonomy":"product_tag","embeddable":true,"href":"https:\/\/myspainfood.com\/hu\/wp-json\/wp\/v2\/product_tag?post=48253"}],"curies":[{"name":"wp","href":"https:\/\/api.w.org\/{rel}","templated":true}]}}