{"id":48349,"date":"2025-04-10T12:06:56","date_gmt":"2025-04-10T10:06:56","guid":{"rendered":"https:\/\/myspainfood.com\/producto\/gulas-arlequinitos\/"},"modified":"2025-08-20T15:01:29","modified_gmt":"2025-08-20T13:01:29","slug":"gulas-arlequinitos","status":"publish","type":"product","link":"https:\/\/myspainfood.com\/hu\/producto\/gulas-arlequinitos\/","title":{"rendered":"Arlequinitos Arlequinitos Arlequin 230 gramm"},"content":{"rendered":"<p>Az Arlequinitos de <a href=\"https:\/\/conservasarlequin.com\/arlequin\/\" target=\"_blank\" rel=\"noopener noreferrer nofollow\">Arlequ\u00edn<\/a> k\u00e9zzel k\u00e9sz\u00edtett tart\u00f3s\u00edtott term\u00e9k.<\/p>\n<p><strong>Nett\u00f3\/extrud\u00e1lt s\u00faly: <\/strong>230g\/110g<\/p>\n<p><strong>Szavatoss\u00e1gi id\u0151:<\/strong> 5 \u00e9v<\/p>\n<p><strong>Term\u00e9szetv\u00e9delem:<\/strong> K\u00f6rnyezetv\u00e9delem<\/p>\n<p>A Conservas <a href=\"https:\/\/latiendadesami.com\/marca\/arlequin\/\" target=\"_blank\" rel=\"noopener noreferrer nofollow\">Arlequ\u00edn<\/a> k\u00fcldet\u00e9se, hogy kiv\u00e1l\u00f3 term\u00e9ket, a legjobb szolg\u00e1ltat\u00e1st \u00e9s a halkonzervek sz\u00e9les v\u00e1laszt\u00e9k\u00e1t k\u00edn\u00e1lja a legjobb \u00e1ron.<\/p>\n<p>Szardell\u00e1ra, szardell\u00e1ra, szardell\u00e1ra, bonit\u00f3ra, s\u00e1rga\u00fasz\u00f3j\u00fa tonhalra, kagyl\u00f3ra, makr\u00e9l\u00e1ra, Gulas arlequinitosra \u00e9s szardinill\u00e1ra is specializ\u00e1l\u00f3dtak.<\/p>\n<p>Az El Pa\u00eds c\u00edm\u0171 lap Comidista c\u00edm\u0171 \u00edr\u00e1sa p\u00e9ld\u00e1ul a k\u00f6vetkez\u0151ket \u00edrta a ventresc\u00e1r\u00f3l: &#8222;Olyan gyeng\u00e9d, szinte kr\u00e9mes, hogy az embernek kedve t\u00e1mad hozz\u00e1 menni, \u00e9s boldogan \u00e9lni, am\u00edg az \u00dar el nem veszi&#8221;.<\/p>\n<h4>A konzervek f\u0151 el\u0151nyei<\/h4>\n<ol>\n<li>Meg\u0151rzik mag\u00e1nak az \u00e9lelmiszernek minden t\u00e1panyagtartalm\u00e1t. Az \u00e9lelmiszer meg\u0151rzi frissess\u00e9g\u00e9t. <\/li>\n<li>A felhaszn\u00e1lt \u00e9lelmiszerek eg\u00e9szs\u00e9gesek, ez\u00e9rt magas vitamin- \u00e9s feh\u00e9rjetartalmuk miatt alkalmasak az optim\u00e1lis \u00e9trendre.<\/li>\n<li>Ezek a term\u00e9kek hosszabb \u00e9lettartam\u00faak (jellemz\u0151en 2-5 \u00e9v).<\/li>\n<li>A konzervek nagyon k\u00f6nnyen t\u00e1rolhat\u00f3k, mivel a csomagol\u00e1suk k\u00f6nnyen alkalmazhat\u00f3.<\/li>\n<\/ol>\n<p>Ha tonhalat vagy b\u00e1rmilyen m\u00e1s <a href=\"https:\/\/latiendadesami.com\/categoria-producto\/conservas\/\" rel=\"noopener noreferrer nofollow\" target=\"_blank\">konzervet<\/a> szeretne v\u00e1s\u00e1rolni, ne habozzon, n\u00e9zze meg online katal\u00f3gusunkat, hogy megismerje a <a href=\"https:\/\/latiendadesami.com\/categoria-producto\/conservas\/atun-y-bonito\/\" target=\"_blank\" rel=\"noopener noreferrer nofollow\">tonhal<\/a> sz\u00e9les v\u00e1laszt\u00e9k\u00e1t.<\/p>\n<p>Tov\u00e1bbi inform\u00e1ci\u00f3\u00e9rt \u00edrjon nek\u00fcnk.<\/p>\n","protected":false},"excerpt":{"rendered":"<p>Az Arlequinitos de Arlequ\u00edn k\u00e9zzel k\u00e9sz\u00edtett tart\u00f3s\u00edtott term\u00e9k. Nett\u00f3\/extrud\u00e1lt s\u00faly: 230g\/110g Szavatoss\u00e1gi id\u0151: 5 \u00e9v Term\u00e9szetv\u00e9delem: K\u00f6rnyezetv\u00e9delem A Conservas Arlequ\u00edn k\u00fcldet\u00e9se, hogy kiv\u00e1l\u00f3 term\u00e9ket, a legjobb szolg\u00e1ltat\u00e1st \u00e9s a halkonzervek sz\u00e9les v\u00e1laszt\u00e9k\u00e1t k\u00edn\u00e1lja a legjobb \u00e1ron. Szardell\u00e1ra, szardell\u00e1ra, szardell\u00e1ra, bonit\u00f3ra, s\u00e1rga\u00fasz\u00f3j\u00fa tonhalra, kagyl\u00f3ra, makr\u00e9l\u00e1ra, Gulas arlequinitosra \u00e9s szardinill\u00e1ra is specializ\u00e1l\u00f3dtak. Az El Pa\u00eds c\u00edm\u0171 lap [&hellip;]<\/p>\n","protected":false},"featured_media":9100,"template":"","meta":{"_et_pb_use_builder":"","_et_pb_old_content":"","_et_gb_content_width":""},"product_brand":[1162],"product_cat":[1955],"product_tag":[],"class_list":{"0":"post-48349","1":"product","2":"type-product","3":"status-publish","4":"has-post-thumbnail","6":"product_brand-arlequin","7":"product_cat-megorzi-a","9":"first","10":"outofstock","11":"taxable","12":"shipping-taxable","13":"purchasable","14":"product-type-variable"},"_links":{"self":[{"href":"https:\/\/myspainfood.com\/hu\/wp-json\/wp\/v2\/product\/48349","targetHints":{"allow":["GET"]}}],"collection":[{"href":"https:\/\/myspainfood.com\/hu\/wp-json\/wp\/v2\/product"}],"about":[{"href":"https:\/\/myspainfood.com\/hu\/wp-json\/wp\/v2\/types\/product"}],"wp:featuredmedia":[{"embeddable":true,"href":"https:\/\/myspainfood.com\/hu\/wp-json\/wp\/v2\/media\/9100"}],"wp:attachment":[{"href":"https:\/\/myspainfood.com\/hu\/wp-json\/wp\/v2\/media?parent=48349"}],"wp:term":[{"taxonomy":"product_brand","embeddable":true,"href":"https:\/\/myspainfood.com\/hu\/wp-json\/wp\/v2\/product_brand?post=48349"},{"taxonomy":"product_cat","embeddable":true,"href":"https:\/\/myspainfood.com\/hu\/wp-json\/wp\/v2\/product_cat?post=48349"},{"taxonomy":"product_tag","embeddable":true,"href":"https:\/\/myspainfood.com\/hu\/wp-json\/wp\/v2\/product_tag?post=48349"}],"curies":[{"name":"wp","href":"https:\/\/api.w.org\/{rel}","templated":true}]}}