{"id":48438,"date":"2025-04-10T12:06:58","date_gmt":"2025-04-10T10:06:58","guid":{"rendered":"https:\/\/myspainfood.com\/producto\/mini-bebi-lobab\/"},"modified":"2025-04-10T12:06:58","modified_gmt":"2025-04-10T10:06:58","slug":"mini-bebi-lobab","status":"publish","type":"product","link":"https:\/\/myspainfood.com\/hu\/producto\/mini-bebi-lobab\/","title":{"rendered":"Mini b\u00e9bi l\u00f3bab"},"content":{"rendered":"<p>Az <a href=\"https:\/\/www.alsurvegetales.com\/producto\/id\/12\/habas-frita-mini-baby\" target=\"_blank\" rel=\"noopener noreferrer nofollow\">Alsur<\/a> \u00e1ltal termesztett mini babszemeket k\u00e9zzel sz\u00fcretelik, hogy garant\u00e1lj\u00e1k a maxim\u00e1lis min\u0151s\u00e9get.<\/p>\n<p>A term\u00e9ket a m\u00e9ret\u00e9nek megfelel\u0151en \u00e9s az \u00e9r\u00e9s ide\u00e1lis pillanat\u00e1ban v\u00e1lasztj\u00e1k ki, \u00edgy \u00e9rik el a legmagasabb \u00edzmin\u0151s\u00e9get \u00e9s a h\u00e9j finoms\u00e1g\u00e1t.<\/p>\n<p>Ennek eredm\u00e9nyek\u00e9nt a betakar\u00edtott term\u00e9snek csup\u00e1n 8%-\u00e1t haszn\u00e1lj\u00e1k fel a v\u00e9gs\u0151 csomagol\u00e1sra, ahol az ol\u00edvaolaj tart\u00f3s\u00edt\u00f3szerk\u00e9nt m\u0171k\u00f6dik.<\/p>\n<p>H\u0171v\u00f6s, sz\u00e1raz helyen t\u00e1rolja. Felbont\u00e1s ut\u00e1n h\u0171t\u0151szekr\u00e9nyben t\u00e1rolja, \u00e9s 7 napon bel\u00fcl fogyassza el. <\/p>\n<p>\u00d6sszetev\u0151k: extra finom bab, sz\u0171z ol\u00edvaolaj (31%), s\u00f3 \u00e9s citromsav savany\u00edt\u00f3szer.<\/p>\n<p>Az Alsur egy csal\u00e1di v\u00e1llalkoz\u00e1s, ahol az \u00e9telek l\u00e9nyege a f\u0151szerepl\u0151.<\/p>\n<h4>A konzervek f\u0151 el\u0151nyei<\/h4>\n<ol>\n<li>Meg\u0151rzik mag\u00e1nak az \u00e9lelmiszernek minden t\u00e1panyagtartalm\u00e1t. Az \u00e9lelmiszer meg\u0151rzi frissess\u00e9g\u00e9t. <\/li>\n<li>A felhaszn\u00e1lt \u00e9lelmiszerek eg\u00e9szs\u00e9gesek, ez\u00e9rt magas vitamin- \u00e9s feh\u00e9rjetartalmuk miatt alkalmasak az optim\u00e1lis \u00e9trendre.<\/li>\n<li>Ezek a term\u00e9kek hosszabb \u00e9lettartam\u00faak (jellemz\u0151en 2-5 \u00e9v).<\/li>\n<li>A konzervek nagyon k\u00f6nnyen t\u00e1rolhat\u00f3k, mivel a csomagol\u00e1suk k\u00f6nnyen alkalmazhat\u00f3.<\/li>\n<\/ol>\n<p>Ha szeretne tonhalas babababot vagy b\u00e1rmilyen m\u00e1s t\u00edpus\u00fa <a href=\"https:\/\/latiendadesami.com\/categoria-producto\/conservas\/\" rel=\"noopener noreferrer nofollow\" target=\"_blank\">konzervet<\/a> v\u00e1s\u00e1rolni, ne habozzon, n\u00e9zze meg online katal\u00f3gusunkat, \u00e9s tekintse meg a <a href=\"https:\/\/latiendadesami.com\/categoria-producto\/conservas\/atun-y-bonito\/\" target=\"_blank\" rel=\"noopener noreferrer nofollow\">tonhalas<\/a> term\u00e9kek sz\u00e9les v\u00e1laszt\u00e9k\u00e1t.<\/p>\n<p>Tov\u00e1bbi inform\u00e1ci\u00f3\u00e9rt \u00edrjon nek\u00fcnk.<\/p>\n","protected":false},"excerpt":{"rendered":"<p>Baba l\u00f3bab<\/p>\n","protected":false},"featured_media":9424,"template":"","meta":{"_et_pb_use_builder":"","_et_pb_old_content":"","_et_gb_content_width":""},"product_brand":[1196],"product_cat":[1955,3723],"product_tag":[],"class_list":{"0":"post-48438","1":"product","2":"type-product","3":"status-publish","4":"has-post-thumbnail","6":"product_brand-alsur","7":"product_cat-megorzi-a","8":"product_cat-zoldsegek","10":"first","11":"instock","12":"taxable","13":"shipping-taxable","14":"product-type-variable"},"_links":{"self":[{"href":"https:\/\/myspainfood.com\/hu\/wp-json\/wp\/v2\/product\/48438","targetHints":{"allow":["GET"]}}],"collection":[{"href":"https:\/\/myspainfood.com\/hu\/wp-json\/wp\/v2\/product"}],"about":[{"href":"https:\/\/myspainfood.com\/hu\/wp-json\/wp\/v2\/types\/product"}],"wp:featuredmedia":[{"embeddable":true,"href":"https:\/\/myspainfood.com\/hu\/wp-json\/wp\/v2\/media\/9424"}],"wp:attachment":[{"href":"https:\/\/myspainfood.com\/hu\/wp-json\/wp\/v2\/media?parent=48438"}],"wp:term":[{"taxonomy":"product_brand","embeddable":true,"href":"https:\/\/myspainfood.com\/hu\/wp-json\/wp\/v2\/product_brand?post=48438"},{"taxonomy":"product_cat","embeddable":true,"href":"https:\/\/myspainfood.com\/hu\/wp-json\/wp\/v2\/product_cat?post=48438"},{"taxonomy":"product_tag","embeddable":true,"href":"https:\/\/myspainfood.com\/hu\/wp-json\/wp\/v2\/product_tag?post=48438"}],"curies":[{"name":"wp","href":"https:\/\/api.w.org\/{rel}","templated":true}]}}