{"id":48460,"date":"2025-04-10T12:09:50","date_gmt":"2025-04-10T10:09:50","guid":{"rendered":"https:\/\/myspainfood.com\/producto\/padlizsan-darabok-la-encajera-almagro-700-gramm-120-egyseg\/"},"modified":"2025-04-10T12:09:50","modified_gmt":"2025-04-10T10:09:50","slug":"padlizsan-darabok-la-encajera-almagro-700-gramm-120-egyseg","status":"publish","type":"product","link":"https:\/\/myspainfood.com\/hu\/producto\/padlizsan-darabok-la-encajera-almagro-700-gramm-120-egyseg\/","title":{"rendered":"Padlizs\u00e1n darabok la Encajera almagro 700 gramm 120 egys\u00e9g"},"content":{"rendered":"<p>Az apr\u00f3ra v\u00e1gott padlizs\u00e1n az <a href=\"https:\/\/www.laencajera.es\/berenjenas-de-almagro\" target=\"_blank\" rel=\"noopener noreferrer nofollow\">Almagro<\/a> sal\u00e1t\u00e1k f\u0151 \u00f6sszetev\u0151je. \u00c9rezze a hagyom\u00e1nyos \u00edzt minden falatban. <\/p>\n<p>\u00c1ltal\u00e1ban el\u0151\u00e9telk\u00e9nt vagy kanalas \u00e9telekben kombin\u00e1lva t\u00e1lalj\u00e1k. Az apr\u00f3ra v\u00e1gott padlizs\u00e1n a spanyolorsz\u00e1gi Castilla la Manch\u00e1b\u00f3l sz\u00e1rmazik. <\/p>\n<p>\u00d6sszetev\u0151k: S\u00f3, alkoholos ecet, citromsav (E-330), kalcium-klorid (E-509), n\u00e1trium-metabiszulfit, k\u00f6m\u00e9ny, paprika, term\u00e9szetes \u00e9desk\u00f6m\u00e9ny, tejsav (E-270).<\/p>\n<p>Meg\u0151rz\u00e9si felt\u00e9telek:<\/p>\n<p>Tartsa h\u0171v\u00f6s, sz\u00e1raz helyen, 3\u00baC \u00e9s 10\u00baC k\u00f6z\u00f6tt. V\u00e9dje a napf\u00e9nyt\u0151l \u00e9s az er\u0151s szagokt\u00f3l. <\/p>\n<p>Felbont\u00e1s ut\u00e1n tartsa h\u0171tve, \u00e9s 30 napon bel\u00fcl fogyassza el.<\/p>\n<p>Ha olajbogy\u00f3t vagy b\u00e1rmilyen m\u00e1s t\u00edpus\u00fa <a href=\"https:\/\/latiendadesami.com\/categoria-producto\/encurtidos\/\" rel=\"noopener noreferrer nofollow\" target=\"_blank\">savany\u00fas\u00e1got<\/a> szeretne v\u00e1s\u00e1rolni, ne habozzon, n\u00e9zze meg online katal\u00f3gusunkat, hogy megismerje a <a href=\"https:\/\/latiendadesami.com\/categoria-producto\/encurtidos\/berenjenas\/\" target=\"_blank\" rel=\"noopener noreferrer nofollow\">padlizs\u00e1nok<\/a> sz\u00e9les v\u00e1laszt\u00e9k\u00e1t.<\/p>\n<p>A m\u00e1rka a La Encajonera, egy 1990-ben alap\u00edtott csal\u00e1di v\u00e1llalkoz\u00e1s, amely La Mancha sz\u00edv\u00e9ben, ALMAGRO v\u00e1ros\u00e1ban, Ciudad Real tartom\u00e1nyban tal\u00e1lhat\u00f3.<\/p>\n<p>Term\u00e9keinek gy\u00e1rt\u00e1si folyamata ugyanazon a term\u0151ter\u00fcleten kezd\u0151dik, a legjobb min\u0151s\u00e9g\u0171 term\u00e9k kiv\u00e1laszt\u00e1s\u00e1val.<\/p>\n<p>A gy\u00e1r a legmodernebb technol\u00f3gi\u00e1val van felszerelve, mik\u00f6zben meg\u0151rzi a k\u00e9zm\u0171vesek hagyom\u00e1nyait \u00e9s tud\u00e1s\u00e1t.<\/p>\n","protected":false},"excerpt":{"rendered":"<p>Az Almagro sal\u00e1t\u00e1k f\u0151 \u00f6sszetev\u0151je. \u00c9rezze a hagyom\u00e1nyos \u00edzeket minden falatban. \u00c1ltal\u00e1ban el\u0151\u00e9telk\u00e9nt vagy kanalas \u00e9telekkel kombin\u00e1lva t\u00e1lalj\u00e1k.  <\/p>\n","protected":false},"featured_media":7406,"template":"","meta":{"_et_pb_use_builder":"","_et_pb_old_content":"","_et_gb_content_width":""},"product_brand":[1057],"product_cat":[2927,2120,1568],"product_tag":[4156],"class_list":{"0":"post-48460","1":"product","2":"type-product","3":"status-publish","4":"has-post-thumbnail","6":"product_brand-la-encajera","7":"product_cat-nagykereskedelem","8":"product_cat-padlizsan","9":"product_cat-savanyusagok","10":"product_tag-chopped-hu","12":"first","13":"outofstock","14":"taxable","15":"shipping-taxable","16":"purchasable","17":"product-type-simple"},"_links":{"self":[{"href":"https:\/\/myspainfood.com\/hu\/wp-json\/wp\/v2\/product\/48460","targetHints":{"allow":["GET"]}}],"collection":[{"href":"https:\/\/myspainfood.com\/hu\/wp-json\/wp\/v2\/product"}],"about":[{"href":"https:\/\/myspainfood.com\/hu\/wp-json\/wp\/v2\/types\/product"}],"wp:featuredmedia":[{"embeddable":true,"href":"https:\/\/myspainfood.com\/hu\/wp-json\/wp\/v2\/media\/7406"}],"wp:attachment":[{"href":"https:\/\/myspainfood.com\/hu\/wp-json\/wp\/v2\/media?parent=48460"}],"wp:term":[{"taxonomy":"product_brand","embeddable":true,"href":"https:\/\/myspainfood.com\/hu\/wp-json\/wp\/v2\/product_brand?post=48460"},{"taxonomy":"product_cat","embeddable":true,"href":"https:\/\/myspainfood.com\/hu\/wp-json\/wp\/v2\/product_cat?post=48460"},{"taxonomy":"product_tag","embeddable":true,"href":"https:\/\/myspainfood.com\/hu\/wp-json\/wp\/v2\/product_tag?post=48460"}],"curies":[{"name":"wp","href":"https:\/\/api.w.org\/{rel}","templated":true}]}}