{"id":48549,"date":"2025-04-10T12:10:00","date_gmt":"2025-04-10T10:10:00","guid":{"rendered":"https:\/\/myspainfood.com\/producto\/alino-de-mi-pueblo-chicon-olajbogyo-900-grammos-kiszereles-6-darab\/"},"modified":"2025-04-10T12:10:00","modified_gmt":"2025-04-10T10:10:00","slug":"alino-de-mi-pueblo-chicon-olajbogyo-900-grammos-kiszereles-6-darab","status":"publish","type":"product","link":"https:\/\/myspainfood.com\/hu\/producto\/alino-de-mi-pueblo-chicon-olajbogyo-900-grammos-kiszereles-6-darab\/","title":{"rendered":"Ali\u00f1o de mi pueblo Chic\u00f3n olajbogy\u00f3 900 grammos kiszerel\u00e9s 6 darab"},"content":{"rendered":"<p>Az &#8222;Ali\u00f1o de mi Pueblo&#8221; manzanilla <strong>olajbogy\u00f3<\/strong> hagyom\u00e1nyos recept alapj\u00e1n, a legjobb \u00f6sszetev\u0151kkel f\u0171szerezett, <a href=\"https:\/\/aceitunaschiconlebron.com\/catalogo-productos\/comprar-aceitunas\/deshuesadas\/\" target=\"_blank\" rel=\"noopener noreferrer nofollow\">kimagozott olajbogy\u00f3<\/a>.<\/p>\n<p>A term\u00e9szetes f\u0171szerek haszn\u00e1lata \u00e9s a h\u0151m\u00e9rs\u00e9klet-szab\u00e1lyoz\u00e1s a titka az olajbogy\u00f3k k\u00fcl\u00f6nleges \u00edz\u00e9nek.<\/p>\n<p>Az Ali\u00f1o de mi pueblo olajbogy\u00f3 puha, \u00e9s l\u00e9d\u00fas h\u00fasa \u00f6sszet\u00e9veszthetetlen \u00edzt k\u00f6lcs\u00f6n\u00f6z neki.<\/p>\n<p>A s\u00f3s l\u00e9ben \u00e1ztatott \u00e9s savtartalm\u00e1nak cs\u00f6kkent\u00e9se \u00e9rdek\u00e9ben kezelt h\u00e1zilag <a href=\"https:\/\/latiendadesami.com\/categoria-producto\/encurtidos\/\" target=\"_blank\" rel=\"noopener noreferrer nofollow\">p\u00e1colt<\/a> olajbogy\u00f3k sz\u00e1mos teraszon \u00e9s \u00e9tteremben gyakori l\u00e1tv\u00e1nyoss\u00e1gnak sz\u00e1m\u00edtanak.<\/p>\n<h3>Az Ali\u00f1o de mi Pueblo olajbogy\u00f3 el\u0151nyei<\/h3>\n<p>Ismerte az <strong>olajbogy\u00f3<\/strong> t\u00f6bbsz\u00f6r\u00f6s el\u0151nyeit? Rendk\u00edv\u00fcl hat\u00e9kony a sz\u00edv- \u00e9s kering\u00e9si betegs\u00e9gek megel\u0151z\u00e9s\u00e9ben. <\/p>\n<p>Ez a magas tel\u00edtetlen zs\u00edrtartalm\u00e1nak k\u00f6sz\u00f6nhet\u0151. Ezenk\u00edv\u00fcl sok vasat \u00e9s rostot tartalmaz, \u00e9s rendk\u00edv\u00fcl laktat\u00f3, \u00edgy t\u00f6k\u00e9letes nassolnival\u00f3. <\/p>\n<p>Ha ol\u00edvabogy\u00f3t vagy b\u00e1rmilyen m\u00e1s t\u00edpus\u00fa <a href=\"https:\/\/latiendadesami.com\/categoria-producto\/encurtidos\/\" rel=\"noopener noreferrer nofollow\" target=\"_blank\">savany\u00fas\u00e1got<\/a> szeretne v\u00e1s\u00e1rolni, ne habozzon, n\u00e9zze meg online katal\u00f3gusunkat, hogy megn\u00e9zze <a href=\"https:\/\/latiendadesami.com\/categoria-producto\/encurtidos\/aceitunas\/\" target=\"_blank\" rel=\"noopener noreferrer nofollow\">ol\u00edvabogy\u00f3ink<\/a> sz\u00e9les v\u00e1laszt\u00e9k\u00e1t.<\/p>\n","protected":false},"excerpt":{"rendered":"<p>Az &#8222;Ali\u00f1o de mi Pueblo&#8221; manzanilla olajbogy\u00f3 hagyom\u00e1nyos recept alapj\u00e1n, a legjobb \u00f6sszetev\u0151kkel f\u0171szerezett, kimagozott olajbogy\u00f3. A term\u00e9szetes f\u0171szerek haszn\u00e1lata \u00e9s a h\u0151m\u00e9rs\u00e9klet-szab\u00e1lyoz\u00e1s a titka az olajbogy\u00f3k k\u00fcl\u00f6nleges \u00edz\u00e9nek. Az Ali\u00f1o de mi pueblo olajbogy\u00f3 puha, \u00e9s l\u00e9d\u00fas h\u00fasa \u00f6sszet\u00e9veszthetetlen \u00edzt k\u00f6lcs\u00f6n\u00f6z neki. A s\u00f3s l\u00e9ben \u00e1ztatott \u00e9s savtartalm\u00e1nak cs\u00f6kkent\u00e9se \u00e9rdek\u00e9ben kezelt h\u00e1zilag p\u00e1colt olajbogy\u00f3k [&hellip;]<\/p>\n","protected":false},"featured_media":12313,"template":"","meta":{"_et_pb_use_builder":"","_et_pb_old_content":"","_et_gb_content_width":""},"product_brand":[1036],"product_cat":[2927,3107],"product_tag":[9868],"class_list":{"0":"post-48549","1":"product","2":"type-product","3":"status-publish","4":"has-post-thumbnail","6":"product_brand-chicon","7":"product_cat-nagykereskedelem","8":"product_cat-savanyusagok-hu","9":"product_tag-falu","11":"first","12":"instock","13":"taxable","14":"shipping-taxable","15":"purchasable","16":"product-type-variable"},"_links":{"self":[{"href":"https:\/\/myspainfood.com\/hu\/wp-json\/wp\/v2\/product\/48549","targetHints":{"allow":["GET"]}}],"collection":[{"href":"https:\/\/myspainfood.com\/hu\/wp-json\/wp\/v2\/product"}],"about":[{"href":"https:\/\/myspainfood.com\/hu\/wp-json\/wp\/v2\/types\/product"}],"wp:featuredmedia":[{"embeddable":true,"href":"https:\/\/myspainfood.com\/hu\/wp-json\/wp\/v2\/media\/12313"}],"wp:attachment":[{"href":"https:\/\/myspainfood.com\/hu\/wp-json\/wp\/v2\/media?parent=48549"}],"wp:term":[{"taxonomy":"product_brand","embeddable":true,"href":"https:\/\/myspainfood.com\/hu\/wp-json\/wp\/v2\/product_brand?post=48549"},{"taxonomy":"product_cat","embeddable":true,"href":"https:\/\/myspainfood.com\/hu\/wp-json\/wp\/v2\/product_cat?post=48549"},{"taxonomy":"product_tag","embeddable":true,"href":"https:\/\/myspainfood.com\/hu\/wp-json\/wp\/v2\/product_tag?post=48549"}],"curies":[{"name":"wp","href":"https:\/\/api.w.org\/{rel}","templated":true}]}}