{"id":49197,"date":"2025-04-10T12:07:42","date_gmt":"2025-04-10T10:07:42","guid":{"rendered":"https:\/\/myspainfood.com\/producto\/chili-15-kg-netto-tomeg\/"},"modified":"2025-04-10T12:07:42","modified_gmt":"2025-04-10T10:07:42","slug":"chili-15-kg-netto-tomeg","status":"publish","type":"product","link":"https:\/\/myspainfood.com\/hu\/producto\/chili-15-kg-netto-tomeg\/","title":{"rendered":"Chili 1,5 kg nett\u00f3 t\u00f6meg"},"content":{"rendered":"<p>A Piparra 1,5 kg nett\u00f3 s\u00faly\u00fa ecet adja meg az <a href=\"https:\/\/es.wikipedia.org\/wiki\/Guindilla_de_Ibarra\" target=\"_blank\" rel=\"noopener noreferrer nofollow\">\u00e9teleinknek<\/a> azt a f\u0171szeres jelleget, amely kiemeli \u0151ket.<\/p>\n<p>Ez a term\u00e9k megrezegteti az \u00edzlel\u0151bimb\u00f3kat, \u00e9s nagyon j\u00f3l illik p\u00f6rk\u00f6ltek vagy \u00edzgazdag sz\u00f3szok mell\u00e9.<\/p>\n<p>A baszk konyha sz\u00e1mos hagyom\u00e1nyos \u00f6sszetev\u0151je k\u00f6z\u00f6tt szerepel a piparra chilipaprika.<\/p>\n<p>Nagyon k\u00fcl\u00f6nleges chili, mivel alig cs\u00edp.<\/p>\n<p>Nagyon j\u00f3l illeszkedik mindenf\u00e9le men\u00fcbe, \u00e9s azok is nagyon j\u00f3l fogadj\u00e1k, akik nem k\u00fcl\u00f6n\u00f6sebben kedvelik ezt az \u00edzt.<\/p>\n<p>A nett\u00f3 1,5 kg s\u00faly\u00fa Piparra ebb\u0151l a kont\u00e9nerb\u0151l k\u00f6zepes m\u00e9ret\u0171, ecettel k\u00e9sz\u00fclt.<\/p>\n<p>A val\u00f3di \u00e9rint\u00e9s, amellyel a piparras-t \u00e1ltal\u00e1ban t\u00e1lalj\u00e1k, \u00e9s amely minden egyes falatn\u00e1l intenz\u00edv \u00edzzel borzongatja meg a testet.<\/p>\n<p>A gyurgyalag n\u00e9h\u00e1ny tulajdons\u00e1ga:<\/p>\n<ul>\n<li>Cs\u00f6kkenti a koleszterinszintet.<\/li>\n<li>Serkenti a v\u00e9r- \u00e9s l\u00e9g\u00fati kering\u00e9st.<\/li>\n<li>\u00dagy tartj\u00e1k, hogy az anyagcsere felgyors\u00edt\u00e1s\u00e1val seg\u00edthet a t\u00fals\u00faly cs\u00f6kkent\u00e9s\u00e9ben.<\/li>\n<li>Egyes tanulm\u00e1nyok szerint v\u00e9di a gyomrot az\u00e1ltal, hogy t\u00f6bb ny\u00e1lk\u00e1t termel.<\/li>\n<\/ul>\n<p>Ha olajbogy\u00f3t vagy b\u00e1rmilyen m\u00e1s t\u00edpus\u00fa <a href=\"https:\/\/latiendadesami.com\/categoria-producto\/encurtidos\/\" rel=\"noopener noreferrer nofollow\" target=\"_blank\">ubork\u00e1t<\/a> szeretne v\u00e1s\u00e1rolni, ne habozzon, n\u00e9zze meg online katal\u00f3gusunkat, hogy megn\u00e9zze az <a href=\"https:\/\/latiendadesami.com\/categoria-producto\/encurtidos\/pepinillos\/\" target=\"_blank\" rel=\"noopener noreferrer nofollow\">ubork\u00e1k<\/a> sz\u00e9les v\u00e1laszt\u00e9k\u00e1t.<\/p>\n","protected":false},"excerpt":{"rendered":"<p>A Piparra 1,5 kg nett\u00f3 s\u00faly\u00fa ecet adja meg az \u00e9teleinknek azt a f\u0171szeres jelleget, amely kiemeli \u0151ket. Ez a term\u00e9k megrezegteti az \u00edzlel\u0151bimb\u00f3kat, \u00e9s nagyon j\u00f3l illik p\u00f6rk\u00f6ltek vagy \u00edzgazdag sz\u00f3szok mell\u00e9. A baszk konyha sz\u00e1mos hagyom\u00e1nyos \u00f6sszetev\u0151je k\u00f6z\u00f6tt szerepel a piparra chilipaprika. Nagyon k\u00fcl\u00f6nleges chili, mivel alig cs\u00edp. Nagyon j\u00f3l illeszkedik mindenf\u00e9le men\u00fcbe, [&hellip;]<\/p>\n","protected":false},"featured_media":10018,"template":"","meta":{"_et_pb_use_builder":"","_et_pb_old_content":"","_et_gb_content_width":""},"product_brand":[1069],"product_cat":[3997,1568],"product_tag":[9941],"class_list":{"0":"post-49197","1":"product","2":"type-product","3":"status-publish","4":"has-post-thumbnail","6":"product_brand-sangar","7":"product_cat-chilipaprika","8":"product_cat-savanyusagok","9":"product_tag-piparra-hu","11":"first","12":"outofstock","13":"taxable","14":"shipping-taxable","15":"purchasable","16":"product-type-simple"},"_links":{"self":[{"href":"https:\/\/myspainfood.com\/hu\/wp-json\/wp\/v2\/product\/49197","targetHints":{"allow":["GET"]}}],"collection":[{"href":"https:\/\/myspainfood.com\/hu\/wp-json\/wp\/v2\/product"}],"about":[{"href":"https:\/\/myspainfood.com\/hu\/wp-json\/wp\/v2\/types\/product"}],"wp:featuredmedia":[{"embeddable":true,"href":"https:\/\/myspainfood.com\/hu\/wp-json\/wp\/v2\/media\/10018"}],"wp:attachment":[{"href":"https:\/\/myspainfood.com\/hu\/wp-json\/wp\/v2\/media?parent=49197"}],"wp:term":[{"taxonomy":"product_brand","embeddable":true,"href":"https:\/\/myspainfood.com\/hu\/wp-json\/wp\/v2\/product_brand?post=49197"},{"taxonomy":"product_cat","embeddable":true,"href":"https:\/\/myspainfood.com\/hu\/wp-json\/wp\/v2\/product_cat?post=49197"},{"taxonomy":"product_tag","embeddable":true,"href":"https:\/\/myspainfood.com\/hu\/wp-json\/wp\/v2\/product_tag?post=49197"}],"curies":[{"name":"wp","href":"https:\/\/api.w.org\/{rel}","templated":true}]}}