{"id":49264,"date":"2025-04-10T12:07:46","date_gmt":"2025-04-10T10:07:46","guid":{"rendered":"https:\/\/myspainfood.com\/producto\/manzanilla-4-kg-os-kaliber-180-200\/"},"modified":"2025-04-10T12:07:46","modified_gmt":"2025-04-10T10:07:46","slug":"manzanilla-4-kg-os-kaliber-180-200","status":"publish","type":"product","link":"https:\/\/myspainfood.com\/hu\/producto\/manzanilla-4-kg-os-kaliber-180-200\/","title":{"rendered":"Manzanilla 4 kg-os kaliber 180\/200"},"content":{"rendered":"<p>A Manzanilla olajbogy\u00f3 180\/200 kaliber\u0171 4 kg megtartja <a href=\"https:\/\/www.google.com\/search?q=aceituna+manzanilla+calibre&amp;tbm=isch&amp;ved=2ahUKEwjzs-WOhPD1AhWHh1wKHXXjAgAQ2-cCegQIABAA&amp;oq=aceituna+manzanilla+calibre&amp;gs_lcp=CgNpbWcQA1CzBli4GGC8GWgAcAB4AIABbYgBzQySAQQxNy4ymAEAoAEBqgELZ3dzLXdpei1pbWfAAQE&amp;sclient=img&amp;ei=6FcCYvOfBoeP8gL1xgs&amp;bih=780&amp;biw=1577\" target=\"_blank\" rel=\"noopener noreferrer nofollow\">eredeti<\/a> alakj\u00e1t, a magot a gy\u00fcm\u00f6lcs belsej\u00e9ben tartja.<\/p>\n<p>Az olajfa (Olea europaea) k\u00fcl\u00f6nb\u00f6z\u0151 fajt\u00e1it kamillak\u00e9nt ismerik.<\/p>\n<p>Ezt a nevet kapta az \u00e1ltaluk termelt gy\u00fcm\u00f6lcs vagy olajbogy\u00f3 is.<\/p>\n<p>A f\u0151 fajt\u00e1k a manzanilla sevillana, a manzanilla cacere\u00f1a \u00e9s a manzanilla alore\u00f1a.<\/p>\n<p>Ezeket az eg\u00e9sz olajbogy\u00f3kat aj\u00e1nlatos h\u0171v\u00f6s, sz\u00e1raz, napf\u00e9nyt\u0151l v\u00e9dett helyen t\u00e1rolni.<\/p>\n<h3>A Kamilla 180\/200 kaliber 4kg el\u0151nyei<\/h3>\n<p>Ismerte az olajbogy\u00f3 t\u00f6bbsz\u00f6r\u00f6s el\u0151nyeit? Rendk\u00edv\u00fcl hat\u00e9kony a sz\u00edv- \u00e9s kering\u00e9si betegs\u00e9gek megel\u0151z\u00e9s\u00e9ben. <\/p>\n<p>Ez a magas tel\u00edtetlen zs\u00edrtartalm\u00e1nak k\u00f6sz\u00f6nhet\u0151. Ezenk\u00edv\u00fcl sok vasat \u00e9s rostot tartalmaz, \u00e9s rendk\u00edv\u00fcl laktat\u00f3, \u00edgy t\u00f6k\u00e9letes nassolnival\u00f3. <\/p>\n<p>Ha ol\u00edvabogy\u00f3t vagy b\u00e1rmilyen m\u00e1s t\u00edpus\u00fa <a href=\"https:\/\/latiendadesami.com\/categoria-producto\/encurtidos\/\" rel=\"noopener noreferrer nofollow\" target=\"_blank\">savany\u00fas\u00e1got<\/a> szeretne v\u00e1s\u00e1rolni, ne habozzon, n\u00e9zze meg online katal\u00f3gusunkat, hogy megn\u00e9zze <a href=\"https:\/\/latiendadesami.com\/categoria-producto\/encurtidos\/aceitunas\/\" target=\"_blank\" rel=\"noopener noreferrer nofollow\">ol\u00edvabogy\u00f3ink<\/a> sz\u00e9les v\u00e1laszt\u00e9k\u00e1t.<\/p>\n","protected":false},"excerpt":{"rendered":"<p>A Manzanilla olajbogy\u00f3 180\/200 kaliber\u0171 4 kg megtartja eredeti alakj\u00e1t, a magot a gy\u00fcm\u00f6lcs belsej\u00e9ben tartja. Az olajfa (Olea europaea) k\u00fcl\u00f6nb\u00f6z\u0151 fajt\u00e1it kamillak\u00e9nt ismerik. Ezt a nevet kapta az \u00e1ltaluk termelt gy\u00fcm\u00f6lcs vagy olajbogy\u00f3 is. A f\u0151 fajt\u00e1k a manzanilla sevillana, a manzanilla cacere\u00f1a \u00e9s a manzanilla alore\u00f1a. Ezeket az eg\u00e9sz olajbogy\u00f3kat aj\u00e1nlatos h\u0171v\u00f6s, sz\u00e1raz, [&hellip;]<\/p>\n","protected":false},"featured_media":10126,"template":"","meta":{"_et_pb_use_builder":"","_et_pb_old_content":"","_et_gb_content_width":""},"product_brand":[1069],"product_cat":[1569,1568],"product_tag":[2048],"class_list":{"0":"post-49264","1":"product","2":"type-product","3":"status-publish","4":"has-post-thumbnail","6":"product_brand-sangar","7":"product_cat-olajbogyo","8":"product_cat-savanyusagok","9":"product_tag-kamilla","11":"first","12":"outofstock","13":"taxable","14":"shipping-taxable","15":"purchasable","16":"product-type-simple"},"_links":{"self":[{"href":"https:\/\/myspainfood.com\/hu\/wp-json\/wp\/v2\/product\/49264","targetHints":{"allow":["GET"]}}],"collection":[{"href":"https:\/\/myspainfood.com\/hu\/wp-json\/wp\/v2\/product"}],"about":[{"href":"https:\/\/myspainfood.com\/hu\/wp-json\/wp\/v2\/types\/product"}],"wp:featuredmedia":[{"embeddable":true,"href":"https:\/\/myspainfood.com\/hu\/wp-json\/wp\/v2\/media\/10126"}],"wp:attachment":[{"href":"https:\/\/myspainfood.com\/hu\/wp-json\/wp\/v2\/media?parent=49264"}],"wp:term":[{"taxonomy":"product_brand","embeddable":true,"href":"https:\/\/myspainfood.com\/hu\/wp-json\/wp\/v2\/product_brand?post=49264"},{"taxonomy":"product_cat","embeddable":true,"href":"https:\/\/myspainfood.com\/hu\/wp-json\/wp\/v2\/product_cat?post=49264"},{"taxonomy":"product_tag","embeddable":true,"href":"https:\/\/myspainfood.com\/hu\/wp-json\/wp\/v2\/product_tag?post=49264"}],"curies":[{"name":"wp","href":"https:\/\/api.w.org\/{rel}","templated":true}]}}