{"id":49404,"date":"2025-04-10T12:08:25","date_gmt":"2025-04-10T10:08:25","guid":{"rendered":"https:\/\/myspainfood.com\/producto\/tokehal-10-20-egesz-sozott-feroer-szigeteki-tokehal\/"},"modified":"2025-06-24T16:24:12","modified_gmt":"2025-06-24T14:24:12","slug":"tokehal-10-20-egesz-sozott-feroer-szigeteki-tokehal","status":"publish","type":"product","link":"https:\/\/myspainfood.com\/hu\/producto\/tokehal-10-20-egesz-sozott-feroer-szigeteki-tokehal\/","title":{"rendered":"T\u0151kehal 10\/20 Eg\u00e9sz s\u00f3zott Fer\u00f6er-szigeteki t\u0151kehal"},"content":{"rendered":"","protected":false},"excerpt":{"rendered":"","protected":false},"featured_media":0,"template":"","meta":{"_et_pb_use_builder":"","_et_pb_old_content":"","_et_gb_content_width":""},"product_brand":[1290],"product_cat":[1837,3532],"product_tag":[],"class_list":{"0":"post-49404","1":"product","2":"type-product","3":"status-publish","5":"product_brand-la-barajilla","6":"product_cat-hideg","7":"product_cat-tokehal","8":"product_shipping_class-hidegszallitas","10":"first","11":"instock","12":"taxable","13":"shipping-taxable","14":"purchasable","15":"product-type-variable"},"_links":{"self":[{"href":"https:\/\/myspainfood.com\/hu\/wp-json\/wp\/v2\/product\/49404","targetHints":{"allow":["GET"]}}],"collection":[{"href":"https:\/\/myspainfood.com\/hu\/wp-json\/wp\/v2\/product"}],"about":[{"href":"https:\/\/myspainfood.com\/hu\/wp-json\/wp\/v2\/types\/product"}],"wp:attachment":[{"href":"https:\/\/myspainfood.com\/hu\/wp-json\/wp\/v2\/media?parent=49404"}],"wp:term":[{"taxonomy":"product_brand","embeddable":true,"href":"https:\/\/myspainfood.com\/hu\/wp-json\/wp\/v2\/product_brand?post=49404"},{"taxonomy":"product_cat","embeddable":true,"href":"https:\/\/myspainfood.com\/hu\/wp-json\/wp\/v2\/product_cat?post=49404"},{"taxonomy":"product_tag","embeddable":true,"href":"https:\/\/myspainfood.com\/hu\/wp-json\/wp\/v2\/product_tag?post=49404"}],"curies":[{"name":"wp","href":"https:\/\/api.w.org\/{rel}","templated":true}]}}