{"id":49443,"date":"2025-04-10T12:08:42","date_gmt":"2025-04-10T10:08:42","guid":{"rendered":"https:\/\/myspainfood.com\/producto\/vermut-los-cantabros-5-literes-zacsko-dobozban\/"},"modified":"2026-01-29T11:58:20","modified_gmt":"2026-01-29T10:58:20","slug":"vermut-los-cantabros-5-literes-zacsko-dobozban","status":"publish","type":"product","link":"https:\/\/myspainfood.com\/hu\/producto\/vermut-los-cantabros-5-literes-zacsko-dobozban\/","title":{"rendered":"Vermut Los C\u00e1ntabros 5 literes zacsk\u00f3 dobozban"},"content":{"rendered":"<p>A Verm\u00fa los C\u00e1ntabros 5 literes Bag in Box mindazon f\u00e9rfiak \u00e9s n\u0151k el\u0151tt tiszteleg, akik tudt\u00e1k, hogyan kell meg\u0151rizni \u00e9s terjeszteni kult\u00far\u00e1nkat.<\/p>\n<p>A gy\u00f6kereink \u00e9s hagyom\u00e1nyaink is, v\u00e1s\u00e1rok, fesztiv\u00e1lok, j\u00e1t\u00e9kok \u00e9s gasztron\u00f3mia k\u00eds\u00e9ret\u00e9ben, a tengert\u0151l a szeretett Cantabria hegyeiig.<\/p>\n<p>Ezt a term\u00e9ket a <a href=\"https:\/\/bodegasigarmi.es\/mayoristas-de-bebidas-en-cantabria\/\" target=\"_blank\" rel=\"noopener noreferrer nofollow\">Bodegas Igarmi <\/a> palackozza.  <\/p>\n<p>A Bodegas Igarmi egy olyan hagyom\u00e1ny jelen\u00e9t jelenti, amelyet 1890 \u00f3ta a min\u0151s\u00e9g \u00e9s az \u00fcgyf\u00e9lszolg\u00e1lat jellemez.<\/p>\n<p>Egy csal\u00e1di v\u00e1llalkoz\u00e1s, amelynek a bor ir\u00e1nti szenved\u00e9lye \u00e9s elk\u00f6telezetts\u00e9ge lehet\u0151v\u00e9 tette, hogy a piacon \u00e9s a fogyaszt\u00f3k \u00e1ltal nagyra \u00e9rt\u00e9kelt, verhetetlen min\u0151s\u00e9g-\u00e1r ar\u00e1ny\u00fa borokat palackozzon \u00e9s forgalmazzon.<\/p>\n<p>A Bodegas Igarmi 3000 m\u00b2-es l\u00e9tes\u00edtm\u00e9nyekkel rendelkezik Heras v\u00e1ros\u00e1ban, \u00e9s k\u00f6r\u00fclbel\u00fcl egymilli\u00f3 liter t\u00e1rol\u00f3kapacit\u00e1ssal rendelkezik.<\/p>\n<p>Ez a legnagyobb bor\u00e1szat Cantabria tartom\u00e1nyban.<\/p>\n<p>\u0150k egy t\u00f6bb mint 30 f\u0151s nagyszer\u0171 csapat, amely elk\u00f6telezett amellett, hogy a legjobb term\u00e9ket \u00e9s a legjobb szolg\u00e1ltat\u00e1st ny\u00fajtsa a v\u00e1s\u00e1rl\u00f3nak, ami miatt megk\u00fcl\u00f6nb\u00f6ztetj\u00fck magunkat.<\/p>\n<p>20 j\u00e1rm\u0171b\u0151l \u00e1ll\u00f3 flott\u00e1val rendelkeznek a term\u00e9kek sz\u00e1ll\u00edt\u00e1s\u00e1ra \u00e9s eloszt\u00e1s\u00e1ra eg\u00e9sz Cantabri\u00e1ban \u00e9s a szomsz\u00e9dos telep\u00fcl\u00e9seken.<\/p>\n<p>Ha Vermouth Los C\u00e1ntabros 5 literes Bag in Box-ot vagy b\u00e1rmilyen m\u00e1s <a href=\"https:\/\/latiendadesami.com\/categoria-producto\/bebidas\/\" rel=\"noopener noreferrer nofollow\" target=\"_blank\">italt<\/a> szeretne v\u00e1s\u00e1rolni, ne habozzon, n\u00e9zze meg online katal\u00f3gusunkat, hogy megismerje az italok sz\u00e9les v\u00e1laszt\u00e9k\u00e1t.<\/p>\n<p>Tov\u00e1bbi inform\u00e1ci\u00f3\u00e9rt \u00edrjon nek\u00fcnk.<\/p>\n","protected":false},"excerpt":{"rendered":"<p>A Verm\u00fa los C\u00e1ntabros 5 literes Bag in Box mindazon f\u00e9rfiak \u00e9s n\u0151k el\u0151tt tiszteleg, akik tudt\u00e1k, hogyan kell meg\u0151rizni \u00e9s terjeszteni kult\u00far\u00e1nkat. A gy\u00f6kereink \u00e9s hagyom\u00e1nyaink is, v\u00e1s\u00e1rok, fesztiv\u00e1lok, j\u00e1t\u00e9kok \u00e9s gasztron\u00f3mia k\u00eds\u00e9ret\u00e9ben, a tengert\u0151l a szeretett Cantabria hegyeiig. Ezt a term\u00e9ket a Bodegas Igarmi palackozza. A Bodegas Igarmi egy olyan hagyom\u00e1ny jelen\u00e9t jelenti, [&hellip;]<\/p>\n","protected":false},"featured_media":11233,"template":"","meta":{"_et_pb_use_builder":"","_et_pb_old_content":"","_et_gb_content_width":""},"product_brand":[1244,1245],"product_cat":[4875,6164],"product_tag":[6165],"class_list":{"0":"post-49443","1":"product","2":"type-product","3":"status-publish","4":"has-post-thumbnail","6":"product_brand-igarmi","7":"product_brand-los-cantabros","8":"product_cat-italok","9":"product_cat-vermouth-hu","10":"product_tag-igarmi-hu","12":"first","13":"instock","14":"sale","15":"featured","16":"taxable","17":"shipping-taxable","18":"purchasable","19":"product-type-simple"},"_links":{"self":[{"href":"https:\/\/myspainfood.com\/hu\/wp-json\/wp\/v2\/product\/49443","targetHints":{"allow":["GET"]}}],"collection":[{"href":"https:\/\/myspainfood.com\/hu\/wp-json\/wp\/v2\/product"}],"about":[{"href":"https:\/\/myspainfood.com\/hu\/wp-json\/wp\/v2\/types\/product"}],"wp:featuredmedia":[{"embeddable":true,"href":"https:\/\/myspainfood.com\/hu\/wp-json\/wp\/v2\/media\/11233"}],"wp:attachment":[{"href":"https:\/\/myspainfood.com\/hu\/wp-json\/wp\/v2\/media?parent=49443"}],"wp:term":[{"taxonomy":"product_brand","embeddable":true,"href":"https:\/\/myspainfood.com\/hu\/wp-json\/wp\/v2\/product_brand?post=49443"},{"taxonomy":"product_cat","embeddable":true,"href":"https:\/\/myspainfood.com\/hu\/wp-json\/wp\/v2\/product_cat?post=49443"},{"taxonomy":"product_tag","embeddable":true,"href":"https:\/\/myspainfood.com\/hu\/wp-json\/wp\/v2\/product_tag?post=49443"}],"curies":[{"name":"wp","href":"https:\/\/api.w.org\/{rel}","templated":true}]}}