{"id":49542,"date":"2025-04-10T12:08:47","date_gmt":"2025-04-10T10:08:47","guid":{"rendered":"https:\/\/myspainfood.com\/producto\/sajtos-kisertesek-18-kg\/"},"modified":"2025-04-10T12:08:47","modified_gmt":"2025-04-10T10:08:47","slug":"sajtos-kisertesek-18-kg","status":"publish","type":"product","link":"https:\/\/myspainfood.com\/hu\/producto\/sajtos-kisertesek-18-kg\/","title":{"rendered":"Sajtos k\u00eds\u00e9rt\u00e9sek 1,8 kg"},"content":{"rendered":"<p>Olaj (100% napraforg\u00f3), \u00e9des cseresznyepaprika, kr\u00e9msajt.<\/p>\n","protected":false},"excerpt":{"rendered":"<p>Olaj (100% napraforg\u00f3), \u00e9des cseresznyepaprika, kr\u00e9msajt.<\/p>\n","protected":false},"featured_media":11368,"template":"","meta":{"_et_pb_use_builder":"","_et_pb_old_content":"","_et_gb_content_width":""},"product_brand":[1277],"product_cat":[1955,2339,2278],"product_tag":[],"class_list":{"0":"post-49542","1":"product","2":"type-product","3":"status-publish","4":"has-post-thumbnail","6":"product_brand-bokeo","7":"product_cat-megorzi-a","8":"product_cat-paprika-hu","9":"product_cat-sajt-es-kolbasz","10":"product_shipping_class-hidegszallitas","12":"first","13":"instock","14":"featured","15":"taxable","16":"shipping-taxable","17":"purchasable","18":"product-type-simple"},"_links":{"self":[{"href":"https:\/\/myspainfood.com\/hu\/wp-json\/wp\/v2\/product\/49542","targetHints":{"allow":["GET"]}}],"collection":[{"href":"https:\/\/myspainfood.com\/hu\/wp-json\/wp\/v2\/product"}],"about":[{"href":"https:\/\/myspainfood.com\/hu\/wp-json\/wp\/v2\/types\/product"}],"wp:featuredmedia":[{"embeddable":true,"href":"https:\/\/myspainfood.com\/hu\/wp-json\/wp\/v2\/media\/11368"}],"wp:attachment":[{"href":"https:\/\/myspainfood.com\/hu\/wp-json\/wp\/v2\/media?parent=49542"}],"wp:term":[{"taxonomy":"product_brand","embeddable":true,"href":"https:\/\/myspainfood.com\/hu\/wp-json\/wp\/v2\/product_brand?post=49542"},{"taxonomy":"product_cat","embeddable":true,"href":"https:\/\/myspainfood.com\/hu\/wp-json\/wp\/v2\/product_cat?post=49542"},{"taxonomy":"product_tag","embeddable":true,"href":"https:\/\/myspainfood.com\/hu\/wp-json\/wp\/v2\/product_tag?post=49542"}],"curies":[{"name":"wp","href":"https:\/\/api.w.org\/{rel}","templated":true}]}}