{"id":50540,"date":"2025-05-21T08:44:03","date_gmt":"2025-05-21T06:44:03","guid":{"rendered":"https:\/\/myspainfood.com\/producto\/manzanilla-kimagozott-kamilla-900-gr-chicon\/"},"modified":"2026-01-29T12:59:36","modified_gmt":"2026-01-29T11:59:36","slug":"manzanilla-kimagozott-kamilla-900-gr-chicon","status":"publish","type":"product","link":"https:\/\/myspainfood.com\/hu\/producto\/manzanilla-kimagozott-kamilla-900-gr-chicon\/","title":{"rendered":"Manzanilla kimagozott kamilla 900 gr Chic\u00f3n"},"content":{"rendered":"<p>A kimagozott Manzanilla olajbogy\u00f3 a mag elt\u00e1vol\u00edt\u00e1sa ellen\u00e9re gyakorlatilag meg\u0151rzi eredeti alakj\u00e1t.<\/p>\n<h3>A Manzanilla magozott <a href=\"https:\/\/aceitunaschiconlebron.com\/catalogo-productos\/comprar-aceitunas\/deshuesadas\/\" target=\"_blank\" rel=\"noopener noreferrer nofollow\">Chic\u00f3n<\/a> olajbogy\u00f3 el\u0151nyei<\/h3>\n<p>Ismerte az olajbogy\u00f3 t\u00f6bbsz\u00f6r\u00f6s el\u0151nyeit? Rendk\u00edv\u00fcl hat\u00e9kony a sz\u00edv- \u00e9s kering\u00e9si betegs\u00e9gek megel\u0151z\u00e9s\u00e9ben. <\/p>\n<p>Ez a magas tel\u00edtetlen zs\u00edrtartalm\u00e1nak k\u00f6sz\u00f6nhet\u0151. Ezenk\u00edv\u00fcl sok vasat \u00e9s rostot tartalmaz, \u00e9s rendk\u00edv\u00fcl laktat\u00f3, \u00edgy t\u00f6k\u00e9letes nassolnival\u00f3. <\/p>\n<p>Ha ol\u00edvabogy\u00f3t vagy b\u00e1rmilyen m\u00e1s <a href=\"https:\/\/latiendadesami.com\/categoria-producto\/encurtidos\/\" rel=\"noopener noreferrer nofollow\" target=\"_blank\">savany\u00fas\u00e1got<\/a> szeretne v\u00e1s\u00e1rolni, ne habozzon, n\u00e9zze meg online katal\u00f3gusunkat, hogy megn\u00e9zze <a href=\"https:\/\/latiendadesami.com\/categoria-producto\/encurtidos\/aceitunas\/\" target=\"_blank\" rel=\"noopener noreferrer nofollow\">ol\u00edvabogy\u00f3ink<\/a> sz\u00e9les v\u00e1laszt\u00e9k\u00e1t.<\/p>\n","protected":false},"excerpt":{"rendered":"<p>A kimagozott Manzanilla olajbogy\u00f3 a mag elt\u00e1vol\u00edt\u00e1sa ellen\u00e9re gyakorlatilag meg\u0151rzi eredeti alakj\u00e1t. A Manzanilla magozott Chic\u00f3n olajbogy\u00f3 el\u0151nyei Ismerte az olajbogy\u00f3 t\u00f6bbsz\u00f6r\u00f6s el\u0151nyeit? Rendk\u00edv\u00fcl hat\u00e9kony a sz\u00edv- \u00e9s kering\u00e9si betegs\u00e9gek megel\u0151z\u00e9s\u00e9ben. Ez a magas tel\u00edtetlen zs\u00edrtartalm\u00e1nak k\u00f6sz\u00f6nhet\u0151. Ezenk\u00edv\u00fcl sok vasat \u00e9s rostot tartalmaz, \u00e9s rendk\u00edv\u00fcl laktat\u00f3, \u00edgy t\u00f6k\u00e9letes nassolnival\u00f3. Ha ol\u00edvabogy\u00f3t vagy b\u00e1rmilyen m\u00e1s savany\u00fas\u00e1got [&hellip;]<\/p>\n","protected":false},"featured_media":50274,"template":"","meta":{"_et_pb_use_builder":"","_et_pb_old_content":"","_et_gb_content_width":""},"product_brand":[1036],"product_cat":[1569,1568],"product_tag":[10008,2048],"class_list":{"0":"post-50540","1":"product","2":"type-product","3":"status-publish","4":"has-post-thumbnail","6":"product_brand-chicon","7":"product_cat-olajbogyo","8":"product_cat-savanyusagok","9":"product_tag-csont-nelkul-hu","10":"product_tag-kamilla","12":"first","13":"instock","14":"taxable","15":"shipping-taxable","16":"purchasable","17":"product-type-variable"},"_links":{"self":[{"href":"https:\/\/myspainfood.com\/hu\/wp-json\/wp\/v2\/product\/50540","targetHints":{"allow":["GET"]}}],"collection":[{"href":"https:\/\/myspainfood.com\/hu\/wp-json\/wp\/v2\/product"}],"about":[{"href":"https:\/\/myspainfood.com\/hu\/wp-json\/wp\/v2\/types\/product"}],"wp:featuredmedia":[{"embeddable":true,"href":"https:\/\/myspainfood.com\/hu\/wp-json\/wp\/v2\/media\/50274"}],"wp:attachment":[{"href":"https:\/\/myspainfood.com\/hu\/wp-json\/wp\/v2\/media?parent=50540"}],"wp:term":[{"taxonomy":"product_brand","embeddable":true,"href":"https:\/\/myspainfood.com\/hu\/wp-json\/wp\/v2\/product_brand?post=50540"},{"taxonomy":"product_cat","embeddable":true,"href":"https:\/\/myspainfood.com\/hu\/wp-json\/wp\/v2\/product_cat?post=50540"},{"taxonomy":"product_tag","embeddable":true,"href":"https:\/\/myspainfood.com\/hu\/wp-json\/wp\/v2\/product_tag?post=50540"}],"curies":[{"name":"wp","href":"https:\/\/api.w.org\/{rel}","templated":true}]}}