{"id":50650,"date":"2025-05-21T08:44:03","date_gmt":"2025-05-21T06:44:03","guid":{"rendered":"https:\/\/myspainfood.com\/producto\/kamilla-csonttal-900-gr-chicon\/"},"modified":"2026-01-29T12:58:31","modified_gmt":"2026-01-29T11:58:31","slug":"kamilla-csonttal-900-gr-chicon","status":"publish","type":"product","link":"https:\/\/myspainfood.com\/hu\/producto\/kamilla-csonttal-900-gr-chicon\/","title":{"rendered":"Kamilla csonttal 900 gr Chic\u00f3n"},"content":{"rendered":"<p>Az eg\u00e9sz Manzanilla olajbogy\u00f3 maggal meg\u0151rzi eredeti alakj\u00e1t, a mag a gy\u00fcm\u00f6lcs belsej\u00e9ben marad.<\/p>\n<p>Ezeket az eg\u00e9sz olajbogy\u00f3kat aj\u00e1nlatos h\u0171v\u00f6s, sz\u00e1raz, napf\u00e9nyt\u0151l v\u00e9dett helyen t\u00e1rolni.<\/p>\n<h3>A Manzanilla olajbogy\u00f3 el\u0151nyei <a href=\"https:\/\/aceitunaschiconlebron.com\/catalogo-productos\/comprar-aceitunas\/deshuesadas\/\" target=\"_blank\" rel=\"noopener noreferrer nofollow\">Chic\u00f3n<\/a> maggal<\/h3>\n<p>Ismerte az olajbogy\u00f3 t\u00f6bbsz\u00f6r\u00f6s el\u0151nyeit? Rendk\u00edv\u00fcl hat\u00e9kony a sz\u00edv- \u00e9s kering\u00e9si betegs\u00e9gek megel\u0151z\u00e9s\u00e9ben. <\/p>\n<p>Ez a magas tel\u00edtetlen zs\u00edrtartalm\u00e1nak k\u00f6sz\u00f6nhet\u0151. Ezenk\u00edv\u00fcl sok vasat \u00e9s rostot tartalmaz, \u00e9s rendk\u00edv\u00fcl laktat\u00f3, \u00edgy t\u00f6k\u00e9letes nassolnival\u00f3. <\/p>\n<p>Ha ol\u00edvabogy\u00f3t vagy b\u00e1rmilyen m\u00e1s <a href=\"https:\/\/latiendadesami.com\/categoria-producto\/encurtidos\/\" rel=\"noopener noreferrer nofollow\" target=\"_blank\">savany\u00fas\u00e1got<\/a> szeretne v\u00e1s\u00e1rolni, ne habozzon, n\u00e9zze meg online katal\u00f3gusunkat, hogy megn\u00e9zze <a href=\"https:\/\/latiendadesami.com\/categoria-producto\/encurtidos\/aceitunas\/\" target=\"_blank\" rel=\"noopener noreferrer nofollow\">ol\u00edvabogy\u00f3ink<\/a> sz\u00e9les v\u00e1laszt\u00e9k\u00e1t.<\/p>\n","protected":false},"excerpt":{"rendered":"<p>Az eg\u00e9sz Manzanilla olajbogy\u00f3 maggal meg\u0151rzi eredeti alakj\u00e1t, a mag a gy\u00fcm\u00f6lcs belsej\u00e9ben marad. Ezeket az eg\u00e9sz olajbogy\u00f3kat aj\u00e1nlatos h\u0171v\u00f6s, sz\u00e1raz, napf\u00e9nyt\u0151l v\u00e9dett helyen t\u00e1rolni. A Manzanilla olajbogy\u00f3 el\u0151nyei Chic\u00f3n maggal Ismerte az olajbogy\u00f3 t\u00f6bbsz\u00f6r\u00f6s el\u0151nyeit? Rendk\u00edv\u00fcl hat\u00e9kony a sz\u00edv- \u00e9s kering\u00e9si betegs\u00e9gek megel\u0151z\u00e9s\u00e9ben. Ez a magas tel\u00edtetlen zs\u00edrtartalm\u00e1nak k\u00f6sz\u00f6nhet\u0151. Ezenk\u00edv\u00fcl sok vasat \u00e9s rostot [&hellip;]<\/p>\n","protected":false},"featured_media":50340,"template":"","meta":{"_et_pb_use_builder":"","_et_pb_old_content":"","_et_gb_content_width":""},"product_brand":[1036],"product_cat":[1569,1568],"product_tag":[10030,2048],"class_list":{"0":"post-50650","1":"product","2":"type-product","3":"status-publish","4":"has-post-thumbnail","6":"product_brand-chicon","7":"product_cat-olajbogyo","8":"product_cat-savanyusagok","9":"product_tag-csonttal","10":"product_tag-kamilla","12":"first","13":"instock","14":"taxable","15":"shipping-taxable","16":"purchasable","17":"product-type-variable"},"_links":{"self":[{"href":"https:\/\/myspainfood.com\/hu\/wp-json\/wp\/v2\/product\/50650","targetHints":{"allow":["GET"]}}],"collection":[{"href":"https:\/\/myspainfood.com\/hu\/wp-json\/wp\/v2\/product"}],"about":[{"href":"https:\/\/myspainfood.com\/hu\/wp-json\/wp\/v2\/types\/product"}],"wp:featuredmedia":[{"embeddable":true,"href":"https:\/\/myspainfood.com\/hu\/wp-json\/wp\/v2\/media\/50340"}],"wp:attachment":[{"href":"https:\/\/myspainfood.com\/hu\/wp-json\/wp\/v2\/media?parent=50650"}],"wp:term":[{"taxonomy":"product_brand","embeddable":true,"href":"https:\/\/myspainfood.com\/hu\/wp-json\/wp\/v2\/product_brand?post=50650"},{"taxonomy":"product_cat","embeddable":true,"href":"https:\/\/myspainfood.com\/hu\/wp-json\/wp\/v2\/product_cat?post=50650"},{"taxonomy":"product_tag","embeddable":true,"href":"https:\/\/myspainfood.com\/hu\/wp-json\/wp\/v2\/product_tag?post=50650"}],"curies":[{"name":"wp","href":"https:\/\/api.w.org\/{rel}","templated":true}]}}