{"id":51014,"date":"2025-05-21T09:40:50","date_gmt":"2025-05-21T07:40:50","guid":{"rendered":"https:\/\/myspainfood.com\/producto\/kimbitos-olivabogyo-es-uborka-900-gr-chicon\/"},"modified":"2026-01-29T13:06:10","modified_gmt":"2026-01-29T12:06:10","slug":"kimbitos-olivabogyo-es-uborka-900-gr-chicon","status":"publish","type":"product","link":"https:\/\/myspainfood.com\/hu\/producto\/kimbitos-olivabogyo-es-uborka-900-gr-chicon\/","title":{"rendered":"Kimbitos - ol\u00edvabogy\u00f3 \u00e9s uborka 900 gr Chic\u00f3n"},"content":{"rendered":"<p><a href=\"https:\/\/aceitunaschiconlebron.com\/catalogo\/manzanilla-rellena-de-pepinillo\/\" target=\"_blank\" rel=\"noopener noreferrer nofollow\">Kimbitos olajbogy\u00f3 \u00e9s uborka<\/a>, enyhe \u00e9des-savanyk\u00e1s \u00edzzel.<\/p>\n<h3>A Manzanilla vagy Kimbitos olajbogy\u00f3 tulajdons\u00e1gai<\/h3>\n<p>Az eredetileg Spanyolorsz\u00e1gb\u00f3l sz\u00e1rmaz\u00f3 manzanilla olajbogy\u00f3 nagyszer\u0171 el\u0151ny\u00f6ket k\u00edn\u00e1l, amelyek k\u00f6z\u00fcl kiemelkednek a k\u00f6vetkez\u0151k:<\/p>\n<p>Nagy mennyis\u00e9g\u0171 antioxid\u00e1nst biztos\u00edtanak.<\/p>\n<p>Cs\u00f6kkentik a v\u00e9rnyom\u00e1st \u00e9s a koleszterinszintet.<\/p>\n<p>megel\u0151zi a r\u00e1k egyes t\u00edpusait.<\/p>\n<p>Term\u00e9szetes probiotikumk\u00e9nt m\u0171k\u00f6dnek.<\/p>\n<p>Jav\u00edtja a sz\u00edv eg\u00e9szs\u00e9g\u00e9t.<\/p>\n<p>Seg\u00edtenek a fert\u0151z\u00e9sek lek\u00fczd\u00e9s\u00e9ben.<\/p>\n<p>Megel\u0151zik a csontritkul\u00e1st.<\/p>\n<p>Tudta, hogy a Kimbitos olajbogy\u00f3nak milyen sokf\u00e9le el\u0151nye van? Nagy erej\u00fck van a sz\u00edv- \u00e9s kering\u00e9si betegs\u00e9gek megel\u0151z\u00e9s\u00e9ben. <\/p>\n<p>Ha ol\u00edvabogy\u00f3t vagy b\u00e1rmilyen m\u00e1s <a href=\"https:\/\/latiendadesami.com\/categoria-producto\/encurtidos\/\" rel=\"noopener noreferrer nofollow\" target=\"_blank\">savany\u00fas\u00e1got<\/a> szeretne v\u00e1s\u00e1rolni, ne habozzon, n\u00e9zze meg online katal\u00f3gusunkat, hogy megn\u00e9zze <a href=\"https:\/\/latiendadesami.com\/categoria-producto\/encurtidos\/aceitunas\/\" target=\"_blank\" rel=\"noopener noreferrer nofollow\">ol\u00edvabogy\u00f3ink<\/a> sz\u00e9les v\u00e1laszt\u00e9k\u00e1t.<\/p>\n","protected":false},"excerpt":{"rendered":"<p>Kimbitos olajbogy\u00f3 \u00e9s uborka, enyhe \u00e9des-savanyk\u00e1s \u00edzzel. A Manzanilla vagy Kimbitos olajbogy\u00f3 tulajdons\u00e1gai Az eredetileg Spanyolorsz\u00e1gb\u00f3l sz\u00e1rmaz\u00f3 manzanilla olajbogy\u00f3 nagyszer\u0171 el\u0151ny\u00f6ket k\u00edn\u00e1l, amelyek k\u00f6z\u00fcl kiemelkednek a k\u00f6vetkez\u0151k: Nagy mennyis\u00e9g\u0171 antioxid\u00e1nst biztos\u00edtanak. Cs\u00f6kkentik a v\u00e9rnyom\u00e1st \u00e9s a koleszterinszintet. megel\u0151zi a r\u00e1k egyes t\u00edpusait. Term\u00e9szetes probiotikumk\u00e9nt m\u0171k\u00f6dnek. Jav\u00edtja a sz\u00edv eg\u00e9szs\u00e9g\u00e9t. Seg\u00edtenek a fert\u0151z\u00e9sek lek\u00fczd\u00e9s\u00e9ben. Megel\u0151zik a [&hellip;]<\/p>\n","protected":false},"featured_media":7129,"template":"","meta":{"_et_pb_use_builder":"","_et_pb_old_content":"","_et_gb_content_width":""},"product_brand":[1036],"product_cat":[1569,1568,2001],"product_tag":[2027,2048,1672],"class_list":{"0":"post-51014","1":"product","2":"type-product","3":"status-publish","4":"has-post-thumbnail","6":"product_brand-chicon","7":"product_cat-olajbogyo","8":"product_cat-savanyusagok","9":"product_cat-uborka","10":"product_tag-gherkin-hu","11":"product_tag-kamilla","12":"product_tag-kimbo-hu","14":"first","15":"instock","16":"taxable","17":"shipping-taxable","18":"purchasable","19":"product-type-variable"},"_links":{"self":[{"href":"https:\/\/myspainfood.com\/hu\/wp-json\/wp\/v2\/product\/51014","targetHints":{"allow":["GET"]}}],"collection":[{"href":"https:\/\/myspainfood.com\/hu\/wp-json\/wp\/v2\/product"}],"about":[{"href":"https:\/\/myspainfood.com\/hu\/wp-json\/wp\/v2\/types\/product"}],"wp:featuredmedia":[{"embeddable":true,"href":"https:\/\/myspainfood.com\/hu\/wp-json\/wp\/v2\/media\/7129"}],"wp:attachment":[{"href":"https:\/\/myspainfood.com\/hu\/wp-json\/wp\/v2\/media?parent=51014"}],"wp:term":[{"taxonomy":"product_brand","embeddable":true,"href":"https:\/\/myspainfood.com\/hu\/wp-json\/wp\/v2\/product_brand?post=51014"},{"taxonomy":"product_cat","embeddable":true,"href":"https:\/\/myspainfood.com\/hu\/wp-json\/wp\/v2\/product_cat?post=51014"},{"taxonomy":"product_tag","embeddable":true,"href":"https:\/\/myspainfood.com\/hu\/wp-json\/wp\/v2\/product_tag?post=51014"}],"curies":[{"name":"wp","href":"https:\/\/api.w.org\/{rel}","templated":true}]}}