{"id":51118,"date":"2025-05-21T09:40:50","date_gmt":"2025-05-21T07:40:50","guid":{"rendered":"https:\/\/myspainfood.com\/producto\/rantotta-extra-900-gr-chicon\/"},"modified":"2026-01-29T13:05:04","modified_gmt":"2026-01-29T12:05:04","slug":"rantotta-extra-900-gr-chicon","status":"publish","type":"product","link":"https:\/\/myspainfood.com\/hu\/producto\/rantotta-extra-900-gr-chicon\/","title":{"rendered":"R\u00e1ntotta Extra 900 gr Chic\u00f3n"},"content":{"rendered":"<p>Az extra r\u00e1ntott\u00e1nk olajbogy\u00f3val \u00e9s savany\u00fas\u00e1ggal manzanilla <a href=\"https:\/\/aceitunaschiconlebron.com\/catalogo\/revuelto-extra-aceitunas-encurtidos\/\" target=\"_blank\" rel=\"noopener noreferrer nofollow\">olajbogy\u00f3b\u00f3l<\/a>, ubork\u00e1b\u00f3l, hagym\u00e1b\u00f3l \u00e9s s\u00e1rgar\u00e9p\u00e1b\u00f3l \u00e1ll.<\/p>\n<p>Az olajbogy\u00f3 \u00e9s a savany\u00fas\u00e1g e kombin\u00e1ci\u00f3ja lehet\u0151v\u00e9 teszi, hogy verhetetlen \u00edzvil\u00e1got \u00e9lvezhessen tapas- vagy el\u0151\u00e9telk\u00edn\u00e1lat\u00e1ban.<\/p>\n<p>Nagyon eg\u00e9szs\u00e9ges kieg\u00e9sz\u00edt\u0151je a hagyom\u00e1nyos t\u00e1pl\u00e1l\u00f3 mediterr\u00e1n \u00e9trend\u00fcnknek.<\/p>\n<p>A savany\u00fas\u00e1gok a vil\u00e1g minden t\u00e1j\u00e1n az \u00e9telek tart\u00f3s\u00edt\u00e1s\u00e1nak \u0151si technik\u00e1j\u00e1b\u00f3l a spanyol gasztron\u00f3mia egyik legn\u00e9pszer\u0171bb tapas\u00e1v\u00e1 vagy el\u0151\u00e9tel\u00e9v\u00e9 v\u00e1ltak.<\/p>\n<h3><strong>A Scrambled Extra el\u0151nyei<\/strong><\/h3>\n<p>Ismerte a Revuelto Extra \u00e9s \u00e1ltal\u00e1ban a savany\u00fas\u00e1gok el\u0151nyeit? \u00cdme egy lista a legfontosabbakr\u00f3l: <\/p>\n<ul>\n<li>Probiotikumokban gazdag.<\/li>\n<li>Seg\u00edtik az em\u00e9szt\u00e9st.<\/li>\n<li>Er\u0151s\u00edtik az immunrendszert.<\/li>\n<li>Cs\u00f6kkentik a cukor ut\u00e1ni s\u00f3v\u00e1rg\u00e1st.<\/li>\n<li>Kedvez\u0151 az epeh\u00f3lyag sz\u00e1m\u00e1ra.<\/li>\n<\/ul>\n<p>Ha ol\u00edvabogy\u00f3t vagy b\u00e1rmilyen m\u00e1s <a href=\"https:\/\/latiendadesami.com\/categoria-producto\/encurtidos\/\" rel=\"noopener noreferrer nofollow\" target=\"_blank\">savany\u00fas\u00e1got<\/a> szeretne v\u00e1s\u00e1rolni, ne habozzon, n\u00e9zze meg online katal\u00f3gusunkat, hogy megn\u00e9zze <a href=\"https:\/\/latiendadesami.com\/categoria-producto\/encurtidos\/aceitunas\/\" target=\"_blank\" rel=\"noopener noreferrer nofollow\">ol\u00edvabogy\u00f3ink<\/a> sz\u00e9les v\u00e1laszt\u00e9k\u00e1t.<\/p>\n","protected":false},"excerpt":{"rendered":"<p>Az extra r\u00e1ntott\u00e1nk olajbogy\u00f3val \u00e9s savany\u00fas\u00e1ggal manzanilla olajbogy\u00f3b\u00f3l, ubork\u00e1b\u00f3l, hagym\u00e1b\u00f3l \u00e9s s\u00e1rgar\u00e9p\u00e1b\u00f3l \u00e1ll. Az olajbogy\u00f3 \u00e9s a savany\u00fas\u00e1g e kombin\u00e1ci\u00f3ja lehet\u0151v\u00e9 teszi, hogy verhetetlen \u00edzvil\u00e1got \u00e9lvezhessen tapas- vagy el\u0151\u00e9telk\u00edn\u00e1lat\u00e1ban. Nagyon eg\u00e9szs\u00e9ges kieg\u00e9sz\u00edt\u0151je a hagyom\u00e1nyos t\u00e1pl\u00e1l\u00f3 mediterr\u00e1n \u00e9trend\u00fcnknek. A savany\u00fas\u00e1gok a vil\u00e1g minden t\u00e1j\u00e1n az \u00e9telek tart\u00f3s\u00edt\u00e1s\u00e1nak \u0151si technik\u00e1j\u00e1b\u00f3l a spanyol gasztron\u00f3mia egyik legn\u00e9pszer\u0171bb tapas\u00e1v\u00e1 vagy [&hellip;]<\/p>\n","protected":false},"featured_media":50828,"template":"","meta":{"_et_pb_use_builder":"","_et_pb_old_content":"","_et_gb_content_width":""},"product_brand":[1036],"product_cat":[1569,1568],"product_tag":[8133],"class_list":{"0":"post-51118","1":"product","2":"type-product","3":"status-publish","4":"has-post-thumbnail","6":"product_brand-chicon","7":"product_cat-olajbogyo","8":"product_cat-savanyusagok","9":"product_tag-rantotta","11":"first","12":"instock","13":"taxable","14":"shipping-taxable","15":"purchasable","16":"product-type-variable"},"_links":{"self":[{"href":"https:\/\/myspainfood.com\/hu\/wp-json\/wp\/v2\/product\/51118","targetHints":{"allow":["GET"]}}],"collection":[{"href":"https:\/\/myspainfood.com\/hu\/wp-json\/wp\/v2\/product"}],"about":[{"href":"https:\/\/myspainfood.com\/hu\/wp-json\/wp\/v2\/types\/product"}],"wp:featuredmedia":[{"embeddable":true,"href":"https:\/\/myspainfood.com\/hu\/wp-json\/wp\/v2\/media\/50828"}],"wp:attachment":[{"href":"https:\/\/myspainfood.com\/hu\/wp-json\/wp\/v2\/media?parent=51118"}],"wp:term":[{"taxonomy":"product_brand","embeddable":true,"href":"https:\/\/myspainfood.com\/hu\/wp-json\/wp\/v2\/product_brand?post=51118"},{"taxonomy":"product_cat","embeddable":true,"href":"https:\/\/myspainfood.com\/hu\/wp-json\/wp\/v2\/product_cat?post=51118"},{"taxonomy":"product_tag","embeddable":true,"href":"https:\/\/myspainfood.com\/hu\/wp-json\/wp\/v2\/product_tag?post=51118"}],"curies":[{"name":"wp","href":"https:\/\/api.w.org\/{rel}","templated":true}]}}