{"id":51366,"date":"2025-05-21T10:50:34","date_gmt":"2025-05-21T08:50:34","guid":{"rendered":"https:\/\/myspainfood.com\/producto\/nagymama-titka\/"},"modified":"2026-01-29T13:13:58","modified_gmt":"2026-01-29T12:13:58","slug":"nagymama-titka","status":"publish","type":"product","link":"https:\/\/myspainfood.com\/hu\/producto\/nagymama-titka\/","title":{"rendered":"Nagymama titka"},"content":{"rendered":"<p>Az Olives Secreto de la Abuela magozott gordal olajbogy\u00f3, feh\u00e9r fokhagyma, kapribogy\u00f3 \u00e9s padlizs\u00e1ndarabok kombin\u00e1ci\u00f3ja.<\/p>\n<p>A f\u0171szerez\u00e9s <a href=\"https:\/\/aceitunaschiconlebron.com\/\" target=\"_blank\" rel=\"noopener noreferrer nofollow\">a Chic\u00f3n<\/a> saj\u00e1tja.<\/p>\n<h3><strong>A Secreto de la Abuela olajbogy\u00f3 el\u0151nyei<\/strong><\/h3>\n<p>Tudta, hogy milyen el\u0151nyei vannak ennek a fajta olajbogy\u00f3nak \u00e9s \u00e1ltal\u00e1ban a savany\u00fas\u00e1gnak? \u00cdme egy lista a legfontosabbakr\u00f3l: <\/p>\n<ul>\n<li>Probiotikumokban gazdag.<\/li>\n<li>Seg\u00edtik az em\u00e9szt\u00e9st.<\/li>\n<li>Er\u0151s\u00edtik az immunrendszert.<\/li>\n<li>Cs\u00f6kkentik a cukor ut\u00e1ni s\u00f3v\u00e1rg\u00e1st.<\/li>\n<li>Kedvez\u0151 az epeh\u00f3lyag sz\u00e1m\u00e1ra.<\/li>\n<\/ul>\n<p>&nbsp;<\/p>\n<p>Ha ol\u00edvabogy\u00f3t vagy b\u00e1rmilyen m\u00e1s <a href=\"https:\/\/latiendadesami.com\/categoria-producto\/encurtidos\/\" rel=\"noopener noreferrer nofollow\" target=\"_blank\">savany\u00fas\u00e1got<\/a> szeretne v\u00e1s\u00e1rolni, ne habozzon, n\u00e9zze meg online katal\u00f3gusunkat, hogy megn\u00e9zze <a href=\"https:\/\/latiendadesami.com\/categoria-producto\/encurtidos\/aceitunas\/\" target=\"_blank\" rel=\"noopener noreferrer nofollow\">ol\u00edvabogy\u00f3ink<\/a> sz\u00e9les v\u00e1laszt\u00e9k\u00e1t.<\/p>\n","protected":false},"excerpt":{"rendered":"<p>Az Olives Secreto de la Abuela magozott gordal olajbogy\u00f3, feh\u00e9r fokhagyma, kapribogy\u00f3 \u00e9s padlizs\u00e1ndarabok kombin\u00e1ci\u00f3ja. A f\u0171szerez\u00e9s a Chic\u00f3n saj\u00e1tja. A Secreto de la Abuela olajbogy\u00f3 el\u0151nyei Tudta, hogy milyen el\u0151nyei vannak ennek a fajta olajbogy\u00f3nak \u00e9s \u00e1ltal\u00e1ban a savany\u00fas\u00e1gnak? \u00cdme egy lista a legfontosabbakr\u00f3l: Probiotikumokban gazdag. Seg\u00edtik az em\u00e9szt\u00e9st. Er\u0151s\u00edtik az immunrendszert. Cs\u00f6kkentik a [&hellip;]<\/p>\n","protected":false},"featured_media":51209,"template":"","meta":{"_et_pb_use_builder":"","_et_pb_old_content":"","_et_gb_content_width":""},"product_brand":[1036],"product_cat":[1569,1568],"product_tag":[1744,10123],"class_list":{"0":"post-51366","1":"product","2":"type-product","3":"status-publish","4":"has-post-thumbnail","6":"product_brand-chicon","7":"product_cat-olajbogyo","8":"product_cat-savanyusagok","9":"product_tag-nagymama","10":"product_tag-titkos","12":"first","13":"outofstock","14":"taxable","15":"shipping-taxable","16":"product-type-variable"},"_links":{"self":[{"href":"https:\/\/myspainfood.com\/hu\/wp-json\/wp\/v2\/product\/51366","targetHints":{"allow":["GET"]}}],"collection":[{"href":"https:\/\/myspainfood.com\/hu\/wp-json\/wp\/v2\/product"}],"about":[{"href":"https:\/\/myspainfood.com\/hu\/wp-json\/wp\/v2\/types\/product"}],"wp:featuredmedia":[{"embeddable":true,"href":"https:\/\/myspainfood.com\/hu\/wp-json\/wp\/v2\/media\/51209"}],"wp:attachment":[{"href":"https:\/\/myspainfood.com\/hu\/wp-json\/wp\/v2\/media?parent=51366"}],"wp:term":[{"taxonomy":"product_brand","embeddable":true,"href":"https:\/\/myspainfood.com\/hu\/wp-json\/wp\/v2\/product_brand?post=51366"},{"taxonomy":"product_cat","embeddable":true,"href":"https:\/\/myspainfood.com\/hu\/wp-json\/wp\/v2\/product_cat?post=51366"},{"taxonomy":"product_tag","embeddable":true,"href":"https:\/\/myspainfood.com\/hu\/wp-json\/wp\/v2\/product_tag?post=51366"}],"curies":[{"name":"wp","href":"https:\/\/api.w.org\/{rel}","templated":true}]}}