{"id":52399,"date":"2025-05-23T12:58:14","date_gmt":"2025-05-23T10:58:14","guid":{"rendered":"https:\/\/myspainfood.com\/producto\/alyan-dubai-pisztacias-csokolade-100-gramm\/"},"modified":"2026-01-29T13:16:21","modified_gmt":"2026-01-29T12:16:21","slug":"alyan-dubai-pisztacias-csokolade-100-gramm","status":"publish","type":"product","link":"https:\/\/myspainfood.com\/hu\/producto\/alyan-dubai-pisztacias-csokolade-100-gramm\/","title":{"rendered":"Alyan Dubai piszt\u00e1ci\u00e1s csokol\u00e1d\u00e9 100 gramm"},"content":{"rendered":"<p>Piszt\u00e1ci\u00e1val \u00e9s kunaf\u00e1val t\u00f6lt\u00f6tt tejcsokol\u00e1d\u00e9. \u00d6sszetev\u0151k: Keksz \u00e9s piszt\u00e1cia: <\/p>\n<p>Piszt\u00e1ciamassza 45% [cukor, piszt\u00e1cia (30%), n\u00f6v\u00e9nyi olaj (teljesen hidrog\u00e9nezett p\u00e1lma-, pamutmag- \u00e9s napraforg\u00f3olaj), sov\u00e1ny tej, emulge\u00e1l\u00f3szer (napraforg\u00f3 lecitin), arom\u00e1k (tej, vanillin)],<\/p>\n<p>Tejcsokol\u00e1d\u00e9 45% [cukor, kaka\u00f3vaj, teljes tejpor, kaka\u00f3massza, sov\u00e1ny tejpor, sav\u00f3por, emulge\u00e1l\u00f3szer (amm\u00f3nium-foszfatidok, poliglicerin-poliricinole\u00e1t, napraforg\u00f3 lecitin), aroma (vanillin)],<\/p>\n<p>Kunafa 10% [b\u00faza (glut\u00e9nt tartalmaz), v\u00edz], tart\u00f3s\u00edt\u00f3szerek (k\u00e1lium-szorb\u00e1t, kalcium-propion\u00e1t).<\/p>\n<p>Allerg\u00e9nek: tej, b\u00faza \u00e9s piszt\u00e1cia. Nyomokban tartalmazhat m\u00e1s di\u00f3f\u00e9l\u00e9ket, f\u00f6ldimogyor\u00f3t \u00e9s toj\u00e1st. <\/p>\n","protected":false},"excerpt":{"rendered":"<p>Piszt\u00e1ci\u00e1val \u00e9s kunaf\u00e1val t\u00f6lt\u00f6tt tejcsokol\u00e1d\u00e9. \u00d6sszetev\u0151k: Keksz \u00e9s piszt\u00e1cia: Piszt\u00e1ciamassza 45% [cukor, piszt\u00e1cia (30%), n\u00f6v\u00e9nyi olaj (teljesen hidrog\u00e9nezett p\u00e1lma-, pamutmag- \u00e9s napraforg\u00f3olaj), sov\u00e1ny tej, emulge\u00e1l\u00f3szer (napraforg\u00f3 lecitin), arom\u00e1k (tej, vanillin)], Tejcsokol\u00e1d\u00e9 45% [cukor, kaka\u00f3vaj, teljes tejpor, kaka\u00f3massza, sov\u00e1ny tejpor, sav\u00f3por, emulge\u00e1l\u00f3szer (amm\u00f3nium-foszfatidok, poliglicerin-poliricinole\u00e1t, napraforg\u00f3 lecitin), aroma (vanillin)], Kunafa 10% [b\u00faza (glut\u00e9nt tartalmaz), v\u00edz], tart\u00f3s\u00edt\u00f3szerek (k\u00e1lium-szorb\u00e1t, [&hellip;]<\/p>\n","protected":false},"featured_media":52369,"template":"","meta":{"_et_pb_use_builder":"","_et_pb_old_content":"","_et_gb_content_width":""},"product_brand":[],"product_cat":[1955],"product_tag":[],"class_list":{"0":"post-52399","1":"product","2":"type-product","3":"status-publish","4":"has-post-thumbnail","6":"product_cat-megorzi-a","8":"first","9":"instock","10":"featured","11":"taxable","12":"shipping-taxable","13":"purchasable","14":"product-type-variable"},"_links":{"self":[{"href":"https:\/\/myspainfood.com\/hu\/wp-json\/wp\/v2\/product\/52399","targetHints":{"allow":["GET"]}}],"collection":[{"href":"https:\/\/myspainfood.com\/hu\/wp-json\/wp\/v2\/product"}],"about":[{"href":"https:\/\/myspainfood.com\/hu\/wp-json\/wp\/v2\/types\/product"}],"wp:featuredmedia":[{"embeddable":true,"href":"https:\/\/myspainfood.com\/hu\/wp-json\/wp\/v2\/media\/52369"}],"wp:attachment":[{"href":"https:\/\/myspainfood.com\/hu\/wp-json\/wp\/v2\/media?parent=52399"}],"wp:term":[{"taxonomy":"product_brand","embeddable":true,"href":"https:\/\/myspainfood.com\/hu\/wp-json\/wp\/v2\/product_brand?post=52399"},{"taxonomy":"product_cat","embeddable":true,"href":"https:\/\/myspainfood.com\/hu\/wp-json\/wp\/v2\/product_cat?post=52399"},{"taxonomy":"product_tag","embeddable":true,"href":"https:\/\/myspainfood.com\/hu\/wp-json\/wp\/v2\/product_tag?post=52399"}],"curies":[{"name":"wp","href":"https:\/\/api.w.org\/{rel}","templated":true}]}}