{"id":57130,"date":"2025-04-10T12:05:35","date_gmt":"2025-04-10T10:05:35","guid":{"rendered":"https:\/\/myspainfood.com\/producto\/auberginefylte-gordal-oliven-45-kg\/"},"modified":"2025-04-10T12:05:35","modified_gmt":"2025-04-10T10:05:35","slug":"auberginefylte-gordal-oliven-45-kg","status":"publish","type":"product","link":"https:\/\/myspainfood.com\/hu\/producto\/auberginefylte-gordal-oliven-45-kg\/","title":{"rendered":"Auberginefylte Gordal-oliven 4,5 kg"},"content":{"rendered":"<p>Gordal-oliven fylt med auberginer av sorten gordal fylt med v\u00e5re tradisjonelle <a href=\"https:\/\/www.laencajera.es\/aceitunas\" target=\"_blank\" rel=\"noopener noreferrer nofollow\">Almagro-auberginer<\/a>.<\/p>\n<p>A legn\u00e9pszer\u0171bb v\u00e1ltozat. Ide\u00e1lis aperitifk\u00e9nt.   <\/p>\n<p>Ingredienser: NTES: Gordal-oliven med groper, aubergine \u201eDe Almagro\u201d, vann, s\u00f3, vineddik, kvernet spisskummen, paprika de la Vera, oregano, smaksforsterker (E-621, E-631, E-627), syrningsmiddel (E-330), konserveringsmidler (E-260, E-211, E-202), antioxidant (E-300) og naturlige essenser (essens av pepper, essens av hvitl\u00f8k, essens av spisskummen). A szulfitterek nem tartalmaznak.   <\/p>\n<p>3 \u00b0C \u00e9s 10 \u00b0C k\u00f6z\u00f6tti h\u0151m\u00e9rs\u00e9klet\u0171, meleg, hideg h\u0151m\u00e9rs\u00e9kleten kell tartani.<\/p>\n<p>Beskytt mot sollys og sterk lukt.<\/p>\n<p>Gordal-oliven fylt med aubergine, oppbevares i kj\u00f8leskap og konsumeres innen 30 dager etter at den er \u00e5pnet.<\/p>\n<p>Ha szeretn\u00e9l ol\u00edvabogy\u00f3t vagy m\u00e1s t\u00edpus\u00fa <a href=\"https:\/\/latiendadesami.com\/categoria-producto\/encurtidos\/\" rel=\"noopener noreferrer nofollow\" target=\"_blank\">ruh\u00e1kat<\/a> v\u00e1s\u00e1rolni, megn\u00e9zheted az online katal\u00f3gusban, hogy megn\u00e9zd a n\u00e1lad tal\u00e1lhat\u00f3 \u00e1ruh\u00e1zi <a href=\"https:\/\/latiendadesami.com\/categoria-producto\/encurtidos\/berenjenas\/\" target=\"_blank\" rel=\"noopener noreferrer nofollow\">\u00e1rut<\/a>.<\/p>\n<p>Merket er La Encajonera, en familybedrift som ble grunnlagt i 1990, og som ligger i hejertet av La Mancha, in byen ALMAGRO in provinsen Ciudad Real.<\/p>\n<p>Produksjonsprosessen for produktene starter i det samme dyrkingsomr\u00e5det, der man velger ut de beste kvalitetsproduktene.<\/p>\n<p>A gy\u00e1r a legfejlettebb technol\u00f3gi\u00e1kon alapul, a leg\u00fajabb hagyom\u00e1nyokkal \u00e9s know-how-val egy\u00fctt.<\/p>\n","protected":false},"excerpt":{"rendered":"<p>Gordal-oliven fylt med auberginer av sorten gordal fylt med v\u00e5re tradisjonelle Almagro-auberginer. A legn\u00e9pszer\u0171bb v\u00e1ltozat. Ide\u00e1lis aperitifk\u00e9nt. Ingredienser: NTES: Gordal-oliven med groper, aubergine \u201eDe Almagro\u201d, vann, s\u00f3, vineddik, kvernet spisskummen, paprika de la Vera, oregano, smaksforsterker (E-621, E-631, E-627), syrningsmiddel (E-330), konserveringsmidler (E-260, E-211, E-202), antioxidant (E-300) og naturlige essenser (essens av pepper, essens av [&hellip;]<\/p>\n","protected":false},"featured_media":0,"template":"","meta":{"_et_pb_use_builder":"","_et_pb_old_content":"","_et_gb_content_width":""},"product_brand":[],"product_cat":[15],"product_tag":[],"class_list":{"0":"post-57130","1":"product","2":"type-product","3":"status-publish","5":"product_cat-uncategorized","7":"first","8":"instock","9":"taxable","10":"shipping-taxable","11":"purchasable","12":"product-type-simple"},"_links":{"self":[{"href":"https:\/\/myspainfood.com\/hu\/wp-json\/wp\/v2\/product\/57130","targetHints":{"allow":["GET"]}}],"collection":[{"href":"https:\/\/myspainfood.com\/hu\/wp-json\/wp\/v2\/product"}],"about":[{"href":"https:\/\/myspainfood.com\/hu\/wp-json\/wp\/v2\/types\/product"}],"wp:attachment":[{"href":"https:\/\/myspainfood.com\/hu\/wp-json\/wp\/v2\/media?parent=57130"}],"wp:term":[{"taxonomy":"product_brand","embeddable":true,"href":"https:\/\/myspainfood.com\/hu\/wp-json\/wp\/v2\/product_brand?post=57130"},{"taxonomy":"product_cat","embeddable":true,"href":"https:\/\/myspainfood.com\/hu\/wp-json\/wp\/v2\/product_cat?post=57130"},{"taxonomy":"product_tag","embeddable":true,"href":"https:\/\/myspainfood.com\/hu\/wp-json\/wp\/v2\/product_tag?post=57130"}],"curies":[{"name":"wp","href":"https:\/\/api.w.org\/{rel}","templated":true}]}}