{"id":62478,"date":"2025-10-10T12:25:50","date_gmt":"2025-10-10T10:25:50","guid":{"rendered":"https:\/\/myspainfood.com\/producto\/gildas-de-cecina-bokeo-45-egyseg\/"},"modified":"2025-10-10T12:25:50","modified_gmt":"2025-10-10T10:25:50","slug":"gildas-de-cecina-bokeo-45-egyseg","status":"publish","type":"product","link":"https:\/\/myspainfood.com\/hu\/producto\/gildas-de-cecina-bokeo-45-egyseg\/","title":{"rendered":"Gildas de Cecina Bokeo 45 egys\u00e9g"},"content":{"rendered":"<p>Olaj (85% napraforg\u00f3olaj, 15% ol\u00edvaolaj) \u00e9s marhah\u00fasdarabk\u00e1k.<\/p>\n","protected":false},"excerpt":{"rendered":"<p>Olaj (85% napraforg\u00f3olaj, 15% ol\u00edvaolaj) \u00e9s marhah\u00fasdarabk\u00e1k.<\/p>\n","protected":false},"featured_media":60053,"template":"","meta":{"_et_pb_use_builder":"","_et_pb_old_content":"","_et_gb_content_width":""},"product_brand":[1277],"product_cat":[2077,1837,2279,1841,1568,11052],"product_tag":[],"class_list":{"0":"post-62478","1":"product","2":"type-product","3":"status-publish","4":"has-post-thumbnail","6":"product_brand-bokeo","7":"product_cat-banderillas-hu","8":"product_cat-hideg","9":"product_cat-kolbasz","10":"product_cat-pintxos-hu","11":"product_cat-savanyusagok","12":"product_cat-uj","13":"product_shipping_class-hidegszallitas","15":"first","16":"outofstock","17":"taxable","18":"shipping-taxable","19":"product-type-variable"},"_links":{"self":[{"href":"https:\/\/myspainfood.com\/hu\/wp-json\/wp\/v2\/product\/62478","targetHints":{"allow":["GET"]}}],"collection":[{"href":"https:\/\/myspainfood.com\/hu\/wp-json\/wp\/v2\/product"}],"about":[{"href":"https:\/\/myspainfood.com\/hu\/wp-json\/wp\/v2\/types\/product"}],"wp:featuredmedia":[{"embeddable":true,"href":"https:\/\/myspainfood.com\/hu\/wp-json\/wp\/v2\/media\/60053"}],"wp:attachment":[{"href":"https:\/\/myspainfood.com\/hu\/wp-json\/wp\/v2\/media?parent=62478"}],"wp:term":[{"taxonomy":"product_brand","embeddable":true,"href":"https:\/\/myspainfood.com\/hu\/wp-json\/wp\/v2\/product_brand?post=62478"},{"taxonomy":"product_cat","embeddable":true,"href":"https:\/\/myspainfood.com\/hu\/wp-json\/wp\/v2\/product_cat?post=62478"},{"taxonomy":"product_tag","embeddable":true,"href":"https:\/\/myspainfood.com\/hu\/wp-json\/wp\/v2\/product_tag?post=62478"}],"curies":[{"name":"wp","href":"https:\/\/api.w.org\/{rel}","templated":true}]}}