{"id":62852,"date":"2025-10-10T12:25:50","date_gmt":"2025-10-10T10:25:50","guid":{"rendered":"https:\/\/myspainfood.com\/producto\/szardiniak-bio-olivaolajban-20-25-db-rias-baixas-115-gr\/"},"modified":"2025-10-10T12:25:50","modified_gmt":"2025-10-10T10:25:50","slug":"szardiniak-bio-olivaolajban-20-25-db-rias-baixas-115-gr","status":"publish","type":"product","link":"https:\/\/myspainfood.com\/hu\/producto\/szardiniak-bio-olivaolajban-20-25-db-rias-baixas-115-gr\/","title":{"rendered":"Szard\u00edni\u00e1k bio ol\u00edvaolajban 20\/25 db Rias Baixas 115 gr"},"content":{"rendered":"<p>Szard\u00edniakonzervjeink illatukkal, intenz\u00edv \u00edz\u00fckkel, ez\u00fcst\u00f6s megjelen\u00e9s\u00fckkel, valamint a konzervdobozban val\u00f3 t\u00f6k\u00e9letes elhelyez\u00e9s\u00fckkel \u00e9s kiszerel\u00e9s\u00fckkel \u00edzletesek. A kiindul\u00f3pont mindig a legjobb, legfrissebb \u00e9s legkisebb szard\u00edni\u00e1k kiv\u00e1laszt\u00e1sa a halpiacr\u00f3l (minden konzervdobozban 12-16 szard\u00ednia tal\u00e1lhat\u00f3). <\/p>\n<p>A Moa\u00f1a (Pontevedra) v\u00e1ros\u00e1ban tal\u00e1lhat\u00f3 gy\u00e1runkban a gy\u00e1rt\u00f3 szem\u00e9lyzet szak\u00e9rt\u0151 kezei elt\u00e1vol\u00edtj\u00e1k a fejet \u00e9s egyenk\u00e9nt kizsigerelik a halakat. Ezut\u00e1n g\u0151zben megs\u00fctj\u00fck \u00e9s gondosan \u00e9s prec\u00edzen csomagoljuk \u0151ket, hogy a lehet\u0151 legszebb megjelen\u00e9st \u00e9rj\u00fck el, amikor kinyitja a konzervdoboz\u00e1t. A hab a tort\u00e1n a <strong>bio extra sz\u0171z ol\u00edvaolaj*<\/strong> hozz\u00e1ad\u00e1sa <strong>.<\/strong> Az eredm\u00e9ny l\u00e1tv\u00e1nyos, \u00e9s most \u00d6n is meggy\u0151z\u0151dhet r\u00f3la.  <\/p>\n<p>Ne feledje, hogy az \u00e9rlel\u00e9si id\u0151, amely n\u00e9h\u00e1ny h\u00f3napt\u00f3l ak\u00e1r t\u00f6bb \u00e9vig is eltarthat, d\u00f6nt\u0151 fontoss\u00e1g\u00fa, mivel a szard\u00ednia \u00edze javul, ahogy az olaj behatol a halba. A konzervdobozok rendszeres forgat\u00e1sa biztos\u00edtja a kiv\u00e1l\u00f3 \u00e9s egyenletes \u00edzt, amely a legig\u00e9nyesebb \u00edzlel\u0151ket is kiel\u00e9g\u00edti. <\/p>\n<p>Az ut\u00f3bbi \u00e9vekben a szard\u00ednia konzerv nagy h\u00edrn\u00e9vre tett szert, mint magas t\u00e1p\u00e9rt\u00e9k\u0171 \u00e9lelmiszer. Mondhatjuk, hogy t\u00e1pl\u00e1lkoz\u00e1si szempontb\u00f3l a szard\u00ednia az arany\u00e9rmes. Magas koncentr\u00e1ci\u00f3ban tartalmaznak B12-vitamint, valamint A-, D-, K- \u00e9s E-vitamint. Emellett fontos feh\u00e9rje-, n\u00e1trium-, foszfor-, j\u00f3d- \u00e9s kalciumforr\u00e1s. Omega-3 zs\u00edrsavban \u00e9s olajsavban gazdagok, mi m\u00e1st is k\u00edv\u00e1nhatn\u00e1nk m\u00e9g?    <\/p>\n","protected":false},"excerpt":{"rendered":"<p>Szard\u00edniakonzervjeink illatukkal, intenz\u00edv \u00edz\u00fckkel, ez\u00fcst\u00f6s megjelen\u00e9s\u00fckkel, valamint a konzervdobozban val\u00f3 t\u00f6k\u00e9letes elhelyez\u00e9s\u00fckkel \u00e9s kiszerel\u00e9s\u00fckkel \u00edzletesek. A kiindul\u00f3pont mindig a legjobb, legfrissebb \u00e9s legkisebb szard\u00edni\u00e1k kiv\u00e1laszt\u00e1sa a halpiacr\u00f3l (minden konzervdobozban 12-16 szard\u00ednia tal\u00e1lhat\u00f3). A Moa\u00f1a (Pontevedra) v\u00e1ros\u00e1ban tal\u00e1lhat\u00f3 gy\u00e1runkban a gy\u00e1rt\u00f3 szem\u00e9lyzet szak\u00e9rt\u0151 kezei elt\u00e1vol\u00edtj\u00e1k a fejet \u00e9s egyenk\u00e9nt kizsigerelik a halakat. Ezut\u00e1n g\u0151zben megs\u00fctj\u00fck \u00e9s [&hellip;]<\/p>\n","protected":false},"featured_media":59419,"template":"","meta":{"_et_pb_use_builder":"","_et_pb_old_content":"","_et_gb_content_width":""},"product_brand":[11014],"product_cat":[1955,3765,11052],"product_tag":[],"class_list":{"0":"post-62852","1":"product","2":"type-product","3":"status-publish","4":"has-post-thumbnail","6":"product_brand-rias-baixas","7":"product_cat-megorzi-a","8":"product_cat-sardinillas-hu","9":"product_cat-uj","11":"first","12":"instock","13":"featured","14":"taxable","15":"shipping-taxable","16":"purchasable","17":"product-type-variable"},"_links":{"self":[{"href":"https:\/\/myspainfood.com\/hu\/wp-json\/wp\/v2\/product\/62852","targetHints":{"allow":["GET"]}}],"collection":[{"href":"https:\/\/myspainfood.com\/hu\/wp-json\/wp\/v2\/product"}],"about":[{"href":"https:\/\/myspainfood.com\/hu\/wp-json\/wp\/v2\/types\/product"}],"wp:featuredmedia":[{"embeddable":true,"href":"https:\/\/myspainfood.com\/hu\/wp-json\/wp\/v2\/media\/59419"}],"wp:attachment":[{"href":"https:\/\/myspainfood.com\/hu\/wp-json\/wp\/v2\/media?parent=62852"}],"wp:term":[{"taxonomy":"product_brand","embeddable":true,"href":"https:\/\/myspainfood.com\/hu\/wp-json\/wp\/v2\/product_brand?post=62852"},{"taxonomy":"product_cat","embeddable":true,"href":"https:\/\/myspainfood.com\/hu\/wp-json\/wp\/v2\/product_cat?post=62852"},{"taxonomy":"product_tag","embeddable":true,"href":"https:\/\/myspainfood.com\/hu\/wp-json\/wp\/v2\/product_tag?post=62852"}],"curies":[{"name":"wp","href":"https:\/\/api.w.org\/{rel}","templated":true}]}}