{"id":62930,"date":"2025-10-10T12:25:49","date_gmt":"2025-10-10T10:25:49","guid":{"rendered":"https:\/\/myspainfood.com\/producto\/kagylo-pacolt-martasban-6-8-darab-bio-olivaolaj-rias-baixas-115-g\/"},"modified":"2025-10-10T12:25:49","modified_gmt":"2025-10-10T10:25:49","slug":"kagylo-pacolt-martasban-6-8-darab-bio-olivaolaj-rias-baixas-115-g","status":"publish","type":"product","link":"https:\/\/myspainfood.com\/hu\/producto\/kagylo-pacolt-martasban-6-8-darab-bio-olivaolaj-rias-baixas-115-g\/","title":{"rendered":"Kagyl\u00f3 p\u00e1colt m\u00e1rt\u00e1sban 6\/8 darab bio ol\u00edvaolaj Rias Baixas 115 g"},"content":{"rendered":"<p>A gal\u00edciai kagyl\u00f3 (mytilus galloprovincialis) m\u00e1r a 21. sz\u00e1zad legfontosabb termesztett faj\u00e1v\u00e1 v\u00e1lt Spanyolorsz\u00e1gban. \u00c9s kell, hogy legyen valami a partjainkr\u00f3l sz\u00e1rmaz\u00f3 kagyl\u00f3kban, amikor m\u00e1r az i. e. 4. sz\u00e1zadban is fogyasztott\u00e1k a Castros lak\u00f3i, ma pedig t\u00f6bb mint 3000 kagyl\u00f3telep sz\u00fcks\u00e9ges a n\u00f6vekv\u0151 piaci kereslet kiel\u00e9g\u00edt\u00e9s\u00e9hez. <\/p>\n<p>A CONSERVAS R\u00cdAS BAIXAS 1907 a kagyl\u00f3kat a legjobb fekv\u00e9s\u0171 kagyl\u00f3telepekr\u0151l v\u00e1lasztja ki, \u00e9s t\u00fcrelmesen kiv\u00e1rja a megfelel\u0151 pillanatot, amikor a kagyl\u00f3 a legjobb \u00e9retts\u00e9gi \u00e1llapotban van. Ink\u00e1bb a k\u00e9szleteket bontjuk meg, minthogy rossz min\u0151s\u00e9g\u0171 \u00edvott kagyl\u00f3t k\u00edn\u00e1ljunk \u00d6nnek. <\/p>\n<p>A kagyl\u00f3kat mos\u00e1s \u00e9s tiszt\u00edt\u00e1s ut\u00e1n g\u0151zben p\u00e1rolj\u00e1k, \u00e9s a szak\u00e1llt \u00f3vatosan elt\u00e1vol\u00edtj\u00e1k, hogy a kagyl\u00f3k ne s\u00e9r\u00fcljenek meg. Ezut\u00e1n j\u00f3 olajban megs\u00fctj\u00fck \u0151ket, majd a megfelel\u0151 m\u00e9ret kiv\u00e1laszt\u00e1sa ut\u00e1n k\u00e9zzel, egyenk\u00e9nt csomagoljuk \u0151ket, hogy amikor kinyitja a konzervdobozt, gy\u00f6ny\u00f6r\u0171 l\u00e1tv\u00e1nyt ny\u00fajtson egyik szt\u00e1rterm\u00e9k\u00fcnk. <\/p>\n<p>A m\u00e1sik titok, amely kagyl\u00f3inkat az egyik leg\u00e9rt\u00e9kesebb\u00e9 teszi a piacon, az escabeche, amelyet gener\u00e1ci\u00f3k \u00f3ta \u00f6r\u00f6k\u00f6lt recept alapj\u00e1n k\u00e9zzel k\u00e9sz\u00edt\u00fcnk. A legjobb min\u0151s\u00e9g\u0171 paprik\u00e1t \u00e9s v\u00f6r\u00f6sborecetet, bio extra sz\u0171z ol\u00edvaolajat* haszn\u00e1lunk, \u00e9s term\u00e9szetes bab\u00e9rlev\u00e9llel eg\u00e9sz\u00edtj\u00fck ki. <\/p>\n<p>\u00c9s mint azt m\u00e1r val\u00f3sz\u00edn\u0171leg \u00d6n is tudja, a gal\u00edciai kagyl\u00f3 kiv\u00e1l\u00f3 min\u0151s\u00e9g\u0171 feh\u00e9rjeforr\u00e1s, t\u00e1p\u00e9rt\u00e9kei hasonl\u00f3ak a hom\u00e1r\u00e9hoz vagy a sz\u00fcrke t\u0151kehal\u00e9hoz. De amellett, hogy feh\u00e9rj\u00e9ben gazdag, kev\u00e9s kal\u00f3ri\u00e1t tartalmaz, \u00e9s gazdag A-vitaminban, B-vitaminban, C-, E- \u00e9s K-vitaminban, valamint \u00e1sv\u00e1nyi anyagokban: kalciumban, r\u00e9zben, foszforban, vasban, magn\u00e9ziumban, mang\u00e1nban, k\u00e1liumban, szel\u00e9nben, n\u00e1triumban, j\u00f3dban \u00e9s cinkben. <\/p>\n","protected":false},"excerpt":{"rendered":"<p>A gal\u00edciai kagyl\u00f3 (mytilus galloprovincialis) m\u00e1r a 21. sz\u00e1zad legfontosabb termesztett faj\u00e1v\u00e1 v\u00e1lt Spanyolorsz\u00e1gban. \u00c9s kell, hogy legyen valami a partjainkr\u00f3l sz\u00e1rmaz\u00f3 kagyl\u00f3kban, amikor m\u00e1r az i. e. 4. sz\u00e1zadban is fogyasztott\u00e1k a Castros lak\u00f3i, ma pedig t\u00f6bb mint 3000 kagyl\u00f3telep sz\u00fcks\u00e9ges a n\u00f6vekv\u0151 piaci kereslet kiel\u00e9g\u00edt\u00e9s\u00e9hez. A CONSERVAS R\u00cdAS BAIXAS 1907 a kagyl\u00f3kat a [&hellip;]<\/p>\n","protected":false},"featured_media":59370,"template":"","meta":{"_et_pb_use_builder":"","_et_pb_old_content":"","_et_gb_content_width":""},"product_brand":[11014],"product_cat":[4062,1955,11052],"product_tag":[],"class_list":{"0":"post-62930","1":"product","2":"type-product","3":"status-publish","4":"has-post-thumbnail","6":"product_brand-rias-baixas","7":"product_cat-kagylo-hu-2","8":"product_cat-megorzi-a","9":"product_cat-uj","11":"first","12":"instock","13":"taxable","14":"shipping-taxable","15":"purchasable","16":"product-type-variable"},"_links":{"self":[{"href":"https:\/\/myspainfood.com\/hu\/wp-json\/wp\/v2\/product\/62930","targetHints":{"allow":["GET"]}}],"collection":[{"href":"https:\/\/myspainfood.com\/hu\/wp-json\/wp\/v2\/product"}],"about":[{"href":"https:\/\/myspainfood.com\/hu\/wp-json\/wp\/v2\/types\/product"}],"wp:featuredmedia":[{"embeddable":true,"href":"https:\/\/myspainfood.com\/hu\/wp-json\/wp\/v2\/media\/59370"}],"wp:attachment":[{"href":"https:\/\/myspainfood.com\/hu\/wp-json\/wp\/v2\/media?parent=62930"}],"wp:term":[{"taxonomy":"product_brand","embeddable":true,"href":"https:\/\/myspainfood.com\/hu\/wp-json\/wp\/v2\/product_brand?post=62930"},{"taxonomy":"product_cat","embeddable":true,"href":"https:\/\/myspainfood.com\/hu\/wp-json\/wp\/v2\/product_cat?post=62930"},{"taxonomy":"product_tag","embeddable":true,"href":"https:\/\/myspainfood.com\/hu\/wp-json\/wp\/v2\/product_tag?post=62930"}],"curies":[{"name":"wp","href":"https:\/\/api.w.org\/{rel}","templated":true}]}}