{"id":62978,"date":"2025-10-10T12:25:49","date_gmt":"2025-10-10T10:25:49","guid":{"rendered":"https:\/\/myspainfood.com\/producto\/finisterre-i-kagylo-bio-olivaolajban-rias-baixas-115-g\/"},"modified":"2025-10-10T12:25:49","modified_gmt":"2025-10-10T10:25:49","slug":"finisterre-i-kagylo-bio-olivaolajban-rias-baixas-115-g","status":"publish","type":"product","link":"https:\/\/myspainfood.com\/hu\/producto\/finisterre-i-kagylo-bio-olivaolajban-rias-baixas-115-g\/","title":{"rendered":"Finisterre-i kagyl\u00f3 bio ol\u00edvaolajban Rias Baixas 115 g"},"content":{"rendered":"<p>A peng\u0151kagyl\u00f3t gy\u00f6ny\u00f6r\u0171 R\u00ed\u00e1ink sz\u00e1mos hely\u00e9n termelik ki, de mind k\u00f6z\u00fcl van egy, ahol a peng\u0151kagyl\u00f3 \u00e9s a hossz\u00fakagyl\u00f3 a legmagasabb min\u0151s\u00e9get \u00e9ri el: Finisterre (Fisterra). \u00c9s mivel ez nem is lehetne m\u00e1sk\u00e9pp, a CONSERVAS R\u00cdAS BAIXAS 1907-n\u00e9l kiz\u00e1r\u00f3lag ezekr\u0151l a paradicsomi strandokr\u00f3l v\u00e1s\u00e1rolunk borotvakagyl\u00f3t, \u00e9s csak olyanokat, amelyeket szabad b\u00fav\u00e1rok fogtak ki egyenk\u00e9nt, hogy biztos\u00edts\u00e1k a term\u00e9szetes k\u00f6rnyezet meg\u0151rz\u00e9s\u00e9t, hogy a j\u00f6v\u0151 gener\u00e1ci\u00f3i is \u00e9lvezhess\u00e9k ezt a finoms\u00e1got. <\/p>\n<p>A friss borotv\u00e1t s\u00f3s v\u00edzben megtiszt\u00edtjuk a marad\u00e9k homok elt\u00e1vol\u00edt\u00e1sa \u00e9rdek\u00e9ben, majd a moa\u0144ai l\u00e9tes\u00edtm\u00e9nyeinkben gondosan csomagoljuk.<\/p>\n<p>\u00c9s b\u00e1r a Finisterre-i borotvakagyl\u00f3 \u00f6nmag\u00e1ban is csemege, mi \u00fagy d\u00f6nt\u00f6tt\u00fcnk, hogy bio extra sz\u0171z ol\u00edvaolajjal* t\u00e1laljuk. Az eredm\u00e9ny l\u00e1tv\u00e1nyos, \u00e9s megh\u00edvjuk \u00d6nt, hogy k\u00f3stolja meg. <\/p>\n<p>Ezenk\u00edv\u00fcl a borotvakagyl\u00f3 nagyon alacsony kal\u00f3ria- \u00e9s lipidtartalm\u00fa. M\u00e1sr\u00e9szt a borotvakagyl\u00f3 gazdag t\u00f6bbsz\u00f6r\u00f6sen tel\u00edtetlen OMEGA 3 zs\u00edrsavakban, ez\u00e9rt fogyaszt\u00e1sa er\u0151sen aj\u00e1nlott. <\/p>\n","protected":false},"excerpt":{"rendered":"<p>A peng\u0151kagyl\u00f3t gy\u00f6ny\u00f6r\u0171 R\u00ed\u00e1ink sz\u00e1mos hely\u00e9n termelik ki, de mind k\u00f6z\u00fcl van egy, ahol a peng\u0151kagyl\u00f3 \u00e9s a hossz\u00fakagyl\u00f3 a legmagasabb min\u0151s\u00e9get \u00e9ri el: Finisterre (Fisterra). \u00c9s mivel ez nem is lehetne m\u00e1sk\u00e9pp, a CONSERVAS R\u00cdAS BAIXAS 1907-n\u00e9l kiz\u00e1r\u00f3lag ezekr\u0151l a paradicsomi strandokr\u00f3l v\u00e1s\u00e1rolunk borotvakagyl\u00f3t, \u00e9s csak olyanokat, amelyeket szabad b\u00fav\u00e1rok fogtak ki egyenk\u00e9nt, hogy [&hellip;]<\/p>\n","protected":false},"featured_media":59297,"template":"","meta":{"_et_pb_use_builder":"","_et_pb_old_content":"","_et_gb_content_width":""},"product_brand":[11014],"product_cat":[7603,1955,11052],"product_tag":[],"class_list":{"0":"post-62978","1":"product","2":"type-product","3":"status-publish","4":"has-post-thumbnail","6":"product_brand-rias-baixas","7":"product_cat-borotvak","8":"product_cat-megorzi-a","9":"product_cat-uj","11":"first","12":"instock","13":"taxable","14":"shipping-taxable","15":"purchasable","16":"product-type-variable"},"_links":{"self":[{"href":"https:\/\/myspainfood.com\/hu\/wp-json\/wp\/v2\/product\/62978","targetHints":{"allow":["GET"]}}],"collection":[{"href":"https:\/\/myspainfood.com\/hu\/wp-json\/wp\/v2\/product"}],"about":[{"href":"https:\/\/myspainfood.com\/hu\/wp-json\/wp\/v2\/types\/product"}],"wp:featuredmedia":[{"embeddable":true,"href":"https:\/\/myspainfood.com\/hu\/wp-json\/wp\/v2\/media\/59297"}],"wp:attachment":[{"href":"https:\/\/myspainfood.com\/hu\/wp-json\/wp\/v2\/media?parent=62978"}],"wp:term":[{"taxonomy":"product_brand","embeddable":true,"href":"https:\/\/myspainfood.com\/hu\/wp-json\/wp\/v2\/product_brand?post=62978"},{"taxonomy":"product_cat","embeddable":true,"href":"https:\/\/myspainfood.com\/hu\/wp-json\/wp\/v2\/product_cat?post=62978"},{"taxonomy":"product_tag","embeddable":true,"href":"https:\/\/myspainfood.com\/hu\/wp-json\/wp\/v2\/product_tag?post=62978"}],"curies":[{"name":"wp","href":"https:\/\/api.w.org\/{rel}","templated":true}]}}