{"id":63135,"date":"2025-10-10T12:25:49","date_gmt":"2025-10-10T10:25:49","guid":{"rendered":"https:\/\/myspainfood.com\/producto\/baba-angolna-bio-olivaolajban-rias-baixas-110-g\/"},"modified":"2026-01-29T11:17:51","modified_gmt":"2026-01-29T10:17:51","slug":"baba-angolna-bio-olivaolajban-rias-baixas-110-g","status":"publish","type":"product","link":"https:\/\/myspainfood.com\/hu\/producto\/baba-angolna-bio-olivaolajban-rias-baixas-110-g\/","title":{"rendered":"Baba angolna bio ol\u00edvaolajban Rias Baixas 110 g"},"content":{"rendered":"<p>Amint azt val\u00f3sz\u00edn\u0171leg tudj\u00e1k, az \u00fcvegangolna az angolna ivad\u00e9ka. Kalandjuk a Sargasso-tengerben, a Karib-tenger k\u00f6zep\u00e9n kezd\u0151dik, ahol az angoln\u00e1k \u00edvnak \u00e9s kikeltetik ikr\u00e1ikat, amelyek a k\u00f6vetkez\u0151 h\u00e1rom \u00e9vben a Golf-\u00e1ramlat ment\u00e9n haladnak, am\u00edg el nem \u00e9rik az eur\u00f3pai foly\u00f3kat. Az \u00fcvegangoln\u00e1k nagy t\u00f6megben gy\u0171lnek \u00f6ssze a foly\u00f3k torkolat\u00e1n\u00e1l, \u00e9s \u00fasznak felfel\u00e9 a foly\u00f3n, am\u00edg kifejlett\u00e9 nem v\u00e1lnak. A legk\u00fcl\u00f6n\u00f6sebb pedig az, hogy minden egyes \u00fcveghangya ugyanabba a foly\u00f3ba \u00e9rkezik, amelyb\u0151l a sz\u00fclei keltek ki. A kifogott egyedek s\u00falya \u00e1ltal\u00e1ban 1 g, \u00e9s alig 8 cm-esek.     <\/p>\n<p>Mag\u00e1t\u00f3l \u00e9rtet\u0151dik, hogy egy ilyen t\u00f6r\u00e9keny \u00e9s \u00e9rt\u00e9kes halat a legnagyobb gondoss\u00e1ggal \u00e9s tapintattal kezelnek a gy\u00e1rba val\u00f3 sz\u00e1ll\u00edt\u00e1s, a f\u0151z\u00e9s \u00e9s a konzerv\u00e1l\u00e1s sor\u00e1n. E finoms\u00e1g hagyom\u00e1nyos receptj\u00e9t k\u00f6vetve, term\u00e9szetes chilipaprik\u00e1val f\u0171szerezve \u00e9s bio extra sz\u0171z ol\u00edvaolajban* f\u00fcrdetve mutatjuk be. <\/p>\n<p>A sok szak\u00e9rt\u0151 sz\u00e1m\u00e1ra verhetetlen \u00edze mellett a tengeri hal nagyon magas t\u00e1p\u00e9rt\u00e9k\u0171 term\u00e9k. Val\u00f3j\u00e1ban ez a legzs\u00edrosabb ismert olajos hal, \u00e9s nagy mennyis\u00e9g\u0171 feh\u00e9rj\u00e9t tartalmaz (16,3 g. 100 g-onk\u00e9nt). Emellett \u00e9rdekes mennyis\u00e9gben tartalmaz n\u00e9h\u00e1ny \u00e1sv\u00e1nyi anyagot, p\u00e9ld\u00e1ul foszfort \u00e9s k\u00e1liumot, ami kedvez a ves\u00e9k eg\u00e9szs\u00e9g\u00e9nek \u00e9s az idegrendszer\u00fcnknek. A legjelent\u0151sebb tulajdons\u00e1ga azonban az A-vitamin igen magas ar\u00e1nya, amely t\u00f6bbek k\u00f6z\u00f6tt a szem\u00fcnk \u00e9s l\u00e1t\u00e1sunk eg\u00e9szs\u00e9g\u00e9t is el\u0151seg\u00edti.   <\/p>\n","protected":false},"excerpt":{"rendered":"<p>Amint azt val\u00f3sz\u00edn\u0171leg tudj\u00e1k, az \u00fcvegangolna az angolna ivad\u00e9ka. Kalandjuk a Sargasso-tengerben, a Karib-tenger k\u00f6zep\u00e9n kezd\u0151dik, ahol az angoln\u00e1k \u00edvnak \u00e9s kikeltetik ikr\u00e1ikat, amelyek a k\u00f6vetkez\u0151 h\u00e1rom \u00e9vben a Golf-\u00e1ramlat ment\u00e9n haladnak, am\u00edg el nem \u00e9rik az eur\u00f3pai foly\u00f3kat. Az \u00fcvegangoln\u00e1k nagy t\u00f6megben gy\u0171lnek \u00f6ssze a foly\u00f3k torkolat\u00e1n\u00e1l, \u00e9s \u00fasznak felfel\u00e9 a foly\u00f3n, am\u00edg kifejlett\u00e9 [&hellip;]<\/p>\n","protected":false},"featured_media":59151,"template":"","meta":{"_et_pb_use_builder":"","_et_pb_old_content":"","_et_gb_content_width":""},"product_brand":[11014],"product_cat":[1955,11052],"product_tag":[],"class_list":{"0":"post-63135","1":"product","2":"type-product","3":"status-publish","4":"has-post-thumbnail","6":"product_brand-rias-baixas","7":"product_cat-megorzi-a","8":"product_cat-uj","10":"first","11":"instock","12":"taxable","13":"shipping-taxable","14":"purchasable","15":"product-type-variable"},"_links":{"self":[{"href":"https:\/\/myspainfood.com\/hu\/wp-json\/wp\/v2\/product\/63135","targetHints":{"allow":["GET"]}}],"collection":[{"href":"https:\/\/myspainfood.com\/hu\/wp-json\/wp\/v2\/product"}],"about":[{"href":"https:\/\/myspainfood.com\/hu\/wp-json\/wp\/v2\/types\/product"}],"wp:featuredmedia":[{"embeddable":true,"href":"https:\/\/myspainfood.com\/hu\/wp-json\/wp\/v2\/media\/59151"}],"wp:attachment":[{"href":"https:\/\/myspainfood.com\/hu\/wp-json\/wp\/v2\/media?parent=63135"}],"wp:term":[{"taxonomy":"product_brand","embeddable":true,"href":"https:\/\/myspainfood.com\/hu\/wp-json\/wp\/v2\/product_brand?post=63135"},{"taxonomy":"product_cat","embeddable":true,"href":"https:\/\/myspainfood.com\/hu\/wp-json\/wp\/v2\/product_cat?post=63135"},{"taxonomy":"product_tag","embeddable":true,"href":"https:\/\/myspainfood.com\/hu\/wp-json\/wp\/v2\/product_tag?post=63135"}],"curies":[{"name":"wp","href":"https:\/\/api.w.org\/{rel}","templated":true}]}}