{"id":63394,"date":"2025-10-10T12:25:48","date_gmt":"2025-10-10T10:25:48","guid":{"rendered":"https:\/\/myspainfood.com\/producto\/la-barraca-natur-borso-390-gr-nyersen\/"},"modified":"2025-10-10T12:25:48","modified_gmt":"2025-10-10T10:25:48","slug":"la-barraca-natur-borso-390-gr-nyersen","status":"publish","type":"product","link":"https:\/\/myspainfood.com\/hu\/producto\/la-barraca-natur-borso-390-gr-nyersen\/","title":{"rendered":"La Barraca nat\u00far bors\u00f3 390 gr nyersen"},"content":{"rendered":"<p>Peas la Barraca<\/p>\n<p>Hozz\u00e1val\u00f3k: Bors\u00f3, v\u00edz, cukor \u00e9s s\u00f3.<\/p>\n","protected":false},"excerpt":{"rendered":"<p>Bors\u00f3 nagyon finom Extra<\/p>\n","protected":false},"featured_media":59003,"template":"","meta":{"_et_pb_use_builder":"","_et_pb_old_content":"","_et_gb_content_width":""},"product_brand":[11011],"product_cat":[1955,11052,3723],"product_tag":[],"class_list":{"0":"post-63394","1":"product","2":"type-product","3":"status-publish","4":"has-post-thumbnail","6":"product_brand-la-barraca","7":"product_cat-megorzi-a","8":"product_cat-uj","9":"product_cat-zoldsegek","11":"first","12":"instock","13":"taxable","14":"shipping-taxable","15":"purchasable","16":"product-type-variable"},"_links":{"self":[{"href":"https:\/\/myspainfood.com\/hu\/wp-json\/wp\/v2\/product\/63394","targetHints":{"allow":["GET"]}}],"collection":[{"href":"https:\/\/myspainfood.com\/hu\/wp-json\/wp\/v2\/product"}],"about":[{"href":"https:\/\/myspainfood.com\/hu\/wp-json\/wp\/v2\/types\/product"}],"wp:featuredmedia":[{"embeddable":true,"href":"https:\/\/myspainfood.com\/hu\/wp-json\/wp\/v2\/media\/59003"}],"wp:attachment":[{"href":"https:\/\/myspainfood.com\/hu\/wp-json\/wp\/v2\/media?parent=63394"}],"wp:term":[{"taxonomy":"product_brand","embeddable":true,"href":"https:\/\/myspainfood.com\/hu\/wp-json\/wp\/v2\/product_brand?post=63394"},{"taxonomy":"product_cat","embeddable":true,"href":"https:\/\/myspainfood.com\/hu\/wp-json\/wp\/v2\/product_cat?post=63394"},{"taxonomy":"product_tag","embeddable":true,"href":"https:\/\/myspainfood.com\/hu\/wp-json\/wp\/v2\/product_tag?post=63394"}],"curies":[{"name":"wp","href":"https:\/\/api.w.org\/{rel}","templated":true}]}}