{"id":17054,"date":"2025-04-10T12:05:09","date_gmt":"2025-04-10T10:05:09","guid":{"rendered":"https:\/\/myspainfood.com\/producto\/partito-obregon\/"},"modified":"2025-05-08T20:44:06","modified_gmt":"2025-05-08T18:44:06","slug":"partito-obregon","status":"publish","type":"product","link":"https:\/\/myspainfood.com\/it\/producto\/partito-obregon\/","title":{"rendered":"Partito Obreg\u00f3n"},"content":{"rendered":"<p>Le olive Chic\u00f3n Lebr\u00f3n sono prodotte, condite e confezionate ad Antequera (Malaga), vengono raccolte a mano e sono rinomate per la loro qualit\u00e0 e il loro sapore incomparabile.<\/p>\n","protected":false},"excerpt":{"rendered":"<p>olive obregon spaccate<\/p>\n","protected":false},"featured_media":7166,"template":"","meta":{"_et_pb_use_builder":"","_et_pb_old_content":"","_et_gb_content_width":""},"product_brand":[1036],"product_cat":[1563,1562],"product_tag":[1618,1619],"class_list":{"0":"post-17054","1":"product","2":"type-product","3":"status-publish","4":"has-post-thumbnail","6":"product_brand-chicon","7":"product_cat-olive","8":"product_cat-sottaceti","9":"product_tag-obregon-it","10":"product_tag-partito","12":"first","13":"outofstock","14":"taxable","15":"shipping-taxable","16":"product-type-variable"},"_links":{"self":[{"href":"https:\/\/myspainfood.com\/it\/wp-json\/wp\/v2\/product\/17054","targetHints":{"allow":["GET"]}}],"collection":[{"href":"https:\/\/myspainfood.com\/it\/wp-json\/wp\/v2\/product"}],"about":[{"href":"https:\/\/myspainfood.com\/it\/wp-json\/wp\/v2\/types\/product"}],"wp:featuredmedia":[{"embeddable":true,"href":"https:\/\/myspainfood.com\/it\/wp-json\/wp\/v2\/media\/7166"}],"wp:attachment":[{"href":"https:\/\/myspainfood.com\/it\/wp-json\/wp\/v2\/media?parent=17054"}],"wp:term":[{"taxonomy":"product_brand","embeddable":true,"href":"https:\/\/myspainfood.com\/it\/wp-json\/wp\/v2\/product_brand?post=17054"},{"taxonomy":"product_cat","embeddable":true,"href":"https:\/\/myspainfood.com\/it\/wp-json\/wp\/v2\/product_cat?post=17054"},{"taxonomy":"product_tag","embeddable":true,"href":"https:\/\/myspainfood.com\/it\/wp-json\/wp\/v2\/product_tag?post=17054"}],"curies":[{"name":"wp","href":"https:\/\/api.w.org\/{rel}","templated":true}]}}